{"id":2890,"date":"2025-07-08T09:38:04","date_gmt":"2025-07-08T07:38:04","guid":{"rendered":"https:\/\/habitataove.com\/?post_type=product&#038;p=2890"},"modified":"2026-01-30T13:18:26","modified_gmt":"2026-01-30T11:18:26","slug":"pack-gastro-ecologico-picual-5-latas-3l","status":"publish","type":"product","link":"https:\/\/habitataove.com\/fr\/tienda\/pack-gastro-ecologico-picual-5-boites-3l\/","title":{"rendered":"Gastro Pack HABITAT AOVE - Vari\u00e9t\u00e9 Picual - 5 bo\u00eetes de 3L"},"content":{"rendered":"<table width=\"448\" cellspacing=\"0\" cellpadding=\"7\">\n<tbody>\n<tr>\n<td colspan=\"2\" valign=\"top\" width=\"432\"><b>Huile d'olive extra vierge biologique<\/b> <b>R\u00e9g\u00e9n\u00e9ratrice<\/b><\/td>\n<\/tr>\n<tr valign=\"top\">\n<td width=\"157\"><b>FORMAT<\/b><\/td>\n<td width=\"261\">5 bo\u00eetes 3 litres<\/td>\n<\/tr>\n<tr valign=\"top\">\n<td width=\"157\"><b>VARI\u00c9T\u00c9<\/b><\/td>\n<td width=\"261\">Picual<\/td>\n<\/tr>\n<tr valign=\"top\">\n<td width=\"157\"><b>PROPRI\u00c9T\u00c9S SENSORIELLES<\/b><\/td>\n<td width=\"261\"><span lang=\"es-ES-u-co-trad\">C'est une huile fruit\u00e9e et aromatique, parfaite pour les salades et les utilisations crues.<\/span><\/td>\n<\/tr>\n<tr valign=\"top\">\n<td width=\"157\"><b>QUALIT\u00c9<\/b><\/td>\n<td width=\"261\">(AOVEE) Certificat de <b>Agriculture r\u00e9g\u00e9n\u00e9ratrice de sols et de paysages de haute qualit\u00e9<\/b><\/td>\n<\/tr>\n<tr valign=\"top\">\n<td width=\"157\"><b>SANT\u00c9<\/b><\/td>\n<td width=\"261\">Pr\u00e9vention des maladies cardiovasculaires, am\u00e9lioration de la fonction digestive et de la constipation, r\u00e9duction des complications chez les patients diab\u00e9tiques, augmentation de la min\u00e9ralisation osseuse, protection contre le stress cellulaire et augmentation de la long\u00e9vit\u00e9.<\/td>\n<\/tr>\n<tr valign=\"top\">\n<td width=\"157\"><b>PROVENANCE\/ORIGINE<\/b><\/td>\n<td width=\"261\">Plateau steppique du sud-est de l'Espagne.<\/td>\n<\/tr>\n<tr valign=\"top\">\n<td width=\"157\"><b>BOTTLING<\/b><\/td>\n<td width=\"261\">Grenade, Espagne<\/td>\n<\/tr>\n<tr valign=\"top\">\n<td width=\"157\"><b>CERTIFICAT<\/b><\/td>\n<td width=\"261\">CAEE \u00c9COLOGIQUE<\/td>\n<\/tr>\n<tr valign=\"top\">\n<td width=\"157\"><b>CONSERVATION<\/b><\/td>\n<td width=\"261\">Conserver \u00e0 l'abri de la lumi\u00e8re et de la chaleur. Conserver dans un endroit frais et sec.<\/td>\n<\/tr>\n<tr valign=\"top\">\n<td width=\"157\"><b>CONSOMMATION PR\u00c9F\u00c9RENTIELLE<\/b><\/td>\n<td width=\"261\">18 mois \u00e0 compter de la date d'emballage<\/td>\n<\/tr>\n<tr valign=\"top\">\n<td width=\"157\"><b>MAT\u00c9RIAU<\/b><\/td>\n<td width=\"261\">Fer-blanc<\/td>\n<\/tr>\n<tr valign=\"top\">\n<td width=\"157\"><b>MESURES<\/b><\/td>\n<td width=\"261\">147 x 90 mm. h 260 mm<\/td>\n<\/tr>\n<tr valign=\"top\">\n<td width=\"157\"><b>POIDS<\/b><\/td>\n<td width=\"261\">3.285 gr.<\/td>\n<\/tr>\n<\/tbody>\n<\/table>\n<p>&nbsp;<\/p>\n<p><b>INGREDIENTS<\/b>:<\/p>\n<p>Huile d'olive extra vierge biologique 100%<\/p>\n<table width=\"411\" cellspacing=\"0\" cellpadding=\"7\">\n<tbody>\n<tr>\n<td colspan=\"2\" valign=\"top\" width=\"397\"><b>SENSORIEL :<\/b><\/td>\n<\/tr>\n<tr valign=\"top\">\n<td width=\"148\">Couleur<\/td>\n<td width=\"234\">Couleur vert vif<\/td>\n<\/tr>\n<tr valign=\"top\">\n<td width=\"148\">Le go\u00fbt<\/td>\n<td width=\"234\">Nuances fruit\u00e9es appr\u00e9ciables, pas de mauvais go\u00fbt.<\/td>\n<\/tr>\n<tr valign=\"top\">\n<td width=\"148\">Odeur<\/td>\n<td width=\"234\">nuances aromatiques appr\u00e9ciables, pas d'odeurs \u00e9trang\u00e8res<\/td>\n<\/tr>\n<\/tbody>\n<\/table>\n<table width=\"408\" cellspacing=\"0\" cellpadding=\"7\">\n<tbody>\n<tr>\n<td colspan=\"2\" valign=\"top\" width=\"394\"><b>LES CARACT\u00c9RISTIQUES PHYSICO-CHIMIQUES :<\/b><\/p>\n<p><b>(R\u00e8glement CE 1989\/2003)<\/b><\/td>\n<\/tr>\n<tr valign=\"top\">\n<td width=\"285\">Acidit\u00e9 (% Acide ol\u00e9ique)<\/td>\n<td width=\"95\">&lt; 0.8<\/td>\n<\/tr>\n<tr valign=\"top\">\n<td width=\"285\">Peroxydes (meq O2\/Kg)<\/td>\n<td width=\"95\">&lt; 20<\/td>\n<\/tr>\n<tr valign=\"top\">\n<td width=\"285\">K232<\/td>\n<td width=\"95\">&lt; 2.50<\/td>\n<\/tr>\n<tr valign=\"top\">\n<td width=\"285\">K270<\/td>\n<td width=\"95\">&lt; 0.22<\/td>\n<\/tr>\n<tr valign=\"top\">\n<td width=\"285\"><span style=\"font-family: CIDFont+F1, serif;\"><span style=\"font-size: small;\">\u0394<\/span><\/span>K<\/td>\n<td width=\"95\">&lt;0.01<\/td>\n<\/tr>\n<tr valign=\"top\">\n<td width=\"285\">Cires (mg\/kg)<\/td>\n<td width=\"95\">&lt; 250<\/td>\n<\/tr>\n<\/tbody>\n<\/table>\n<p>&nbsp;<\/p>\n<table width=\"409\" cellspacing=\"0\" cellpadding=\"7\">\n<tbody>\n<tr>\n<td colspan=\"2\" valign=\"top\" width=\"395\"><b>COMPOSITION QUALITATIVE :<\/b><\/td>\n<\/tr>\n<tr valign=\"top\">\n<td width=\"285\"><b>Fraction saponifiable <\/b><\/td>\n<td width=\"95\"><b>98,5 - 99,5%<\/b><\/td>\n<\/tr>\n<tr valign=\"top\">\n<td width=\"285\"><b>Fraction insaponifiable<\/b><\/td>\n<td width=\"95\"><b>0,5 - 1,5%<\/b><\/td>\n<\/tr>\n<\/tbody>\n<\/table>\n<p>&nbsp;<\/p>","protected":false},"excerpt":{"rendered":"<h3 data-start=\"171\" data-end=\"243\">Gastro Pack HABITAT AOVE - Vari\u00e9t\u00e9 Picual - 5 bo\u00eetes de 3L<\/h3>\n<p data-start=\"245\" data-end=\"487\">D\u00e9couvrez nos <strong data-start=\"262\" data-end=\"316\">Gastro Pack d'huile d'olive extra vierge (EVOO)<\/strong>fabriqu\u00e9s \u00e0 partir d'oliviers cultiv\u00e9s selon les principes de l'agriculture biologique. <strong data-start=\"369\" data-end=\"409\">l'agriculture biologique et r\u00e9g\u00e9n\u00e9ratrice<\/strong>qui s'engage en faveur de la sant\u00e9 des sols, de la biodiversit\u00e9 et de l'authenticit\u00e9 des go\u00fbts.<\/p>\n<p data-start=\"489\" data-end=\"699\">Ce pack comprend <strong data-start=\"507\" data-end=\"530\">5 bo\u00eetes de 3 000 ml<\/strong> (15 litres au total), id\u00e9al pour les cuisines professionnelles, la restauration ou les amateurs de bonnes huiles qui privil\u00e9gient la qualit\u00e9 et l'impact positif sur l'environnement.<\/p>\n<p data-start=\"489\" data-end=\"699\">\ud83d\udd38 <strong data-start=\"704\" data-end=\"734\">100% Certifi\u00e9 vert<\/strong><br data-start=\"734\" data-end=\"737\" \/>\ud83d\udd38 <strong data-start=\"704\" data-end=\"734\">100% Certified Regenerative<\/strong>nous promouvons les sols vivants et l'agriculture durable<br data-start=\"804\" data-end=\"807\" \/>\ud83d\udd38 <strong data-start=\"810\" data-end=\"833\">Vari\u00e9t\u00e9s s\u00e9lectionn\u00e9es<\/strong>r\u00e9colte pr\u00e9coce et extraction \u00e0 froid<br data-start=\"876\" data-end=\"879\" \/>\ud83d\udd38 <strong data-start=\"882\" data-end=\"903\">Un go\u00fbt \u00e9quilibr\u00e9<\/strong>: moyennement fruit\u00e9 avec des notes vertes et un l\u00e9ger piquant<br data-start=\"949\" data-end=\"952\" \/>\ud83d\udd38 <strong data-start=\"955\" data-end=\"972\">Format id\u00e9al<\/strong>Les bo\u00eetes de conserve : r\u00e9sistantes et recyclables, parfaites pour pr\u00e9server la saveur et l'ar\u00f4me.<\/p>","protected":false},"featured_media":3624,"template":"","meta":[],"product_brand":[],"product_cat":[207],"product_tag":[268],"class_list":{"0":"post-2890","1":"product","2":"type-product","3":"status-publish","4":"has-post-thumbnail","6":"product_cat-picual","7":"product_tag-pack","9":"first","10":"instock","11":"featured","12":"taxable","13":"shipping-taxable","14":"purchasable","15":"product-type-simple"},"yoast_head":"<!-- This site is optimized with the Yoast SEO Premium plugin v25.7.1 (Yoast SEO v26.8) - https:\/\/yoast.com\/product\/yoast-seo-premium-wordpress\/ -->\n<title>Pack Gastro Restaurantes | Aceite Premium Ecol\u00f3gico de Agricultura Regenerativa<\/title>\n<meta name=\"robots\" content=\"index, follow, max-snippet:-1, max-image-preview:large, max-video-preview:-1\" \/>\n<link rel=\"canonical\" href=\"https:\/\/habitataove.com\/fr\/tienda\/pack-gastro-ecologico-picual-5-boites-3l\/\" \/>\n<meta property=\"og:locale\" content=\"fr_FR\" \/>\n<meta property=\"og:type\" content=\"article\" \/>\n<meta property=\"og:title\" content=\"Pack Gastro HABITAT AOVE - Variedad Picual - 5 Latas de 3L\" \/>\n<meta property=\"og:description\" content=\"Pack Gastro HABITAT AOVE - Variedad Picual - 5 Latas de 3L Descubre nuestro Pack Gastro de Aceite de Oliva Virgen Extra (AOVE), elaborado con olivos cultivados bajo principios de agricultura ecol\u00f3gica y regenerativa, comprometidos con la salud del suelo, la biodiversidad y el sabor aut\u00e9ntico. Este pack incluye 5 latas de 3.000 ml cada una (15 litros en total), ideal para cocinas profesionales, hosteler\u00eda o amantes del buen aceite que valoran la calidad y el impacto positivo en el medio ambiente. \ud83d\udd38 100% Ecol\u00f3gico certificado\ud83d\udd38 100% Regenerativo certificado: fomentamos suelos vivos y cultivos sostenibles\ud83d\udd38 Variedades selectas: recolecci\u00f3n temprana y extracci\u00f3n en fr\u00edo\ud83d\udd38 Sabor equilibrado: frutado medio con notas verdes y picor suave\ud83d\udd38 Formato ideal: latas resistentes y reciclables, perfectas para preservar el sabor y aroma\" \/>\n<meta property=\"og:url\" content=\"https:\/\/habitataove.com\/fr\/tienda\/pack-gastro-ecologico-picual-5-boites-3l\/\" \/>\n<meta property=\"og:site_name\" content=\"Habitat Aove\" \/>\n<meta property=\"article:publisher\" content=\"https:\/\/www.facebook.com\/habitataove\" \/>\n<meta property=\"article:modified_time\" content=\"2026-01-30T11:18:26+00:00\" \/>\n<meta property=\"og:image\" content=\"https:\/\/habitataove.com\/wp-content\/uploads\/2025\/07\/pack-gastro-5latas-3l.jpg\" \/>\n\t<meta property=\"og:image:width\" content=\"1400\" \/>\n\t<meta property=\"og:image:height\" content=\"1400\" \/>\n\t<meta property=\"og:image:type\" content=\"image\/jpeg\" \/>\n<meta name=\"twitter:card\" content=\"summary_large_image\" \/>\n<meta name=\"twitter:label1\" content=\"Dur\u00e9e de lecture estim\u00e9e\" \/>\n\t<meta name=\"twitter:data1\" content=\"2 minutes\" \/>\n<script type=\"application\/ld+json\" class=\"yoast-schema-graph\">{\"@context\":\"https:\/\/schema.org\",\"@graph\":[{\"@type\":\"WebPage\",\"@id\":\"https:\/\/habitataove.com\/tienda\/pack-gastro-ecologico-picual-5-latas-3l\/\",\"url\":\"https:\/\/habitataove.com\/tienda\/pack-gastro-ecologico-picual-5-latas-3l\/\",\"name\":\"Pack Gastro Restaurantes | Aceite Premium Ecol\u00f3gico de Agricultura Regenerativa\",\"isPartOf\":{\"@id\":\"https:\/\/habitataove.com\/#website\"},\"primaryImageOfPage\":{\"@id\":\"https:\/\/habitataove.com\/tienda\/pack-gastro-ecologico-picual-5-latas-3l\/#primaryimage\"},\"image\":{\"@id\":\"https:\/\/habitataove.com\/tienda\/pack-gastro-ecologico-picual-5-latas-3l\/#primaryimage\"},\"thumbnailUrl\":\"https:\/\/habitataove.com\/wp-content\/uploads\/2025\/07\/pack-gastro-5latas-3l.jpg\",\"datePublished\":\"2025-07-08T07:38:04+00:00\",\"dateModified\":\"2026-01-30T11:18:26+00:00\",\"breadcrumb\":{\"@id\":\"https:\/\/habitataove.com\/tienda\/pack-gastro-ecologico-picual-5-latas-3l\/#breadcrumb\"},\"inLanguage\":\"fr-FR\",\"potentialAction\":[{\"@type\":\"ReadAction\",\"target\":[\"https:\/\/habitataove.com\/tienda\/pack-gastro-ecologico-picual-5-latas-3l\/\"]}]},{\"@type\":\"ImageObject\",\"inLanguage\":\"fr-FR\",\"@id\":\"https:\/\/habitataove.com\/tienda\/pack-gastro-ecologico-picual-5-latas-3l\/#primaryimage\",\"url\":\"https:\/\/habitataove.com\/wp-content\/uploads\/2025\/07\/pack-gastro-5latas-3l.jpg\",\"contentUrl\":\"https:\/\/habitataove.com\/wp-content\/uploads\/2025\/07\/pack-gastro-5latas-3l.jpg\",\"width\":1400,\"height\":1400},{\"@type\":\"BreadcrumbList\",\"@id\":\"https:\/\/habitataove.com\/tienda\/pack-gastro-ecologico-picual-5-latas-3l\/#breadcrumb\",\"itemListElement\":[{\"@type\":\"ListItem\",\"position\":1,\"name\":\"Portada\",\"item\":\"https:\/\/habitataove.com\/\"},{\"@type\":\"ListItem\",\"position\":2,\"name\":\"Tienda\",\"item\":\"https:\/\/habitataove.com\/tienda\/\"},{\"@type\":\"ListItem\",\"position\":3,\"name\":\"Pack Gastro HABITAT AOVE &#8211; Variedad Picual &#8211; 5 Latas de 3L\"}]},{\"@type\":\"WebSite\",\"@id\":\"https:\/\/habitataove.com\/#website\",\"url\":\"https:\/\/habitataove.com\/\",\"name\":\"Habitat Aove Aceite procedente de agricultura Ecol\u00f3gica Regenerativa\",\"description\":\"Aceite de Oliva Virgen Extra Ecol\u00f3gico\",\"publisher\":{\"@id\":\"https:\/\/habitataove.com\/#organization\"},\"alternateName\":\"Habitat Aove Aceite\",\"potentialAction\":[{\"@type\":\"SearchAction\",\"target\":{\"@type\":\"EntryPoint\",\"urlTemplate\":\"https:\/\/habitataove.com\/?s={search_term_string}\"},\"query-input\":{\"@type\":\"PropertyValueSpecification\",\"valueRequired\":true,\"valueName\":\"search_term_string\"}}],\"inLanguage\":\"fr-FR\"},{\"@type\":\"Organization\",\"@id\":\"https:\/\/habitataove.com\/#organization\",\"name\":\"HABITAT AOVE S.D.A.D COOP. ANDALUZA\",\"alternateName\":\"HABITAT AOVE\",\"url\":\"https:\/\/habitataove.com\/\",\"logo\":{\"@type\":\"ImageObject\",\"inLanguage\":\"fr-FR\",\"@id\":\"https:\/\/habitataove.com\/#\/schema\/logo\/image\/\",\"url\":\"https:\/\/habitataove.com\/wp-content\/uploads\/2025\/06\/cropped-Verde.png\",\"contentUrl\":\"https:\/\/habitataove.com\/wp-content\/uploads\/2025\/06\/cropped-Verde.png\",\"width\":1333,\"height\":927,\"caption\":\"HABITAT AOVE S.D.A.D COOP. ANDALUZA\"},\"image\":{\"@id\":\"https:\/\/habitataove.com\/#\/schema\/logo\/image\/\"},\"sameAs\":[\"https:\/\/www.facebook.com\/habitataove\",\"https:\/\/www.instagram.com\/habitataove\/\"],\"description\":\"HABITAT es una cooperativa de peque\u00f1os productores de aceite que nace en el a\u00f1o 2019. Nace como un proyecto local dedicado al fomento de la agricultura ecol\u00f3gica regenerativa, para salvaguardar nuestro patrimonio natural, hist\u00f3rico y social. Uniendo los esfuerzos de los agricultores del territorio a trav\u00e9s de una Cooperativa de Aceite de Oliva Virgen Extra Ecol\u00f3gico.\",\"email\":\"sales@habitataove.com\",\"telephone\":\"+34 722 40 48 97\",\"legalName\":\"HABITAT AOVE S.D.A.D COOP. ANDALUZA\",\"foundingDate\":\"2019-01-01\",\"vatID\":\"F02739571\"}]}<\/script>\n<!-- \/ Yoast SEO Premium plugin. -->","yoast_head_json":{"title":"Gastro Restaurants Pack : Huile biologique de premi\u00e8re qualit\u00e9 issue de l'agriculture r\u00e9g\u00e9n\u00e9ratrice","robots":{"index":"index","follow":"follow","max-snippet":"max-snippet:-1","max-image-preview":"max-image-preview:large","max-video-preview":"max-video-preview:-1"},"canonical":"https:\/\/habitataove.com\/fr\/tienda\/pack-gastro-ecologico-picual-5-boites-3l\/","og_locale":"fr_FR","og_type":"article","og_title":"Pack Gastro HABITAT AOVE - Variedad Picual - 5 Latas de 3L","og_description":"Pack Gastro HABITAT AOVE - Variedad Picual - 5 Latas de 3L Descubre nuestro Pack Gastro de Aceite de Oliva Virgen Extra (AOVE), elaborado con olivos cultivados bajo principios de agricultura ecol\u00f3gica y regenerativa, comprometidos con la salud del suelo, la biodiversidad y el sabor aut\u00e9ntico. Este pack incluye 5 latas de 3.000 ml cada una (15 litros en total), ideal para cocinas profesionales, hosteler\u00eda o amantes del buen aceite que valoran la calidad y el impacto positivo en el medio ambiente. \ud83d\udd38 100% Ecol\u00f3gico certificado\ud83d\udd38 100% Regenerativo certificado: fomentamos suelos vivos y cultivos sostenibles\ud83d\udd38 Variedades selectas: recolecci\u00f3n temprana y extracci\u00f3n en fr\u00edo\ud83d\udd38 Sabor equilibrado: frutado medio con notas verdes y picor suave\ud83d\udd38 Formato ideal: latas resistentes y reciclables, perfectas para preservar el sabor y aroma","og_url":"https:\/\/habitataove.com\/fr\/tienda\/pack-gastro-ecologico-picual-5-boites-3l\/","og_site_name":"Habitat Aove","article_publisher":"https:\/\/www.facebook.com\/habitataove","article_modified_time":"2026-01-30T11:18:26+00:00","og_image":[{"width":1400,"height":1400,"url":"https:\/\/habitataove.com\/wp-content\/uploads\/2025\/07\/pack-gastro-5latas-3l.jpg","type":"image\/jpeg"}],"twitter_card":"summary_large_image","twitter_misc":{"Dur\u00e9e de lecture estim\u00e9e":"2 minutes"},"schema":{"@context":"https:\/\/schema.org","@graph":[{"@type":"WebPage","@id":"https:\/\/habitataove.com\/tienda\/pack-gastro-ecologico-picual-5-latas-3l\/","url":"https:\/\/habitataove.com\/tienda\/pack-gastro-ecologico-picual-5-latas-3l\/","name":"Gastro Restaurants Pack : Huile biologique de premi\u00e8re qualit\u00e9 issue de l'agriculture r\u00e9g\u00e9n\u00e9ratrice","isPartOf":{"@id":"https:\/\/habitataove.com\/#website"},"primaryImageOfPage":{"@id":"https:\/\/habitataove.com\/tienda\/pack-gastro-ecologico-picual-5-latas-3l\/#primaryimage"},"image":{"@id":"https:\/\/habitataove.com\/tienda\/pack-gastro-ecologico-picual-5-latas-3l\/#primaryimage"},"thumbnailUrl":"https:\/\/habitataove.com\/wp-content\/uploads\/2025\/07\/pack-gastro-5latas-3l.jpg","datePublished":"2025-07-08T07:38:04+00:00","dateModified":"2026-01-30T11:18:26+00:00","breadcrumb":{"@id":"https:\/\/habitataove.com\/tienda\/pack-gastro-ecologico-picual-5-latas-3l\/#breadcrumb"},"inLanguage":"fr-FR","potentialAction":[{"@type":"ReadAction","target":["https:\/\/habitataove.com\/tienda\/pack-gastro-ecologico-picual-5-latas-3l\/"]}]},{"@type":"ImageObject","inLanguage":"fr-FR","@id":"https:\/\/habitataove.com\/tienda\/pack-gastro-ecologico-picual-5-latas-3l\/#primaryimage","url":"https:\/\/habitataove.com\/wp-content\/uploads\/2025\/07\/pack-gastro-5latas-3l.jpg","contentUrl":"https:\/\/habitataove.com\/wp-content\/uploads\/2025\/07\/pack-gastro-5latas-3l.jpg","width":1400,"height":1400},{"@type":"BreadcrumbList","@id":"https:\/\/habitataove.com\/tienda\/pack-gastro-ecologico-picual-5-latas-3l\/#breadcrumb","itemListElement":[{"@type":"ListItem","position":1,"name":"Portada","item":"https:\/\/habitataove.com\/"},{"@type":"ListItem","position":2,"name":"Tienda","item":"https:\/\/habitataove.com\/tienda\/"},{"@type":"ListItem","position":3,"name":"Pack Gastro HABITAT AOVE &#8211; Variedad Picual &#8211; 5 Latas de 3L"}]},{"@type":"WebSite","@id":"https:\/\/habitataove.com\/#website","url":"https:\/\/habitataove.com\/","name":"Huile d'Aove Habitat issue de l'agriculture biologique r\u00e9g\u00e9n\u00e9ratrice","description":"Huile d'olive extra vierge biologique","publisher":{"@id":"https:\/\/habitataove.com\/#organization"},"alternateName":"Habitat Aove Aceite","potentialAction":[{"@type":"SearchAction","target":{"@type":"EntryPoint","urlTemplate":"https:\/\/habitataove.com\/?s={search_term_string}"},"query-input":{"@type":"PropertyValueSpecification","valueRequired":true,"valueName":"search_term_string"}}],"inLanguage":"fr-FR"},{"@type":"Organization","@id":"https:\/\/habitataove.com\/#organization","name":"HABITAT AOVE S.D.A.D COOP. ANDALOUSIEN","alternateName":"HABITAT AOVE","url":"https:\/\/habitataove.com\/","logo":{"@type":"ImageObject","inLanguage":"fr-FR","@id":"https:\/\/habitataove.com\/#\/schema\/logo\/image\/","url":"https:\/\/habitataove.com\/wp-content\/uploads\/2025\/06\/cropped-Verde.png","contentUrl":"https:\/\/habitataove.com\/wp-content\/uploads\/2025\/06\/cropped-Verde.png","width":1333,"height":927,"caption":"HABITAT AOVE S.D.A.D COOP. ANDALUZA"},"image":{"@id":"https:\/\/habitataove.com\/#\/schema\/logo\/image\/"},"sameAs":["https:\/\/www.facebook.com\/habitataove","https:\/\/www.instagram.com\/habitataove\/"],"description":"HABITAT est une coop\u00e9rative de petits producteurs d'huile qui a \u00e9t\u00e9 fond\u00e9e en 2019. Elle est n\u00e9e comme un projet local d\u00e9di\u00e9 \u00e0 la promotion de l'agriculture biologique r\u00e9g\u00e9n\u00e9ratrice, pour sauvegarder notre patrimoine naturel, historique et social. Joindre les efforts des agriculteurs du territoire \u00e0 travers une Coop\u00e9rative d'huile d'olive extra vierge biologique.","email":"sales@habitataove.com","telephone":"+34 722 40 48 97","legalName":"HABITAT AOVE S.D.A.D COOP. ANDALUZA","foundingDate":"2019-01-01","vatID":"F02739571"}]}},"_links":{"self":[{"href":"https:\/\/habitataove.com\/fr\/wp-json\/wp\/v2\/product\/2890","targetHints":{"allow":["GET"]}}],"collection":[{"href":"https:\/\/habitataove.com\/fr\/wp-json\/wp\/v2\/product"}],"about":[{"href":"https:\/\/habitataove.com\/fr\/wp-json\/wp\/v2\/types\/product"}],"wp:featuredmedia":[{"embeddable":true,"href":"https:\/\/habitataove.com\/fr\/wp-json\/wp\/v2\/media\/3624"}],"wp:attachment":[{"href":"https:\/\/habitataove.com\/fr\/wp-json\/wp\/v2\/media?parent=2890"}],"wp:term":[{"taxonomy":"product_brand","embeddable":true,"href":"https:\/\/habitataove.com\/fr\/wp-json\/wp\/v2\/product_brand?post=2890"},{"taxonomy":"product_cat","embeddable":true,"href":"https:\/\/habitataove.com\/fr\/wp-json\/wp\/v2\/product_cat?post=2890"},{"taxonomy":"product_tag","embeddable":true,"href":"https:\/\/habitataove.com\/fr\/wp-json\/wp\/v2\/product_tag?post=2890"}],"curies":[{"name":"wp","href":"https:\/\/api.w.org\/{rel}","templated":true}]}}