{"id":1221,"date":"2022-05-05T11:22:28","date_gmt":"2022-05-05T11:22:28","guid":{"rendered":"https:\/\/habitataove.com\/?post_type=product&#038;p=1221"},"modified":"2026-01-30T13:20:31","modified_gmt":"2026-01-30T11:20:31","slug":"aceite-regenerativo-picual-500ml","status":"publish","type":"product","link":"https:\/\/habitataove.com\/fr\/tienda\/huile-regeneratrice-picual-500ml\/","title":{"rendered":"Bio - Picual - Bo\u00eete 500ml"},"content":{"rendered":"<table width=\"448\" cellspacing=\"0\" cellpadding=\"7\">\n<tbody>\n<tr>\n<td colspan=\"2\" valign=\"top\" width=\"432\"><b>Huile d'olive extra vierge biologique<\/b> <b>(AOVEE ) <\/b><\/td>\n<\/tr>\n<tr valign=\"top\">\n<td width=\"157\"><b>FORMAT<\/b><\/td>\n<td width=\"261\">Bidon 500 ml<\/td>\n<\/tr>\n<tr valign=\"top\">\n<td width=\"157\"><b>VARI\u00c9T\u00c9<\/b><\/td>\n<td width=\"261\">Picual<\/td>\n<\/tr>\n<tr valign=\"top\">\n<td width=\"157\"><b>PROPRI\u00c9T\u00c9S SENSORIELLES<\/b><\/td>\n<td width=\"261\"><span lang=\"es-ES-u-co-trad\">C'est une huile fruit\u00e9e et aromatique, parfaite pour les salades et les utilisations crues.<\/span><\/td>\n<\/tr>\n<tr valign=\"top\">\n<td width=\"157\"><b>QUALIT\u00c9<\/b><\/td>\n<td width=\"261\">(AOVEE) Certificat de <b>Agriculture r\u00e9g\u00e9n\u00e9ratrice de sols et de paysages de haute qualit\u00e9<\/b><\/td>\n<\/tr>\n<tr valign=\"top\">\n<td width=\"157\"><b>SANT\u00c9<\/b><\/td>\n<td width=\"261\">Pr\u00e9vention des maladies cardiovasculaires, am\u00e9lioration de la fonction digestive et de la constipation, r\u00e9duction des complications chez les patients diab\u00e9tiques, augmentation de la min\u00e9ralisation osseuse, protection contre le stress cellulaire et augmentation de la long\u00e9vit\u00e9.<\/td>\n<\/tr>\n<tr valign=\"top\">\n<td width=\"157\"><b>PROVENANCE\/ORIGINE<\/b><\/td>\n<td width=\"261\">Plateau steppique du sud-est de l'Espagne.<\/td>\n<\/tr>\n<tr valign=\"top\">\n<td width=\"157\"><b>BOTTLING<\/b><\/td>\n<td width=\"261\">Grenade, Espagne<\/td>\n<\/tr>\n<tr valign=\"top\">\n<td width=\"157\"><b>CERTIFICAT<\/b><\/td>\n<td width=\"261\">CAEE \u00c9COLOGIQUE<\/td>\n<\/tr>\n<tr valign=\"top\">\n<td width=\"157\"><b>CONSERVATION<\/b><\/td>\n<td width=\"261\">Conserver \u00e0 l'abri de la lumi\u00e8re et de la chaleur. Conserver dans un endroit frais et sec.<\/td>\n<\/tr>\n<tr valign=\"top\">\n<td width=\"157\"><b>CONSOMMATION PR\u00c9F\u00c9RENTIELLE<\/b><\/td>\n<td width=\"261\">18 mois \u00e0 compter de la date d'emballage<\/td>\n<\/tr>\n<tr valign=\"top\">\n<td width=\"157\"><b>MAT\u00c9RIAU<\/b><\/td>\n<td width=\"261\">Fer-blanc<\/td>\n<\/tr>\n<tr valign=\"top\">\n<td width=\"157\"><b>MESURES<\/b><\/td>\n<td width=\"261\">76 x 49 mm. 159 mm<\/td>\n<\/tr>\n<tr valign=\"top\">\n<td width=\"157\"><b>POIDS<\/b><\/td>\n<td width=\"261\">570 gr.<\/td>\n<\/tr>\n<\/tbody>\n<\/table>\n<p>&nbsp;<\/p>\n<p><b>INGREDIENTS<\/b>:<\/p>\n<p>Huile d'olive extra vierge biologique 100%<\/p>\n<table width=\"411\" cellspacing=\"0\" cellpadding=\"7\">\n<tbody>\n<tr>\n<td colspan=\"2\" valign=\"top\" width=\"397\"><b>SENSORIEL :<\/b><\/td>\n<\/tr>\n<tr valign=\"top\">\n<td width=\"148\">Couleur<\/td>\n<td width=\"234\">Couleur vert vif<\/td>\n<\/tr>\n<tr valign=\"top\">\n<td width=\"148\">Le go\u00fbt<\/td>\n<td width=\"234\">Nuances fruit\u00e9es appr\u00e9ciables, pas de mauvais go\u00fbt.<\/td>\n<\/tr>\n<tr valign=\"top\">\n<td width=\"148\">Odeur<\/td>\n<td width=\"234\">nuances aromatiques appr\u00e9ciables, pas d'odeurs \u00e9trang\u00e8res<\/td>\n<\/tr>\n<\/tbody>\n<\/table>\n<table width=\"408\" cellspacing=\"0\" cellpadding=\"7\">\n<tbody>\n<tr>\n<td colspan=\"2\" valign=\"top\" width=\"394\"><b>LES CARACT\u00c9RISTIQUES PHYSICO-CHIMIQUES :<\/b><\/p>\n<p><b>(R\u00e8glement CE 1989\/2003)<\/b><\/td>\n<\/tr>\n<tr valign=\"top\">\n<td width=\"285\">Acidit\u00e9 (% Acide ol\u00e9ique)<\/td>\n<td width=\"95\">&lt; 0.8<\/td>\n<\/tr>\n<tr valign=\"top\">\n<td width=\"285\">Peroxydes (meq O2\/Kg)<\/td>\n<td width=\"95\">&lt; 20<\/td>\n<\/tr>\n<tr valign=\"top\">\n<td width=\"285\">K232<\/td>\n<td width=\"95\">&lt; 2.50<\/td>\n<\/tr>\n<tr valign=\"top\">\n<td width=\"285\">K270<\/td>\n<td width=\"95\">&lt; 0.22<\/td>\n<\/tr>\n<tr valign=\"top\">\n<td width=\"285\"><span style=\"font-family: CIDFont+F1, serif;\"><span style=\"font-size: small;\">\u0394<\/span><\/span>K<\/td>\n<td width=\"95\">&lt;0.01<\/td>\n<\/tr>\n<tr valign=\"top\">\n<td width=\"285\">Cires (mg\/kg)<\/td>\n<td width=\"95\">&lt; 250<\/td>\n<\/tr>\n<\/tbody>\n<\/table>\n<p>&nbsp;<\/p>\n<table width=\"409\" cellspacing=\"0\" cellpadding=\"7\">\n<tbody>\n<tr>\n<td colspan=\"2\" valign=\"top\" width=\"395\"><b>COMPOSITION QUALITATIVE :<\/b><\/td>\n<\/tr>\n<tr valign=\"top\">\n<td width=\"285\"><b>Fraction saponifiable <\/b><\/td>\n<td width=\"95\"><b>98,5 - 99,5%<\/b><\/td>\n<\/tr>\n<tr valign=\"top\">\n<td width=\"285\"><b>Fraction insaponifiable<\/b><\/td>\n<td width=\"95\"><b>0,5 - 1,5%<\/b><\/td>\n<\/tr>\n<\/tbody>\n<\/table>\n<p>&nbsp;<\/p>","protected":false},"excerpt":{"rendered":"<p><strong>Format<\/strong>Bo\u00eete de 500 ml<\/p>\n<p>Petite par la taille, grande par l'engagement. Notre <strong data-start=\"316\" data-end=\"365\">500 ml d'huile d'olive biologique r\u00e9g\u00e9n\u00e9ratrice en bo\u00eete<\/strong> est parfait pour ceux qui recherchent un format pratique, r\u00e9sistant et facile \u00e0 stocker, sans sacrifier la qualit\u00e9 ou le respect de la terre.<\/p>\n<p data-start=\"932\" data-end=\"955\">\ud83e\udd44 <strong data-start=\"935\" data-end=\"954\">Utilisations culinaires<\/strong>:<\/p>\n<ul data-start=\"956\" data-end=\"1270\">\n<li data-start=\"956\" data-end=\"1021\">\n<p data-start=\"958\" data-end=\"1021\">Parfait pour <strong data-start=\"972\" data-end=\"992\">vinaigrette<\/strong>ou des toasts ou des plats crus.<\/p>\n<\/li>\n<li data-start=\"1022\" data-end=\"1114\">\n<p data-start=\"1024\" data-end=\"1114\">Id\u00e9al pour <strong data-start=\"1035\" data-end=\"1070\">la cuisine quotidienne \u00e0 petites doses<\/strong>: saut\u00e9s, cr\u00e8mes, l\u00e9gumes, p\u00e2tes et bien plus encore.<\/p>\n<\/li>\n<li data-start=\"1115\" data-end=\"1187\">\n<p data-start=\"1117\" data-end=\"1187\">Tr\u00e8s pratique pour <strong data-start=\"1135\" data-end=\"1154\">VOYAGES<\/strong> ou pour les cuisines \u00e0 l'espace limit\u00e9.<\/p>\n<\/li>\n<li data-start=\"1188\" data-end=\"1270\">\n<p data-start=\"1190\" data-end=\"1270\">C'est aussi un excellent cadeau ou une introduction au monde de l'huile d'olive r\u00e9g\u00e9n\u00e9ratrice.<\/p>\n<\/li>\n<\/ul>\n<p data-start=\"1272\" data-end=\"1413\">\ud83d\udce6 Format : <strong data-start=\"1284\" data-end=\"1302\">Bo\u00eete de 500 ml<\/strong>Ce film opaque et recyclable prot\u00e8ge l'huile de la lumi\u00e8re et conserve plus longtemps toutes ses propri\u00e9t\u00e9s.<\/p>","protected":false},"featured_media":4086,"template":"","meta":[],"product_brand":[],"product_cat":[207],"product_tag":[270],"class_list":{"0":"post-1221","1":"product","2":"type-product","3":"status-publish","4":"has-post-thumbnail","6":"product_cat-picual","7":"product_tag-individual","9":"first","10":"instock","11":"featured","12":"taxable","13":"shipping-taxable","14":"purchasable","15":"product-type-simple"},"yoast_head":"<!-- This site is optimized with the Yoast SEO Premium plugin v25.7.1 (Yoast SEO v26.8) - https:\/\/yoast.com\/product\/yoast-seo-premium-wordpress\/ -->\n<title>Lata 500ml | Aceite Premium Ecol\u00f3gico de Agricultura Regenerativa Picual<\/title>\n<meta name=\"description\" content=\"\ud83d\udce6 Peque\u00f1a en tama\u00f1o, grande en compromiso. Nuestra lata de 500 ml de AOVE ecol\u00f3gico regenerativo es perfecta para quienes buscan un formato c\u00f3modo.\" \/>\n<meta name=\"robots\" content=\"index, follow, max-snippet:-1, max-image-preview:large, max-video-preview:-1\" \/>\n<link rel=\"canonical\" href=\"https:\/\/habitataove.com\/fr\/tienda\/huile-regeneratrice-picual-500ml\/\" \/>\n<meta property=\"og:locale\" content=\"fr_FR\" \/>\n<meta property=\"og:type\" content=\"article\" \/>\n<meta property=\"og:title\" content=\"Ecol\u00f3gico - Picual - Lata 500ml\" \/>\n<meta property=\"og:description\" content=\"\ud83d\udce6 Peque\u00f1a en tama\u00f1o, grande en compromiso. Nuestra lata de 500 ml de AOVE ecol\u00f3gico regenerativo es perfecta para quienes buscan un formato c\u00f3modo.\" \/>\n<meta property=\"og:url\" content=\"https:\/\/habitataove.com\/fr\/tienda\/huile-regeneratrice-picual-500ml\/\" \/>\n<meta property=\"og:site_name\" content=\"Habitat Aove\" \/>\n<meta property=\"article:publisher\" content=\"https:\/\/www.facebook.com\/habitataove\" \/>\n<meta property=\"article:modified_time\" content=\"2026-01-30T11:20:31+00:00\" \/>\n<meta property=\"og:image\" content=\"https:\/\/habitataove.com\/wp-content\/uploads\/2022\/05\/para-web-segunda-lata.png\" \/>\n\t<meta property=\"og:image:width\" content=\"1024\" \/>\n\t<meta property=\"og:image:height\" content=\"1024\" \/>\n\t<meta property=\"og:image:type\" content=\"image\/png\" \/>\n<meta name=\"twitter:card\" content=\"summary_large_image\" \/>\n<meta name=\"twitter:label1\" content=\"Dur\u00e9e de lecture estim\u00e9e\" \/>\n\t<meta name=\"twitter:data1\" content=\"2 minutes\" \/>\n<script type=\"application\/ld+json\" class=\"yoast-schema-graph\">{\"@context\":\"https:\/\/schema.org\",\"@graph\":[{\"@type\":\"WebPage\",\"@id\":\"https:\/\/habitataove.com\/tienda\/aceite-regenerativo-picual-500ml\/\",\"url\":\"https:\/\/habitataove.com\/tienda\/aceite-regenerativo-picual-500ml\/\",\"name\":\"Lata 500ml | Aceite Premium Ecol\u00f3gico de Agricultura Regenerativa Picual\",\"isPartOf\":{\"@id\":\"https:\/\/habitataove.com\/#website\"},\"primaryImageOfPage\":{\"@id\":\"https:\/\/habitataove.com\/tienda\/aceite-regenerativo-picual-500ml\/#primaryimage\"},\"image\":{\"@id\":\"https:\/\/habitataove.com\/tienda\/aceite-regenerativo-picual-500ml\/#primaryimage\"},\"thumbnailUrl\":\"https:\/\/habitataove.com\/wp-content\/uploads\/2022\/05\/para-web-segunda-lata.png\",\"datePublished\":\"2022-05-05T11:22:28+00:00\",\"dateModified\":\"2026-01-30T11:20:31+00:00\",\"description\":\"\ud83d\udce6 Peque\u00f1a en tama\u00f1o, grande en compromiso. Nuestra lata de 500 ml de AOVE ecol\u00f3gico regenerativo es perfecta para quienes buscan un formato c\u00f3modo.\",\"breadcrumb\":{\"@id\":\"https:\/\/habitataove.com\/tienda\/aceite-regenerativo-picual-500ml\/#breadcrumb\"},\"inLanguage\":\"fr-FR\",\"potentialAction\":[{\"@type\":\"ReadAction\",\"target\":[\"https:\/\/habitataove.com\/tienda\/aceite-regenerativo-picual-500ml\/\"]}]},{\"@type\":\"ImageObject\",\"inLanguage\":\"fr-FR\",\"@id\":\"https:\/\/habitataove.com\/tienda\/aceite-regenerativo-picual-500ml\/#primaryimage\",\"url\":\"https:\/\/habitataove.com\/wp-content\/uploads\/2022\/05\/para-web-segunda-lata.png\",\"contentUrl\":\"https:\/\/habitataove.com\/wp-content\/uploads\/2022\/05\/para-web-segunda-lata.png\",\"width\":1024,\"height\":1024},{\"@type\":\"BreadcrumbList\",\"@id\":\"https:\/\/habitataove.com\/tienda\/aceite-regenerativo-picual-500ml\/#breadcrumb\",\"itemListElement\":[{\"@type\":\"ListItem\",\"position\":1,\"name\":\"Portada\",\"item\":\"https:\/\/habitataove.com\/\"},{\"@type\":\"ListItem\",\"position\":2,\"name\":\"Tienda\",\"item\":\"https:\/\/habitataove.com\/tienda\/\"},{\"@type\":\"ListItem\",\"position\":3,\"name\":\"Ecol\u00f3gico &#8211; Picual &#8211; Lata 500ml\"}]},{\"@type\":\"WebSite\",\"@id\":\"https:\/\/habitataove.com\/#website\",\"url\":\"https:\/\/habitataove.com\/\",\"name\":\"Habitat Aove Aceite procedente de agricultura Ecol\u00f3gica Regenerativa\",\"description\":\"Aceite de Oliva Virgen Extra Ecol\u00f3gico\",\"publisher\":{\"@id\":\"https:\/\/habitataove.com\/#organization\"},\"alternateName\":\"Habitat Aove Aceite\",\"potentialAction\":[{\"@type\":\"SearchAction\",\"target\":{\"@type\":\"EntryPoint\",\"urlTemplate\":\"https:\/\/habitataove.com\/?s={search_term_string}\"},\"query-input\":{\"@type\":\"PropertyValueSpecification\",\"valueRequired\":true,\"valueName\":\"search_term_string\"}}],\"inLanguage\":\"fr-FR\"},{\"@type\":\"Organization\",\"@id\":\"https:\/\/habitataove.com\/#organization\",\"name\":\"HABITAT AOVE S.D.A.D COOP. ANDALUZA\",\"alternateName\":\"HABITAT AOVE\",\"url\":\"https:\/\/habitataove.com\/\",\"logo\":{\"@type\":\"ImageObject\",\"inLanguage\":\"fr-FR\",\"@id\":\"https:\/\/habitataove.com\/#\/schema\/logo\/image\/\",\"url\":\"https:\/\/habitataove.com\/wp-content\/uploads\/2025\/06\/cropped-Verde.png\",\"contentUrl\":\"https:\/\/habitataove.com\/wp-content\/uploads\/2025\/06\/cropped-Verde.png\",\"width\":1333,\"height\":927,\"caption\":\"HABITAT AOVE S.D.A.D COOP. ANDALUZA\"},\"image\":{\"@id\":\"https:\/\/habitataove.com\/#\/schema\/logo\/image\/\"},\"sameAs\":[\"https:\/\/www.facebook.com\/habitataove\",\"https:\/\/www.instagram.com\/habitataove\/\"],\"description\":\"HABITAT es una cooperativa de peque\u00f1os productores de aceite que nace en el a\u00f1o 2019. Nace como un proyecto local dedicado al fomento de la agricultura ecol\u00f3gica regenerativa, para salvaguardar nuestro patrimonio natural, hist\u00f3rico y social. Uniendo los esfuerzos de los agricultores del territorio a trav\u00e9s de una Cooperativa de Aceite de Oliva Virgen Extra Ecol\u00f3gico.\",\"email\":\"sales@habitataove.com\",\"telephone\":\"+34 722 40 48 97\",\"legalName\":\"HABITAT AOVE S.D.A.D COOP. ANDALUZA\",\"foundingDate\":\"2019-01-01\",\"vatID\":\"F02739571\"}]}<\/script>\n<!-- \/ Yoast SEO Premium plugin. -->","yoast_head_json":{"title":"Can 500ml : Huile d'olive biologique de premi\u00e8re qualit\u00e9 issue de l'agriculture r\u00e9g\u00e9n\u00e9ratrice Picual","description":"Petit par la taille, grand par l'engagement. Notre bo\u00eete de 500 ml d'huile d'olive biologique r\u00e9g\u00e9n\u00e9ratrice est parfaite pour ceux qui recherchent un format pratique.","robots":{"index":"index","follow":"follow","max-snippet":"max-snippet:-1","max-image-preview":"max-image-preview:large","max-video-preview":"max-video-preview:-1"},"canonical":"https:\/\/habitataove.com\/fr\/tienda\/huile-regeneratrice-picual-500ml\/","og_locale":"fr_FR","og_type":"article","og_title":"Ecol\u00f3gico - Picual - Lata 500ml","og_description":"\ud83d\udce6 Peque\u00f1a en tama\u00f1o, grande en compromiso. Nuestra lata de 500 ml de AOVE ecol\u00f3gico regenerativo es perfecta para quienes buscan un formato c\u00f3modo.","og_url":"https:\/\/habitataove.com\/fr\/tienda\/huile-regeneratrice-picual-500ml\/","og_site_name":"Habitat Aove","article_publisher":"https:\/\/www.facebook.com\/habitataove","article_modified_time":"2026-01-30T11:20:31+00:00","og_image":[{"width":1024,"height":1024,"url":"https:\/\/habitataove.com\/wp-content\/uploads\/2022\/05\/para-web-segunda-lata.png","type":"image\/png"}],"twitter_card":"summary_large_image","twitter_misc":{"Dur\u00e9e de lecture estim\u00e9e":"2 minutes"},"schema":{"@context":"https:\/\/schema.org","@graph":[{"@type":"WebPage","@id":"https:\/\/habitataove.com\/tienda\/aceite-regenerativo-picual-500ml\/","url":"https:\/\/habitataove.com\/tienda\/aceite-regenerativo-picual-500ml\/","name":"Can 500ml : Huile d'olive biologique de premi\u00e8re qualit\u00e9 issue de l'agriculture r\u00e9g\u00e9n\u00e9ratrice Picual","isPartOf":{"@id":"https:\/\/habitataove.com\/#website"},"primaryImageOfPage":{"@id":"https:\/\/habitataove.com\/tienda\/aceite-regenerativo-picual-500ml\/#primaryimage"},"image":{"@id":"https:\/\/habitataove.com\/tienda\/aceite-regenerativo-picual-500ml\/#primaryimage"},"thumbnailUrl":"https:\/\/habitataove.com\/wp-content\/uploads\/2022\/05\/para-web-segunda-lata.png","datePublished":"2022-05-05T11:22:28+00:00","dateModified":"2026-01-30T11:20:31+00:00","description":"Petit par la taille, grand par l'engagement. Notre bo\u00eete de 500 ml d'huile d'olive biologique r\u00e9g\u00e9n\u00e9ratrice est parfaite pour ceux qui recherchent un format pratique.","breadcrumb":{"@id":"https:\/\/habitataove.com\/tienda\/aceite-regenerativo-picual-500ml\/#breadcrumb"},"inLanguage":"fr-FR","potentialAction":[{"@type":"ReadAction","target":["https:\/\/habitataove.com\/tienda\/aceite-regenerativo-picual-500ml\/"]}]},{"@type":"ImageObject","inLanguage":"fr-FR","@id":"https:\/\/habitataove.com\/tienda\/aceite-regenerativo-picual-500ml\/#primaryimage","url":"https:\/\/habitataove.com\/wp-content\/uploads\/2022\/05\/para-web-segunda-lata.png","contentUrl":"https:\/\/habitataove.com\/wp-content\/uploads\/2022\/05\/para-web-segunda-lata.png","width":1024,"height":1024},{"@type":"BreadcrumbList","@id":"https:\/\/habitataove.com\/tienda\/aceite-regenerativo-picual-500ml\/#breadcrumb","itemListElement":[{"@type":"ListItem","position":1,"name":"Portada","item":"https:\/\/habitataove.com\/"},{"@type":"ListItem","position":2,"name":"Tienda","item":"https:\/\/habitataove.com\/tienda\/"},{"@type":"ListItem","position":3,"name":"Ecol\u00f3gico &#8211; Picual &#8211; Lata 500ml"}]},{"@type":"WebSite","@id":"https:\/\/habitataove.com\/#website","url":"https:\/\/habitataove.com\/","name":"Huile d'Aove Habitat issue de l'agriculture biologique r\u00e9g\u00e9n\u00e9ratrice","description":"Huile d'olive extra vierge biologique","publisher":{"@id":"https:\/\/habitataove.com\/#organization"},"alternateName":"Habitat Aove Aceite","potentialAction":[{"@type":"SearchAction","target":{"@type":"EntryPoint","urlTemplate":"https:\/\/habitataove.com\/?s={search_term_string}"},"query-input":{"@type":"PropertyValueSpecification","valueRequired":true,"valueName":"search_term_string"}}],"inLanguage":"fr-FR"},{"@type":"Organization","@id":"https:\/\/habitataove.com\/#organization","name":"HABITAT AOVE S.D.A.D COOP. ANDALOUSIEN","alternateName":"HABITAT AOVE","url":"https:\/\/habitataove.com\/","logo":{"@type":"ImageObject","inLanguage":"fr-FR","@id":"https:\/\/habitataove.com\/#\/schema\/logo\/image\/","url":"https:\/\/habitataove.com\/wp-content\/uploads\/2025\/06\/cropped-Verde.png","contentUrl":"https:\/\/habitataove.com\/wp-content\/uploads\/2025\/06\/cropped-Verde.png","width":1333,"height":927,"caption":"HABITAT AOVE S.D.A.D COOP. ANDALUZA"},"image":{"@id":"https:\/\/habitataove.com\/#\/schema\/logo\/image\/"},"sameAs":["https:\/\/www.facebook.com\/habitataove","https:\/\/www.instagram.com\/habitataove\/"],"description":"HABITAT est une coop\u00e9rative de petits producteurs d'huile qui a \u00e9t\u00e9 fond\u00e9e en 2019. Elle est n\u00e9e comme un projet local d\u00e9di\u00e9 \u00e0 la promotion de l'agriculture biologique r\u00e9g\u00e9n\u00e9ratrice, pour sauvegarder notre patrimoine naturel, historique et social. Joindre les efforts des agriculteurs du territoire \u00e0 travers une Coop\u00e9rative d'huile d'olive extra vierge biologique.","email":"sales@habitataove.com","telephone":"+34 722 40 48 97","legalName":"HABITAT AOVE S.D.A.D COOP. ANDALUZA","foundingDate":"2019-01-01","vatID":"F02739571"}]}},"_links":{"self":[{"href":"https:\/\/habitataove.com\/fr\/wp-json\/wp\/v2\/product\/1221","targetHints":{"allow":["GET"]}}],"collection":[{"href":"https:\/\/habitataove.com\/fr\/wp-json\/wp\/v2\/product"}],"about":[{"href":"https:\/\/habitataove.com\/fr\/wp-json\/wp\/v2\/types\/product"}],"wp:featuredmedia":[{"embeddable":true,"href":"https:\/\/habitataove.com\/fr\/wp-json\/wp\/v2\/media\/4086"}],"wp:attachment":[{"href":"https:\/\/habitataove.com\/fr\/wp-json\/wp\/v2\/media?parent=1221"}],"wp:term":[{"taxonomy":"product_brand","embeddable":true,"href":"https:\/\/habitataove.com\/fr\/wp-json\/wp\/v2\/product_brand?post=1221"},{"taxonomy":"product_cat","embeddable":true,"href":"https:\/\/habitataove.com\/fr\/wp-json\/wp\/v2\/product_cat?post=1221"},{"taxonomy":"product_tag","embeddable":true,"href":"https:\/\/habitataove.com\/fr\/wp-json\/wp\/v2\/product_tag?post=1221"}],"curies":[{"name":"wp","href":"https:\/\/api.w.org\/{rel}","templated":true}]}}