{"id":888,"date":"2021-12-27T08:31:35","date_gmt":"2021-12-27T08:31:35","guid":{"rendered":"https:\/\/habitataove.com\/?page_id=888"},"modified":"2025-08-13T15:07:51","modified_gmt":"2025-08-13T13:07:51","slug":"politica-de-privacidad","status":"publish","type":"page","link":"https:\/\/habitataove.com\/fr\/politique-de-confidentialite\/","title":{"rendered":"Politique de confidentialit\u00e9"},"content":{"rendered":"<p style=\"text-align: center;\"><span style=\"font-size: 22px;\"><strong>LOI SUR LES SERVICES DE LA SOCI\u00c9T\u00c9 DE L'INFORMATION (LSSI)<\/strong><\/span><\/p>\n<h3>1. informations sur l'utilisateur<\/h3>\n<p><strong><span style=\"font-size: 18px;\">Qui est responsable du traitement de vos donn\u00e9es personnelles ?<\/span><\/strong><\/p>\n<p><span style=\"font-size: 18px;\"><strong>HABITAT AOVE S.D.A.D COOP. ANDALOUSIEN<\/strong>\u00a0est RESPONSABLE du traitement des donn\u00e9es personnelles de l'UTILISATEUR et vous informe que ces donn\u00e9es seront trait\u00e9es conform\u00e9ment aux dispositions du r\u00e8glement (UE) 2016\/679, du 27 avril (GDPR), et de la loi organique 3\/2018, du 5 d\u00e9cembre (LOPDGDD).<\/span><\/p>\n<p><span style=\"font-size: 18px;\"><strong>Pourquoi traitons-nous vos donn\u00e9es personnelles ?<\/strong><\/span><\/p>\n<p><span style=\"font-size: 18px;\">maintenir une relation commerciale avec l'utilisateur. Les op\u00e9rations envisag\u00e9es pour effectuer le traitement sont :<\/span><strong><br \/>\n<\/strong><\/p>\n<ul>\n<li><span style=\"font-size: 18px;\">Envoyer des communications commerciales publicitaires par courrier \u00e9lectronique, fax, SMS, MMS, r\u00e9seaux sociaux ou tout autre moyen \u00e9lectronique ou physique, pr\u00e9sent ou futur, permettant d'effectuer des communications commerciales. Ces communications seront effectu\u00e9es par le RESPONSABLE et porteront sur ses produits et services, ou sur ceux de ses collaborateurs ou fournisseurs, avec lesquels il a conclu un accord promotionnel. Dans ce cas, les tiers n'auront jamais acc\u00e8s aux donn\u00e9es personnelles.<\/span><\/li>\n<li><span style=\"font-size: 18px;\">R\u00e9aliser des \u00e9tudes de march\u00e9 et des analyses statistiques.<\/span><\/li>\n<li><span style=\"font-size: 18px;\">Traiter les commandes, les demandes, r\u00e9pondre aux questions ou \u00e0 tout type de demande formul\u00e9e par l'UTILISATEUR par le biais de l'un des formulaires de contact disponibles sur le site web du RESPONSABLE.<\/span><\/li>\n<li><span style=\"font-size: 18px;\">Envoyer la lettre d'information en ligne sur les nouvelles, les offres et les promotions de notre activit\u00e9.<\/span><\/li>\n<\/ul>\n<p><span style=\"font-size: 18px;\"><strong>Pourquoi pouvons-nous traiter vos donn\u00e9es personnelles ?<\/strong><\/span><\/p>\n<p><span style=\"font-size: 18px;\">Parce que le traitement est l\u00e9gitim\u00e9 par l'article 6 du GDPR comme suit :<strong><br \/>\n<\/strong><\/span><\/p>\n<ul>\n<li><span style=\"font-size: 18px;\">Avec le consentement de l'UTILISATEUR : envoi de communications commerciales et de la lettre d'information.<br \/>\n<\/span><\/li>\n<li><span style=\"font-size: 18px;\">Pour l'int\u00e9r\u00eat l\u00e9gitime du RESPONSABLE : r\u00e9aliser des \u00e9tudes de march\u00e9, des analyses statistiques, etc. et traiter des commandes, des demandes, etc. \u00e0 la demande de l'UTILISATEUR.<\/span><\/li>\n<\/ul>\n<p><span style=\"font-size: 18px;\"><strong>Combien de temps conserverons-nous vos donn\u00e9es personnelles ?<\/strong><\/span><\/p>\n<p><span style=\"font-size: 18px;\">Elles sont conserv\u00e9es pendant une dur\u00e9e n'exc\u00e9dant pas celle n\u00e9cessaire pour atteindre la finalit\u00e9 du traitement ou pour r\u00e9pondre \u00e0 des exigences l\u00e9gales imposant leur conservation et, lorsqu'elles ne sont plus n\u00e9cessaires \u00e0 cette finalit\u00e9, elles sont effac\u00e9es avec des mesures de s\u00e9curit\u00e9 appropri\u00e9es pour garantir l'anonymisation des donn\u00e9es ou leur destruction totale.<\/span><\/p>\n<p><span style=\"font-size: 18px;\"><strong>\u00c0 qui fournissons-nous vos donn\u00e9es personnelles ?<\/strong><\/span><\/p>\n<p><span style=\"font-size: 18px;\">Aucune communication de donn\u00e9es \u00e0 caract\u00e8re personnel \u00e0 des tiers n'est pr\u00e9vue, sauf, si cela est n\u00e9cessaire au d\u00e9veloppement et \u00e0 l'ex\u00e9cution des finalit\u00e9s du traitement, \u00e0 nos prestataires de services li\u00e9s aux communications, avec lesquels le RESPONSABLE a sign\u00e9 les contrats de confidentialit\u00e9 et de traitement des donn\u00e9es requis par la r\u00e9glementation en vigueur en mati\u00e8re de protection de la vie priv\u00e9e.<br \/>\n<\/span><\/p>\n<p><span style=\"font-size: 18px;\"><strong>Quels sont vos droits ?<\/strong><\/span><\/p>\n<p><span style=\"font-size: 18px;\">Les droits de l'UTILISATEUR sont les suivants :<br \/>\n<\/span><\/p>\n<ul>\n<li><span style=\"font-size: 18px;\">Droit de retirer son consentement \u00e0 tout moment.<\/span><\/li>\n<li><span style=\"font-size: 18px;\">Le droit d'acc\u00e8s, de rectification, de portabilit\u00e9 et d'effacement de vos donn\u00e9es, ainsi que le droit de limiter leur traitement ou de s'y opposer.<\/span><\/li>\n<li><span style=\"font-size: 18px;\">Le droit d'introduire une r\u00e9clamation aupr\u00e8s de l'autorit\u00e9 de contr\u00f4le (www.aepd.es) si vous estimez que le traitement n'est pas conforme \u00e0 la r\u00e9glementation en vigueur.<\/span><\/li>\n<\/ul>\n<p><strong><span style=\"font-size: 18px;\">Coordonn\u00e9es pour l'exercice de vos droits :<\/span><\/strong><\/p>\n<p><span style=\"font-size: 18px;\"><strong>HABITAT AOVE S.D.A.D COOP. ANDALOUSIEN<\/strong>. POLIGONO INDUSTRIAL HACTARA CALLE B PARECELA 38, 18811 ZUJAR<br \/>\n(Grenade).<\/span><\/p>\n<p><span style=\"font-size: 18px;\"> E-mail :<\/span><br \/>\n<a href=\"mailto:INFO@HABITATAOVE.COM\"><span style=\"font-size: 18px;\">INFO@HABITATAOVE.COM<\/span><\/a><\/p>\n<p><span style=\"font-size: 18px;\">Coordonn\u00e9es du d\u00e9l\u00e9gu\u00e9 \u00e0 la protection des donn\u00e9es : <\/span><\/p>\n<p><span style=\"font-size: 18px;\">CALLE JOS\u00c9 ARTES DE ARCOS No34 OFICINA T, 04004<\/span><br \/>\n<span style=\"font-size: 18px;\">ALMERIA - <a href=\"mailto:info@consultoriaeuropa.com\">info@consultoriaeuropa.com<\/a><\/span><\/p>\n<h3>2. Caract\u00e8re obligatoire ou facultatif des informations fournies par l'utilisateur<\/h3>\n<p><span style=\"font-size: 18px;\">L'UTILISATEUR, en cochant les cases correspondantes et en saisissant des donn\u00e9es dans les champs marqu\u00e9s d'un ast\u00e9risque (*) dans le formulaire de contact ou pr\u00e9sent\u00e9s dans les formulaires de t\u00e9l\u00e9chargement, accepte express\u00e9ment, librement et sans \u00e9quivoque que ses donn\u00e9es soient n\u00e9cessaires pour r\u00e9pondre \u00e0 sa demande, par le fournisseur, \u00e9tant volontaire l'inclusion de donn\u00e9es dans les champs restants. L'UTILISATEUR garantit que les donn\u00e9es personnelles fournies au RESPONSABLE sont v\u00e9ridiques et est responsable de la communication de tout changement les concernant.<\/span><\/p>\n<p><span style=\"font-size: 18px;\">Le RESPONSABLE informe que toutes les donn\u00e9es demand\u00e9es par le biais du site web sont obligatoires, car elles sont n\u00e9cessaires \u00e0 la fourniture d'un service optimal \u00e0 l'UTILISATEUR. Si toutes les donn\u00e9es ne sont pas fournies, il n'est pas garanti que les informations et les services fournis seront parfaitement adapt\u00e9s \u00e0 vos besoins.<\/span><\/p>\n<h3>3. les mesures de s\u00e9curit\u00e9<\/h3>\n<p><span style=\"font-size: 18px;\">Que conform\u00e9ment aux dispositions de la r\u00e9glementation en vigueur en mati\u00e8re de protection des donn\u00e9es \u00e0 caract\u00e8re personnel, le RESPONSABLE respecte l'ensemble des dispositions du RGPD et de la LOPDGDD pour le traitement des donn\u00e9es \u00e0 caract\u00e8re personnel sous sa responsabilit\u00e9, et manifestement les principes d\u00e9crits \u00e0 l'article 5 du RGPD, selon lesquels elles sont trait\u00e9es de mani\u00e8re licite, loyale et transparente \u00e0 l'\u00e9gard de la personne concern\u00e9e et sont ad\u00e9quates, pertinentes et limit\u00e9es \u00e0 ce qui est n\u00e9cessaire au regard des finalit\u00e9s pour lesquelles elles sont trait\u00e9es.<\/span><\/p>\n<p><span style=\"font-size: 18px;\">Le RESPONSABLE garantit qu'il a mis en \u0153uvre les politiques techniques et organisationnelles appropri\u00e9es pour appliquer les mesures de s\u00e9curit\u00e9 \u00e9tablies par le GDPR et la LOPDGDD afin de prot\u00e9ger les droits et libert\u00e9s des UTILISATEURS et qu'il leur a fourni les informations appropri\u00e9es pour qu'ils puissent les exercer.<\/span><\/p>\n<p><span style=\"font-size: 18px;\">Pour plus d'informations sur les garanties en mati\u00e8re de protection de la vie priv\u00e9e, vous pouvez contacter la PARTIE RESPONSABLE \u00e0 l'adresse suivante <\/span><span style=\"font-size: 18px;\"><strong>HABITAT AOVE S.D.A.D COOP. ANDALOUSIEN<\/strong>. POLIGONO INDUSTRIAL HACTARA CALLE B PARECELA 38, 18811 ZUJAR (Granada). E-mail : <a href=\"mailto:INFO@HABITATAOVE.COM\">INFO@HABITATAOVE.COM<\/a><\/span><br \/>\n<span style=\"font-size: 18px;\">Coordonn\u00e9es du d\u00e9l\u00e9gu\u00e9 \u00e0 la protection des donn\u00e9es : <\/span><\/p>\n<p><span style=\"font-size: 18px;\">CALLE JOS\u00c9 ARTES DE ARCOS No34 OFICINA T, 04004<\/span><br \/>\n<span style=\"font-size: 18px;\">ALMERIA - info@consultoriaeuropa.com<\/span><\/p>","protected":false},"excerpt":{"rendered":"<p>LEY DE LOS SERVICIOS DE LA SOCIEDAD DE LA INFORMACI\u00d3N (LSSI) 1. Informaci\u00f3n al usuario \u00bfQui\u00e9n es el responsable del tratamiento de tus datos personales? HABITAT AOVE S.D.A.D COOP. ANDALUZA\u00a0es el RESPONSABLE del tratamiento de los datos personales del USUARIO y le informa de que estos datos ser\u00e1n tratados de conformidad con lo dispuesto en [&hellip;]<\/p>\n","protected":false},"author":2,"featured_media":0,"parent":0,"menu_order":0,"comment_status":"closed","ping_status":"closed","template":"","meta":{"footnotes":""},"class_list":["post-888","page","type-page","status-publish","hentry"],"yoast_head":"<!-- This site is optimized with the Yoast SEO Premium plugin v25.7.1 (Yoast SEO v26.8) - https:\/\/yoast.com\/product\/yoast-seo-premium-wordpress\/ -->\n<title>Pol\u00edtica de Privacidad<\/title>\n<meta name=\"robots\" content=\"index, follow, max-snippet:-1, max-image-preview:large, max-video-preview:-1\" \/>\n<link rel=\"canonical\" href=\"https:\/\/habitataove.com\/fr\/politique-de-confidentialite\/\" \/>\n<meta property=\"og:locale\" content=\"fr_FR\" \/>\n<meta property=\"og:type\" content=\"article\" \/>\n<meta property=\"og:title\" content=\"Pol\u00edtica de Privacidad\" \/>\n<meta property=\"og:description\" content=\"LEY DE LOS SERVICIOS DE LA SOCIEDAD DE LA INFORMACI\u00d3N (LSSI) 1. Informaci\u00f3n al usuario \u00bfQui\u00e9n es el responsable del tratamiento de tus datos personales? HABITAT AOVE S.D.A.D COOP. ANDALUZA\u00a0es el RESPONSABLE del tratamiento de los datos personales del USUARIO y le informa de que estos datos ser\u00e1n tratados de conformidad con lo dispuesto en [&hellip;]\" \/>\n<meta property=\"og:url\" content=\"https:\/\/habitataove.com\/fr\/politique-de-confidentialite\/\" \/>\n<meta property=\"og:site_name\" content=\"Habitat Aove\" \/>\n<meta property=\"article:publisher\" content=\"https:\/\/www.facebook.com\/habitataove\" \/>\n<meta property=\"article:modified_time\" content=\"2025-08-13T13:07:51+00:00\" \/>\n<meta property=\"og:image\" content=\"https:\/\/habitataove.com\/wp-content\/uploads\/2025\/06\/Lata-Renovada.jpg\" \/>\n\t<meta property=\"og:image:width\" content=\"2536\" \/>\n\t<meta property=\"og:image:height\" content=\"1691\" \/>\n\t<meta property=\"og:image:type\" content=\"image\/jpeg\" \/>\n<meta name=\"twitter:card\" content=\"summary_large_image\" \/>\n<meta name=\"twitter:label1\" content=\"Dur\u00e9e de lecture estim\u00e9e\" \/>\n\t<meta name=\"twitter:data1\" content=\"4 minutes\" \/>\n<script type=\"application\/ld+json\" class=\"yoast-schema-graph\">{\"@context\":\"https:\/\/schema.org\",\"@graph\":[{\"@type\":\"WebPage\",\"@id\":\"https:\/\/habitataove.com\/politica-de-privacidad\/\",\"url\":\"https:\/\/habitataove.com\/politica-de-privacidad\/\",\"name\":\"Pol\u00edtica de Privacidad\",\"isPartOf\":{\"@id\":\"https:\/\/habitataove.com\/#website\"},\"datePublished\":\"2021-12-27T08:31:35+00:00\",\"dateModified\":\"2025-08-13T13:07:51+00:00\",\"breadcrumb\":{\"@id\":\"https:\/\/habitataove.com\/politica-de-privacidad\/#breadcrumb\"},\"inLanguage\":\"fr-FR\",\"potentialAction\":[{\"@type\":\"ReadAction\",\"target\":[\"https:\/\/habitataove.com\/politica-de-privacidad\/\"]}]},{\"@type\":\"BreadcrumbList\",\"@id\":\"https:\/\/habitataove.com\/politica-de-privacidad\/#breadcrumb\",\"itemListElement\":[{\"@type\":\"ListItem\",\"position\":1,\"name\":\"Portada\",\"item\":\"https:\/\/habitataove.com\/\"},{\"@type\":\"ListItem\",\"position\":2,\"name\":\"Pol\u00edtica de Privacidad\"}]},{\"@type\":\"WebSite\",\"@id\":\"https:\/\/habitataove.com\/#website\",\"url\":\"https:\/\/habitataove.com\/\",\"name\":\"Habitat Aove Aceite procedente de agricultura Ecol\u00f3gica Regenerativa\",\"description\":\"Aceite de Oliva Virgen Extra Ecol\u00f3gico\",\"publisher\":{\"@id\":\"https:\/\/habitataove.com\/#organization\"},\"alternateName\":\"Habitat Aove Aceite\",\"potentialAction\":[{\"@type\":\"SearchAction\",\"target\":{\"@type\":\"EntryPoint\",\"urlTemplate\":\"https:\/\/habitataove.com\/?s={search_term_string}\"},\"query-input\":{\"@type\":\"PropertyValueSpecification\",\"valueRequired\":true,\"valueName\":\"search_term_string\"}}],\"inLanguage\":\"fr-FR\"},{\"@type\":\"Organization\",\"@id\":\"https:\/\/habitataove.com\/#organization\",\"name\":\"HABITAT AOVE S.D.A.D COOP. ANDALUZA\",\"alternateName\":\"HABITAT AOVE\",\"url\":\"https:\/\/habitataove.com\/\",\"logo\":{\"@type\":\"ImageObject\",\"inLanguage\":\"fr-FR\",\"@id\":\"https:\/\/habitataove.com\/#\/schema\/logo\/image\/\",\"url\":\"https:\/\/habitataove.com\/wp-content\/uploads\/2025\/06\/cropped-Verde.png\",\"contentUrl\":\"https:\/\/habitataove.com\/wp-content\/uploads\/2025\/06\/cropped-Verde.png\",\"width\":1333,\"height\":927,\"caption\":\"HABITAT AOVE S.D.A.D COOP. ANDALUZA\"},\"image\":{\"@id\":\"https:\/\/habitataove.com\/#\/schema\/logo\/image\/\"},\"sameAs\":[\"https:\/\/www.facebook.com\/habitataove\",\"https:\/\/www.instagram.com\/habitataove\/\"],\"description\":\"HABITAT es una cooperativa de peque\u00f1os productores de aceite que nace en el a\u00f1o 2019. Nace como un proyecto local dedicado al fomento de la agricultura ecol\u00f3gica regenerativa, para salvaguardar nuestro patrimonio natural, hist\u00f3rico y social. Uniendo los esfuerzos de los agricultores del territorio a trav\u00e9s de una Cooperativa de Aceite de Oliva Virgen Extra Ecol\u00f3gico.\",\"email\":\"sales@habitataove.com\",\"telephone\":\"+34 722 40 48 97\",\"legalName\":\"HABITAT AOVE S.D.A.D COOP. ANDALUZA\",\"foundingDate\":\"2019-01-01\",\"vatID\":\"F02739571\"}]}<\/script>\n<!-- \/ Yoast SEO Premium plugin. -->","yoast_head_json":{"title":"Politique de confidentialit\u00e9","robots":{"index":"index","follow":"follow","max-snippet":"max-snippet:-1","max-image-preview":"max-image-preview:large","max-video-preview":"max-video-preview:-1"},"canonical":"https:\/\/habitataove.com\/fr\/politique-de-confidentialite\/","og_locale":"fr_FR","og_type":"article","og_title":"Pol\u00edtica de Privacidad","og_description":"LEY DE LOS SERVICIOS DE LA SOCIEDAD DE LA INFORMACI\u00d3N (LSSI) 1. Informaci\u00f3n al usuario \u00bfQui\u00e9n es el responsable del tratamiento de tus datos personales? HABITAT AOVE S.D.A.D COOP. ANDALUZA\u00a0es el RESPONSABLE del tratamiento de los datos personales del USUARIO y le informa de que estos datos ser\u00e1n tratados de conformidad con lo dispuesto en [&hellip;]","og_url":"https:\/\/habitataove.com\/fr\/politique-de-confidentialite\/","og_site_name":"Habitat Aove","article_publisher":"https:\/\/www.facebook.com\/habitataove","article_modified_time":"2025-08-13T13:07:51+00:00","og_image":[{"width":2536,"height":1691,"url":"https:\/\/habitataove.com\/wp-content\/uploads\/2025\/06\/Lata-Renovada.jpg","type":"image\/jpeg"}],"twitter_card":"summary_large_image","twitter_misc":{"Dur\u00e9e de lecture estim\u00e9e":"4 minutes"},"schema":{"@context":"https:\/\/schema.org","@graph":[{"@type":"WebPage","@id":"https:\/\/habitataove.com\/politica-de-privacidad\/","url":"https:\/\/habitataove.com\/politica-de-privacidad\/","name":"Politique de confidentialit\u00e9","isPartOf":{"@id":"https:\/\/habitataove.com\/#website"},"datePublished":"2021-12-27T08:31:35+00:00","dateModified":"2025-08-13T13:07:51+00:00","breadcrumb":{"@id":"https:\/\/habitataove.com\/politica-de-privacidad\/#breadcrumb"},"inLanguage":"fr-FR","potentialAction":[{"@type":"ReadAction","target":["https:\/\/habitataove.com\/politica-de-privacidad\/"]}]},{"@type":"BreadcrumbList","@id":"https:\/\/habitataove.com\/politica-de-privacidad\/#breadcrumb","itemListElement":[{"@type":"ListItem","position":1,"name":"Portada","item":"https:\/\/habitataove.com\/"},{"@type":"ListItem","position":2,"name":"Pol\u00edtica de Privacidad"}]},{"@type":"WebSite","@id":"https:\/\/habitataove.com\/#website","url":"https:\/\/habitataove.com\/","name":"Huile d'Aove Habitat issue de l'agriculture biologique r\u00e9g\u00e9n\u00e9ratrice","description":"Huile d'olive extra vierge biologique","publisher":{"@id":"https:\/\/habitataove.com\/#organization"},"alternateName":"Habitat Aove Aceite","potentialAction":[{"@type":"SearchAction","target":{"@type":"EntryPoint","urlTemplate":"https:\/\/habitataove.com\/?s={search_term_string}"},"query-input":{"@type":"PropertyValueSpecification","valueRequired":true,"valueName":"search_term_string"}}],"inLanguage":"fr-FR"},{"@type":"Organization","@id":"https:\/\/habitataove.com\/#organization","name":"HABITAT AOVE S.D.A.D COOP. ANDALOUSIEN","alternateName":"HABITAT AOVE","url":"https:\/\/habitataove.com\/","logo":{"@type":"ImageObject","inLanguage":"fr-FR","@id":"https:\/\/habitataove.com\/#\/schema\/logo\/image\/","url":"https:\/\/habitataove.com\/wp-content\/uploads\/2025\/06\/cropped-Verde.png","contentUrl":"https:\/\/habitataove.com\/wp-content\/uploads\/2025\/06\/cropped-Verde.png","width":1333,"height":927,"caption":"HABITAT AOVE S.D.A.D COOP. ANDALUZA"},"image":{"@id":"https:\/\/habitataove.com\/#\/schema\/logo\/image\/"},"sameAs":["https:\/\/www.facebook.com\/habitataove","https:\/\/www.instagram.com\/habitataove\/"],"description":"HABITAT est une coop\u00e9rative de petits producteurs d'huile qui a \u00e9t\u00e9 fond\u00e9e en 2019. Elle est n\u00e9e comme un projet local d\u00e9di\u00e9 \u00e0 la promotion de l'agriculture biologique r\u00e9g\u00e9n\u00e9ratrice, pour sauvegarder notre patrimoine naturel, historique et social. Joindre les efforts des agriculteurs du territoire \u00e0 travers une Coop\u00e9rative d'huile d'olive extra vierge biologique.","email":"sales@habitataove.com","telephone":"+34 722 40 48 97","legalName":"HABITAT AOVE S.D.A.D COOP. ANDALUZA","foundingDate":"2019-01-01","vatID":"F02739571"}]}},"_links":{"self":[{"href":"https:\/\/habitataove.com\/fr\/wp-json\/wp\/v2\/pages\/888","targetHints":{"allow":["GET"]}}],"collection":[{"href":"https:\/\/habitataove.com\/fr\/wp-json\/wp\/v2\/pages"}],"about":[{"href":"https:\/\/habitataove.com\/fr\/wp-json\/wp\/v2\/types\/page"}],"author":[{"embeddable":true,"href":"https:\/\/habitataove.com\/fr\/wp-json\/wp\/v2\/users\/2"}],"replies":[{"embeddable":true,"href":"https:\/\/habitataove.com\/fr\/wp-json\/wp\/v2\/comments?post=888"}],"version-history":[{"count":7,"href":"https:\/\/habitataove.com\/fr\/wp-json\/wp\/v2\/pages\/888\/revisions"}],"predecessor-version":[{"id":3899,"href":"https:\/\/habitataove.com\/fr\/wp-json\/wp\/v2\/pages\/888\/revisions\/3899"}],"wp:attachment":[{"href":"https:\/\/habitataove.com\/fr\/wp-json\/wp\/v2\/media?parent=888"}],"curies":[{"name":"wp","href":"https:\/\/api.w.org\/{rel}","templated":true}]}}