{"id":877,"date":"2021-12-23T17:10:27","date_gmt":"2021-12-23T17:10:27","guid":{"rendered":"https:\/\/habitataove.com\/?page_id=877"},"modified":"2025-08-13T15:01:37","modified_gmt":"2025-08-13T13:01:37","slug":"aviso-legal","status":"publish","type":"page","link":"https:\/\/habitataove.com\/fr\/avis-juridique\/","title":{"rendered":"Avis juridique"},"content":{"rendered":"<h2 class=\"wp-block-heading\" id=\"h-aviso-legal\">Avis juridique<\/h2>\n\n\n<p style=\"text-align: center;\"><span style=\"font-size: 22px;\"><strong>LOI SUR LES SERVICES DE LA SOCI\u00c9T\u00c9 DE L'INFORMATION (LSSI)<\/strong><\/span><\/p>\n<p><span style=\"font-size: 18px;\"><br \/>HABITAT AOVE S.D.A.D COOP. ANDALUZA, responsable du site web, ci-apr\u00e8s d\u00e9nomm\u00e9 RESPONSABLE, met \u00e0 la disposition des utilisateurs le pr\u00e9sent document, avec lequel il entend respecter les obligations pr\u00e9vues par la loi 34\/2002, du 11 juillet, relative aux services de la soci\u00e9t\u00e9 de l'information et au commerce \u00e9lectronique (LSSICE), BOE n\u00b0 166, ainsi qu'informer tous les utilisateurs du site web des conditions d'utilisation. <\/span><\/p>\n<p><span style=\"font-size: 18px;\">Toute personne acc\u00e9dant \u00e0 ce site web assume le r\u00f4le d'utilisateur et s'engage \u00e0 observer et \u00e0 respecter scrupuleusement les dispositions du pr\u00e9sent document, ainsi que toute autre disposition l\u00e9gale applicable.<\/span><\/p>\n<p><span style=\"font-size: 18px;\"><br \/>HABITAT AOVE S.D.A.D COOP. ANDALUZA se r\u00e9serve le droit de modifier tout type d'information pouvant figurer sur le site web, sans obligation de pr\u00e9avis ni d'information des utilisateurs, \u00e9tant entendu que la publication sur le site web de HABITAT AOVE S.D.A.D COOP. ANDALUZA.<\/span><\/p>\n<h3>1. identifier les donn\u00e9es<\/h3>\n<p><span style=\"font-size: 18px;\">Nom de domaine : <a href=\"https:\/\/habitataove.com\/fr\/\">habitataove.com<\/a><\/span><br \/><span style=\"font-size: 18px;\">Nom commercial : HABITAT AOVE<\/span><br \/><span style=\"font-size: 18px;\">Nom de l'entreprise : HABITAT AOVE S.D.A.D COOP. ANDALOUSIEN<\/span><br \/><span style=\"font-size: 18px;\">NUM\u00c9RO DE TVA : F02739571<\/span><br \/><span style=\"font-size: 18px;\">Si\u00e8ge social : POLIGONO INDUSTRIAL HACTARA CALLE B PARECELA 38, 18811 ZUJAR (Granada)<\/span><br \/><span style=\"font-size: 18px;\">T\u00e9l\u00e9phone : 623326706<\/span><br \/><span style=\"font-size: 18px;\">E-mail : <a href=\"mailto:INFO@HABITATAOVE.COM\">INFO@HABITATAOVE.COM<\/a><\/span><\/p>\n<h3>2. Droits de propri\u00e9t\u00e9 intellectuelle et industrielle<\/h3>\n<p><span style=\"font-size: 18px;\">Le site web, y compris, mais sans s'y limiter, sa programmation, son \u00e9dition, sa compilation et sa mise \u00e0 jour. <\/span><span style=\"font-size: 18px;\">les autres \u00e9l\u00e9ments n\u00e9cessaires \u00e0 son fonctionnement, les dessins, logos, textes et\/ou graphiques, sont <\/span><span style=\"font-size: 18px;\">d\u00e9tenues par la PARTIE RESPONSABLE ou, le cas \u00e9ch\u00e9ant, conc\u00e9d\u00e9es sous licence ou autrement express\u00e9ment autoris\u00e9es par <\/span><span style=\"font-size: 18px;\">les auteurs. Tous les contenus du site sont d\u00fbment prot\u00e9g\u00e9s par la loi. <\/span><span style=\"font-size: 18px;\">les droits de propri\u00e9t\u00e9 intellectuelle et industrielle, ainsi que leur inscription dans les registres publics correspondants.<\/span><\/p>\n<p><span style=\"font-size: 18px;\">Ind\u00e9pendamment de la finalit\u00e9 pour laquelle ils ont \u00e9t\u00e9 con\u00e7us, la reproduction totale ou partielle, l'utilisation, <\/span><span style=\"font-size: 18px;\">l'exploitation, la distribution et la commercialisation, requiert en tout \u00e9tat de cause l'autorisation \u00e9crite pr\u00e9alable de l'autorit\u00e9 comp\u00e9tente. <\/span><span style=\"font-size: 18px;\">de la part du RESPONSABLE. Toute utilisation non autoris\u00e9e au pr\u00e9alable est consid\u00e9r\u00e9e comme une infraction <\/span><span style=\"font-size: 18px;\">une atteinte grave aux droits de propri\u00e9t\u00e9 intellectuelle ou industrielle de l'auteur. <\/span><\/p>\n<p><span style=\"font-size: 18px;\">Le RESPONSABLE reconna\u00eet les droits de propri\u00e9t\u00e9 intellectuelle et industrielle correspondants en faveur de leurs propri\u00e9taires, et leur simple mention ou apparition sur le site web n'implique l'existence d'aucun droit ou responsabilit\u00e9 de quelque nature que ce soit \u00e0 leur \u00e9gard, ni aucune approbation, parrainage ou recommandation de leur part.<\/span><\/p>\n<p><span style=\"font-size: 18px;\">Pour faire des commentaires sur d'\u00e9ventuelles violations des droits de propri\u00e9t\u00e9 intellectuelle ou industrielle, ainsi que sur tout contenu du site web, vous pouvez envoyer un courrier \u00e9lectronique \u00e0 INFO@HABITATAOVE.COM.<\/span><\/p>\n<h3>3. Exemption de responsabilit\u00e9<\/h3>\n<p><span style=\"font-size: 18px;\">Le RESPONSABLE est exon\u00e9r\u00e9 de tout type de responsabilit\u00e9 d\u00e9riv\u00e9e des informations publi\u00e9es sur son site web \u00e0 condition qu'il n'ait pas connaissance effective que ces informations ont \u00e9t\u00e9 manipul\u00e9es ou introduites par un tiers ext\u00e9rieur \u00e0 celui-ci ou, si c'est le cas, qu'il ait agi avec diligence pour supprimer les donn\u00e9es ou rendre impossible leur acc\u00e8s.<\/span><\/p>\n<p><strong><span style=\"font-size: 18px;\">Utilisation des cookies<\/span><\/strong><\/p>\n<p><span style=\"font-size: 18px;\">Ce site web peut utiliser des cookies techniques (petits fichiers d'information que le serveur envoie \u00e0 l'ordinateur de la personne qui acc\u00e8de \u00e0 la page) pour ex\u00e9cuter certaines fonctions consid\u00e9r\u00e9es comme essentielles au bon fonctionnement et \u00e0 la visualisation du site. Les cookies utilis\u00e9s sont, dans tous les cas, de nature temporaire, dans le seul but de rendre la navigation plus efficace, et disparaissent \u00e0 la fin de la session de l'utilisateur. En aucun cas ces cookies ne fournissent eux-m\u00eames des donn\u00e9es \u00e0 caract\u00e8re personnel et ils ne seront pas utilis\u00e9s pour collecter de telles donn\u00e9es.<\/span><\/p>\n<p><span style=\"font-size: 18px;\">Gr\u00e2ce \u00e0 l'utilisation de cookies, il est \u00e9galement possible que le serveur o\u00f9 se trouve le site web reconnaisse le navigateur utilis\u00e9 par l'utilisateur afin de faciliter la navigation, en permettant, par exemple, aux utilisateurs qui se sont pr\u00e9alablement enregistr\u00e9s d'acc\u00e9der \u00e0 des zones, des services, des promotions ou des concours qui leur sont exclusivement r\u00e9serv\u00e9s, sans avoir \u00e0 s'enregistrer \u00e0 chaque visite.<\/span><\/p>\n<p><span style=\"font-size: 18px;\">Ils peuvent \u00e9galement \u00eatre utilis\u00e9s pour mesurer l'audience, les param\u00e8tres de trafic, contr\u00f4ler la progression et le nombre d'inscriptions, etc. Ce site web n'installera pas de cookies dispensables sans le consentement pr\u00e9alable de l'utilisateur.<\/span><\/p>\n<p><span style=\"font-size: 18px;\">L'utilisateur a la possibilit\u00e9 de configurer son navigateur pour \u00eatre alert\u00e9 de la r\u00e9ception de cookies et pour emp\u00eacher leur installation sur son ordinateur. Veuillez consulter les instructions de votre navigateur pour plus d'informations.<\/span><\/p>\n<p><strong><span style=\"font-size: 18px;\">Politique de liaison<\/span><\/strong><\/p>\n<p><span style=\"font-size: 18px;\">Depuis le site web, il est possible que vous soyez redirig\u00e9 vers des contenus de sites web de tiers. \u00c9tant donn\u00e9 que le RESPONSABLE ne peut pas toujours contr\u00f4ler les contenus introduits par des tiers sur leurs sites web respectifs, il n'assume aucun type de responsabilit\u00e9 \u00e0 l'\u00e9gard desdits contenus. En tout \u00e9tat de cause, il proc\u00e9dera au retrait imm\u00e9diat de tout contenu susceptible de contrevenir \u00e0 la l\u00e9gislation nationale ou internationale, \u00e0 la morale ou \u00e0 l'ordre public, en proc\u00e9dant au retrait imm\u00e9diat de la redirection vers ledit site web, en informant les autorit\u00e9s comp\u00e9tentes du contenu en question.<\/span><\/p>\n<p><span style=\"font-size: 18px;\">Le RESPONSABLE n'est pas responsable des informations et des contenus stock\u00e9s, y compris, mais sans s'y limiter, dans les forums, les chats, les g\u00e9n\u00e9rateurs de blogs, les commentaires, les r\u00e9seaux sociaux ou tout autre support permettant \u00e0 des tiers de publier des contenus de mani\u00e8re ind\u00e9pendante sur le site web du RESPONSABLE. Toutefois, et conform\u00e9ment aux dispositions des articles 11 et 16 de la LSSICE, il se met \u00e0 la disposition de tous les utilisateurs, autorit\u00e9s et forces de s\u00e9curit\u00e9, en collaborant activement au retrait ou, le cas \u00e9ch\u00e9ant, au blocage de tous les contenus susceptibles d'affecter ou de contrevenir \u00e0 la l\u00e9gislation nationale ou internationale, aux droits des tiers ou \u00e0 la morale et \u00e0 l'ordre public. Si l'utilisateur consid\u00e8re qu'il existe sur le site un contenu susceptible d'\u00eatre class\u00e9 dans cette cat\u00e9gorie, il est pri\u00e9 d'en informer imm\u00e9diatement l'administrateur du site.<\/span><\/p>\n<p><span style=\"font-size: 18px;\">Ce site web a \u00e9t\u00e9 contr\u00f4l\u00e9 et test\u00e9 afin de garantir son bon fonctionnement. En principe, son bon fonctionnement peut \u00eatre garanti 365 jours par an et 24 heures par jour. Toutefois, le RESPONSABLE n'exclut pas la possibilit\u00e9 de certaines erreurs de programmation ou la survenance de cas de force majeure, de catastrophes naturelles, de gr\u00e8ves ou de circonstances similaires rendant impossible l'acc\u00e8s au site web.<\/span><\/p>\n<p><strong><span style=\"font-size: 18px;\">Adresses IP<\/span><\/strong><\/p>\n<p><span style=\"font-size: 18px;\">Les serveurs du site web pourront d\u00e9tecter automatiquement l'adresse IP et le nom de domaine utilis\u00e9s par l'utilisateur. Une adresse IP est un num\u00e9ro automatiquement attribu\u00e9 \u00e0 un ordinateur lorsqu'il se connecte \u00e0 Internet. Toutes ces informations sont enregistr\u00e9es dans un fichier d'activit\u00e9 du serveur qui permet le traitement ult\u00e9rieur des donn\u00e9es afin d'obtenir des mesures purement statistiques permettant de conna\u00eetre le nombre d'impressions de pages, le nombre de visites effectu\u00e9es sur les serveurs web, l'ordre des visites, le point d'acc\u00e8s, etc.<\/span><\/p>\n<h3>4. Droit applicable et juridiction<\/h3>\n<p><span style=\"font-size: 18px;\">Pour la r\u00e9solution de tous les litiges ou questions li\u00e9s \u00e0 ce site web ou aux activit\u00e9s qui y sont r\u00e9alis\u00e9es, la l\u00e9gislation espagnole s'applique, \u00e0 laquelle les parties se soumettent express\u00e9ment, et les tribunaux du domicile de l'UTILISATEUR ou du lieu d'ex\u00e9cution de l'obligation sont comp\u00e9tents pour la r\u00e9solution de tous les litiges d\u00e9coulant de son utilisation ou li\u00e9s \u00e0 celle-ci.<\/span><\/p>","protected":false},"excerpt":{"rendered":"<p>Aviso Legal LEY DE LOS SERVICIOS DE LA SOCIEDAD DE LA INFORMACI\u00d3N (LSSI) HABITAT AOVE S.D.A.D COOP. ANDALUZA, responsable del sitio web, en adelante RESPONSABLE, pone a disposici\u00f3n de los usuarios el presente documento, con el que pretende dar cumplimiento a las obligaciones dispuestas en la Ley 34\/2002, de 11 de julio, de Servicios de [&hellip;]<\/p>\n","protected":false},"author":2,"featured_media":0,"parent":0,"menu_order":0,"comment_status":"closed","ping_status":"closed","template":"","meta":{"footnotes":""},"class_list":["post-877","page","type-page","status-publish","hentry"],"yoast_head":"<!-- This site is optimized with the Yoast SEO Premium plugin v25.7.1 (Yoast SEO v26.8) - https:\/\/yoast.com\/product\/yoast-seo-premium-wordpress\/ -->\n<title>Aviso Legal<\/title>\n<meta name=\"robots\" content=\"index, follow, max-snippet:-1, max-image-preview:large, max-video-preview:-1\" \/>\n<link rel=\"canonical\" href=\"https:\/\/habitataove.com\/fr\/avis-juridique\/\" \/>\n<meta property=\"og:locale\" content=\"fr_FR\" \/>\n<meta property=\"og:type\" content=\"article\" \/>\n<meta property=\"og:title\" content=\"Aviso Legal\" \/>\n<meta property=\"og:description\" content=\"Aviso Legal LEY DE LOS SERVICIOS DE LA SOCIEDAD DE LA INFORMACI\u00d3N (LSSI) HABITAT AOVE S.D.A.D COOP. ANDALUZA, responsable del sitio web, en adelante RESPONSABLE, pone a disposici\u00f3n de los usuarios el presente documento, con el que pretende dar cumplimiento a las obligaciones dispuestas en la Ley 34\/2002, de 11 de julio, de Servicios de [&hellip;]\" \/>\n<meta property=\"og:url\" content=\"https:\/\/habitataove.com\/fr\/avis-juridique\/\" \/>\n<meta property=\"og:site_name\" content=\"Habitat Aove\" \/>\n<meta property=\"article:publisher\" content=\"https:\/\/www.facebook.com\/habitataove\" \/>\n<meta property=\"article:modified_time\" content=\"2025-08-13T13:01:37+00:00\" \/>\n<meta property=\"og:image\" content=\"https:\/\/habitataove.com\/wp-content\/uploads\/2025\/06\/Lata-Renovada.jpg\" \/>\n\t<meta property=\"og:image:width\" content=\"2536\" \/>\n\t<meta property=\"og:image:height\" content=\"1691\" \/>\n\t<meta property=\"og:image:type\" content=\"image\/jpeg\" \/>\n<meta name=\"twitter:card\" content=\"summary_large_image\" \/>\n<meta name=\"twitter:label1\" content=\"Dur\u00e9e de lecture estim\u00e9e\" \/>\n\t<meta name=\"twitter:data1\" content=\"6 minutes\" \/>\n<script type=\"application\/ld+json\" class=\"yoast-schema-graph\">{\"@context\":\"https:\/\/schema.org\",\"@graph\":[{\"@type\":\"WebPage\",\"@id\":\"https:\/\/habitataove.com\/aviso-legal\/\",\"url\":\"https:\/\/habitataove.com\/aviso-legal\/\",\"name\":\"Aviso Legal\",\"isPartOf\":{\"@id\":\"https:\/\/habitataove.com\/#website\"},\"datePublished\":\"2021-12-23T17:10:27+00:00\",\"dateModified\":\"2025-08-13T13:01:37+00:00\",\"breadcrumb\":{\"@id\":\"https:\/\/habitataove.com\/aviso-legal\/#breadcrumb\"},\"inLanguage\":\"fr-FR\",\"potentialAction\":[{\"@type\":\"ReadAction\",\"target\":[\"https:\/\/habitataove.com\/aviso-legal\/\"]}]},{\"@type\":\"BreadcrumbList\",\"@id\":\"https:\/\/habitataove.com\/aviso-legal\/#breadcrumb\",\"itemListElement\":[{\"@type\":\"ListItem\",\"position\":1,\"name\":\"Portada\",\"item\":\"https:\/\/habitataove.com\/\"},{\"@type\":\"ListItem\",\"position\":2,\"name\":\"Aviso Legal\"}]},{\"@type\":\"WebSite\",\"@id\":\"https:\/\/habitataove.com\/#website\",\"url\":\"https:\/\/habitataove.com\/\",\"name\":\"Habitat Aove Aceite procedente de agricultura Ecol\u00f3gica Regenerativa\",\"description\":\"Aceite de Oliva Virgen Extra Ecol\u00f3gico\",\"publisher\":{\"@id\":\"https:\/\/habitataove.com\/#organization\"},\"alternateName\":\"Habitat Aove Aceite\",\"potentialAction\":[{\"@type\":\"SearchAction\",\"target\":{\"@type\":\"EntryPoint\",\"urlTemplate\":\"https:\/\/habitataove.com\/?s={search_term_string}\"},\"query-input\":{\"@type\":\"PropertyValueSpecification\",\"valueRequired\":true,\"valueName\":\"search_term_string\"}}],\"inLanguage\":\"fr-FR\"},{\"@type\":\"Organization\",\"@id\":\"https:\/\/habitataove.com\/#organization\",\"name\":\"HABITAT AOVE S.D.A.D COOP. ANDALUZA\",\"alternateName\":\"HABITAT AOVE\",\"url\":\"https:\/\/habitataove.com\/\",\"logo\":{\"@type\":\"ImageObject\",\"inLanguage\":\"fr-FR\",\"@id\":\"https:\/\/habitataove.com\/#\/schema\/logo\/image\/\",\"url\":\"https:\/\/habitataove.com\/wp-content\/uploads\/2025\/06\/cropped-Verde.png\",\"contentUrl\":\"https:\/\/habitataove.com\/wp-content\/uploads\/2025\/06\/cropped-Verde.png\",\"width\":1333,\"height\":927,\"caption\":\"HABITAT AOVE S.D.A.D COOP. ANDALUZA\"},\"image\":{\"@id\":\"https:\/\/habitataove.com\/#\/schema\/logo\/image\/\"},\"sameAs\":[\"https:\/\/www.facebook.com\/habitataove\",\"https:\/\/www.instagram.com\/habitataove\/\"],\"description\":\"HABITAT es una cooperativa de peque\u00f1os productores de aceite que nace en el a\u00f1o 2019. Nace como un proyecto local dedicado al fomento de la agricultura ecol\u00f3gica regenerativa, para salvaguardar nuestro patrimonio natural, hist\u00f3rico y social. Uniendo los esfuerzos de los agricultores del territorio a trav\u00e9s de una Cooperativa de Aceite de Oliva Virgen Extra Ecol\u00f3gico.\",\"email\":\"sales@habitataove.com\",\"telephone\":\"+34 722 40 48 97\",\"legalName\":\"HABITAT AOVE S.D.A.D COOP. ANDALUZA\",\"foundingDate\":\"2019-01-01\",\"vatID\":\"F02739571\"}]}<\/script>\n<!-- \/ Yoast SEO Premium plugin. -->","yoast_head_json":{"title":"Avis juridique","robots":{"index":"index","follow":"follow","max-snippet":"max-snippet:-1","max-image-preview":"max-image-preview:large","max-video-preview":"max-video-preview:-1"},"canonical":"https:\/\/habitataove.com\/fr\/avis-juridique\/","og_locale":"fr_FR","og_type":"article","og_title":"Aviso Legal","og_description":"Aviso Legal LEY DE LOS SERVICIOS DE LA SOCIEDAD DE LA INFORMACI\u00d3N (LSSI) HABITAT AOVE S.D.A.D COOP. ANDALUZA, responsable del sitio web, en adelante RESPONSABLE, pone a disposici\u00f3n de los usuarios el presente documento, con el que pretende dar cumplimiento a las obligaciones dispuestas en la Ley 34\/2002, de 11 de julio, de Servicios de [&hellip;]","og_url":"https:\/\/habitataove.com\/fr\/avis-juridique\/","og_site_name":"Habitat Aove","article_publisher":"https:\/\/www.facebook.com\/habitataove","article_modified_time":"2025-08-13T13:01:37+00:00","og_image":[{"width":2536,"height":1691,"url":"https:\/\/habitataove.com\/wp-content\/uploads\/2025\/06\/Lata-Renovada.jpg","type":"image\/jpeg"}],"twitter_card":"summary_large_image","twitter_misc":{"Dur\u00e9e de lecture estim\u00e9e":"6 minutes"},"schema":{"@context":"https:\/\/schema.org","@graph":[{"@type":"WebPage","@id":"https:\/\/habitataove.com\/aviso-legal\/","url":"https:\/\/habitataove.com\/aviso-legal\/","name":"Avis juridique","isPartOf":{"@id":"https:\/\/habitataove.com\/#website"},"datePublished":"2021-12-23T17:10:27+00:00","dateModified":"2025-08-13T13:01:37+00:00","breadcrumb":{"@id":"https:\/\/habitataove.com\/aviso-legal\/#breadcrumb"},"inLanguage":"fr-FR","potentialAction":[{"@type":"ReadAction","target":["https:\/\/habitataove.com\/aviso-legal\/"]}]},{"@type":"BreadcrumbList","@id":"https:\/\/habitataove.com\/aviso-legal\/#breadcrumb","itemListElement":[{"@type":"ListItem","position":1,"name":"Portada","item":"https:\/\/habitataove.com\/"},{"@type":"ListItem","position":2,"name":"Aviso Legal"}]},{"@type":"WebSite","@id":"https:\/\/habitataove.com\/#website","url":"https:\/\/habitataove.com\/","name":"Huile d'Aove Habitat issue de l'agriculture biologique r\u00e9g\u00e9n\u00e9ratrice","description":"Huile d'olive extra vierge biologique","publisher":{"@id":"https:\/\/habitataove.com\/#organization"},"alternateName":"Habitat Aove Aceite","potentialAction":[{"@type":"SearchAction","target":{"@type":"EntryPoint","urlTemplate":"https:\/\/habitataove.com\/?s={search_term_string}"},"query-input":{"@type":"PropertyValueSpecification","valueRequired":true,"valueName":"search_term_string"}}],"inLanguage":"fr-FR"},{"@type":"Organization","@id":"https:\/\/habitataove.com\/#organization","name":"HABITAT AOVE S.D.A.D COOP. ANDALOUSIEN","alternateName":"HABITAT AOVE","url":"https:\/\/habitataove.com\/","logo":{"@type":"ImageObject","inLanguage":"fr-FR","@id":"https:\/\/habitataove.com\/#\/schema\/logo\/image\/","url":"https:\/\/habitataove.com\/wp-content\/uploads\/2025\/06\/cropped-Verde.png","contentUrl":"https:\/\/habitataove.com\/wp-content\/uploads\/2025\/06\/cropped-Verde.png","width":1333,"height":927,"caption":"HABITAT AOVE S.D.A.D COOP. ANDALUZA"},"image":{"@id":"https:\/\/habitataove.com\/#\/schema\/logo\/image\/"},"sameAs":["https:\/\/www.facebook.com\/habitataove","https:\/\/www.instagram.com\/habitataove\/"],"description":"HABITAT est une coop\u00e9rative de petits producteurs d'huile qui a \u00e9t\u00e9 fond\u00e9e en 2019. Elle est n\u00e9e comme un projet local d\u00e9di\u00e9 \u00e0 la promotion de l'agriculture biologique r\u00e9g\u00e9n\u00e9ratrice, pour sauvegarder notre patrimoine naturel, historique et social. Joindre les efforts des agriculteurs du territoire \u00e0 travers une Coop\u00e9rative d'huile d'olive extra vierge biologique.","email":"sales@habitataove.com","telephone":"+34 722 40 48 97","legalName":"HABITAT AOVE S.D.A.D COOP. ANDALUZA","foundingDate":"2019-01-01","vatID":"F02739571"}]}},"_links":{"self":[{"href":"https:\/\/habitataove.com\/fr\/wp-json\/wp\/v2\/pages\/877","targetHints":{"allow":["GET"]}}],"collection":[{"href":"https:\/\/habitataove.com\/fr\/wp-json\/wp\/v2\/pages"}],"about":[{"href":"https:\/\/habitataove.com\/fr\/wp-json\/wp\/v2\/types\/page"}],"author":[{"embeddable":true,"href":"https:\/\/habitataove.com\/fr\/wp-json\/wp\/v2\/users\/2"}],"replies":[{"embeddable":true,"href":"https:\/\/habitataove.com\/fr\/wp-json\/wp\/v2\/comments?post=877"}],"version-history":[{"count":14,"href":"https:\/\/habitataove.com\/fr\/wp-json\/wp\/v2\/pages\/877\/revisions"}],"predecessor-version":[{"id":3894,"href":"https:\/\/habitataove.com\/fr\/wp-json\/wp\/v2\/pages\/877\/revisions\/3894"}],"wp:attachment":[{"href":"https:\/\/habitataove.com\/fr\/wp-json\/wp\/v2\/media?parent=877"}],"curies":[{"name":"wp","href":"https:\/\/api.w.org\/{rel}","templated":true}]}}