{"id":2890,"date":"2025-07-08T09:38:04","date_gmt":"2025-07-08T07:38:04","guid":{"rendered":"https:\/\/habitataove.com\/?post_type=product&#038;p=2890"},"modified":"2026-01-30T13:18:26","modified_gmt":"2026-01-30T11:18:26","slug":"pack-gastro-ecologico-picual-5-latas-3l","status":"publish","type":"product","link":"https:\/\/habitataove.com\/en\/tienda\/pack-gastro-ecological-picual-pack-5-can-3l\/","title":{"rendered":"Pack Gastro HABITAT AOVE - Picual Variety - 5 3L cans"},"content":{"rendered":"<table width=\"448\" cellspacing=\"0\" cellpadding=\"7\">\n<tbody>\n<tr>\n<td colspan=\"2\" valign=\"top\" width=\"432\"><b>Organic Extra Virgin Olive Oil<\/b> <b>Regenerative<\/b><\/td>\n<\/tr>\n<tr valign=\"top\">\n<td width=\"157\"><b>FORMAT<\/b><\/td>\n<td width=\"261\">5 Cans 3 Litres<\/td>\n<\/tr>\n<tr valign=\"top\">\n<td width=\"157\"><b>VARIETY<\/b><\/td>\n<td width=\"261\">Picual<\/td>\n<\/tr>\n<tr valign=\"top\">\n<td width=\"157\"><b>SENSORY PROPERTIES<\/b><\/td>\n<td width=\"261\"><span lang=\"es-ES-u-co-trad\">It is a fruity, aromatic oil, perfect for salads and raw uses.<\/span><\/td>\n<\/tr>\n<tr valign=\"top\">\n<td width=\"157\"><b>QUALITY<\/b><\/td>\n<td width=\"261\">(AOVEE) Certificate from <b>Regenerative Agriculture of Soils and Landscapes of the Highest Quality<\/b><\/td>\n<\/tr>\n<tr valign=\"top\">\n<td width=\"157\"><b>HEALTH<\/b><\/td>\n<td width=\"261\">Prevention of cardiovascular diseases, improvement of digestive function and constipation, reduction of complications in patients with diabetes, increased bone mineralisation, protection against cellular stress and increased longevity.<\/td>\n<\/tr>\n<tr valign=\"top\">\n<td width=\"157\"><b>PROVENANCE\/ORIGIN<\/b><\/td>\n<td width=\"261\">Steppe plateau of south-eastern Spain.<\/td>\n<\/tr>\n<tr valign=\"top\">\n<td width=\"157\"><b>BOTTLING<\/b><\/td>\n<td width=\"261\">Granada, Spain<\/td>\n<\/tr>\n<tr valign=\"top\">\n<td width=\"157\"><b>CERTIFICATE<\/b><\/td>\n<td width=\"261\">ECOLOGICAL CAEE<\/td>\n<\/tr>\n<tr valign=\"top\">\n<td width=\"157\"><b>CONSERVATION<\/b><\/td>\n<td width=\"261\">Keep away from light and heat. Store in a cool, dry place.<\/td>\n<\/tr>\n<tr valign=\"top\">\n<td width=\"157\"><b>PREFERENTIAL CONSUMPTION<\/b><\/td>\n<td width=\"261\">18 months from date of packaging<\/td>\n<\/tr>\n<tr valign=\"top\">\n<td width=\"157\"><b>MATERIAL<\/b><\/td>\n<td width=\"261\">Tinplate<\/td>\n<\/tr>\n<tr valign=\"top\">\n<td width=\"157\"><b>MEASUREMENTS<\/b><\/td>\n<td width=\"261\">147 x 90 mm. h 260 mm<\/td>\n<\/tr>\n<tr valign=\"top\">\n<td width=\"157\"><b>WEIGHT<\/b><\/td>\n<td width=\"261\">3.285 gr.<\/td>\n<\/tr>\n<\/tbody>\n<\/table>\n<p>&nbsp;<\/p>\n<p><b>INGREDIENTS<\/b>:<\/p>\n<p>Organic Extra Virgin Olive Oil 100%<\/p>\n<table width=\"411\" cellspacing=\"0\" cellpadding=\"7\">\n<tbody>\n<tr>\n<td colspan=\"2\" valign=\"top\" width=\"397\"><b>SENSORY:<\/b><\/td>\n<\/tr>\n<tr valign=\"top\">\n<td width=\"148\">Colour<\/td>\n<td width=\"234\">Bright green colour<\/td>\n<\/tr>\n<tr valign=\"top\">\n<td width=\"148\">Taste<\/td>\n<td width=\"234\">Appreciable fruity nuances, no off-flavours.<\/td>\n<\/tr>\n<tr valign=\"top\">\n<td width=\"148\">Smell<\/td>\n<td width=\"234\">appreciable aromatic nuances, no extraneous odours<\/td>\n<\/tr>\n<\/tbody>\n<\/table>\n<table width=\"408\" cellspacing=\"0\" cellpadding=\"7\">\n<tbody>\n<tr>\n<td colspan=\"2\" valign=\"top\" width=\"394\"><b>PHYSICO-CHEMICAL CHARACTERISTICS:<\/b><\/p>\n<p><b>(EC Regulation 1989\/2003)<\/b><\/td>\n<\/tr>\n<tr valign=\"top\">\n<td width=\"285\">Acidity (% Oleic Acid)<\/td>\n<td width=\"95\">&lt; 0.8<\/td>\n<\/tr>\n<tr valign=\"top\">\n<td width=\"285\">Peroxides (meq O2\/Kg)<\/td>\n<td width=\"95\">&lt; 20<\/td>\n<\/tr>\n<tr valign=\"top\">\n<td width=\"285\">K232<\/td>\n<td width=\"95\">&lt; 2.50<\/td>\n<\/tr>\n<tr valign=\"top\">\n<td width=\"285\">K270<\/td>\n<td width=\"95\">&lt; 0.22<\/td>\n<\/tr>\n<tr valign=\"top\">\n<td width=\"285\"><span style=\"font-family: CIDFont+F1, serif;\"><span style=\"font-size: small;\">\u0394<\/span><\/span>K<\/td>\n<td width=\"95\">&lt;0.01<\/td>\n<\/tr>\n<tr valign=\"top\">\n<td width=\"285\">Waxes (mg\/kg)<\/td>\n<td width=\"95\">&lt; 250<\/td>\n<\/tr>\n<\/tbody>\n<\/table>\n<p>&nbsp;<\/p>\n<table width=\"409\" cellspacing=\"0\" cellpadding=\"7\">\n<tbody>\n<tr>\n<td colspan=\"2\" valign=\"top\" width=\"395\"><b>QUALITATIVE COMPOSITION:<\/b><\/td>\n<\/tr>\n<tr valign=\"top\">\n<td width=\"285\"><b>Saponifiable fraction <\/b><\/td>\n<td width=\"95\"><b>98.5 - 99.5%<\/b><\/td>\n<\/tr>\n<tr valign=\"top\">\n<td width=\"285\"><b>Unsaponifiable fraction<\/b><\/td>\n<td width=\"95\"><b>0.5 - 1.5%<\/b><\/td>\n<\/tr>\n<\/tbody>\n<\/table>\n<p>&nbsp;<\/p>","protected":false},"excerpt":{"rendered":"<h3 data-start=\"171\" data-end=\"243\">Pack Gastro HABITAT AOVE - Picual Variety - 5 3L cans<\/h3>\n<p data-start=\"245\" data-end=\"487\">Discover our <strong data-start=\"262\" data-end=\"316\">Gastro Pack of Extra Virgin Olive Oil (EVOO)<\/strong>made from olive trees cultivated in accordance with the principles of <strong data-start=\"369\" data-end=\"409\">organic and regenerative agriculture<\/strong>committed to soil health, biodiversity and authentic taste.<\/p>\n<p data-start=\"489\" data-end=\"699\">This pack includes <strong data-start=\"507\" data-end=\"530\">5 cans of 3,000 ml<\/strong> each (15 litres in total), ideal for professional kitchens, catering or lovers of good oil who value quality and a positive impact on the environment.<\/p>\n<p data-start=\"489\" data-end=\"699\">\ud83d\udd38 <strong data-start=\"704\" data-end=\"734\">100% Certified Green<\/strong><br data-start=\"734\" data-end=\"737\" \/>\ud83d\udd38 <strong data-start=\"704\" data-end=\"734\">100% Certified Regenerative<\/strong>we promote living soils and sustainable farming<br data-start=\"804\" data-end=\"807\" \/>\ud83d\udd38 <strong data-start=\"810\" data-end=\"833\">Selected varieties<\/strong>early harvesting and cold extraction<br data-start=\"876\" data-end=\"879\" \/>\ud83d\udd38 <strong data-start=\"882\" data-end=\"903\">Balanced taste<\/strong>: medium fruity with green notes and mild spiciness<br data-start=\"949\" data-end=\"952\" \/>\ud83d\udd38 <strong data-start=\"955\" data-end=\"972\">Ideal format<\/strong>: resistant and recyclable cans, perfect for preserving flavour and aroma.<\/p>","protected":false},"featured_media":3624,"template":"","meta":[],"product_brand":[],"product_cat":[207],"product_tag":[268],"class_list":{"0":"post-2890","1":"product","2":"type-product","3":"status-publish","4":"has-post-thumbnail","6":"product_cat-picual","7":"product_tag-pack","9":"first","10":"instock","11":"featured","12":"taxable","13":"shipping-taxable","14":"purchasable","15":"product-type-simple"},"yoast_head":"<!-- This site is optimized with the Yoast SEO Premium plugin v25.7.1 (Yoast SEO v26.8) - https:\/\/yoast.com\/product\/yoast-seo-premium-wordpress\/ -->\n<title>Pack Gastro Restaurantes | Aceite Premium Ecol\u00f3gico de Agricultura Regenerativa<\/title>\n<meta name=\"robots\" content=\"index, follow, max-snippet:-1, max-image-preview:large, max-video-preview:-1\" \/>\n<link rel=\"canonical\" href=\"https:\/\/habitataove.com\/en\/tienda\/pack-gastro-ecological-picual-pack-5-can-3l\/\" \/>\n<meta property=\"og:locale\" content=\"en_GB\" \/>\n<meta property=\"og:type\" content=\"article\" \/>\n<meta property=\"og:title\" content=\"Pack Gastro HABITAT AOVE - Variedad Picual - 5 Latas de 3L\" \/>\n<meta property=\"og:description\" content=\"Pack Gastro HABITAT AOVE - Variedad Picual - 5 Latas de 3L Descubre nuestro Pack Gastro de Aceite de Oliva Virgen Extra (AOVE), elaborado con olivos cultivados bajo principios de agricultura ecol\u00f3gica y regenerativa, comprometidos con la salud del suelo, la biodiversidad y el sabor aut\u00e9ntico. Este pack incluye 5 latas de 3.000 ml cada una (15 litros en total), ideal para cocinas profesionales, hosteler\u00eda o amantes del buen aceite que valoran la calidad y el impacto positivo en el medio ambiente. \ud83d\udd38 100% Ecol\u00f3gico certificado\ud83d\udd38 100% Regenerativo certificado: fomentamos suelos vivos y cultivos sostenibles\ud83d\udd38 Variedades selectas: recolecci\u00f3n temprana y extracci\u00f3n en fr\u00edo\ud83d\udd38 Sabor equilibrado: frutado medio con notas verdes y picor suave\ud83d\udd38 Formato ideal: latas resistentes y reciclables, perfectas para preservar el sabor y aroma\" \/>\n<meta property=\"og:url\" content=\"https:\/\/habitataove.com\/en\/tienda\/pack-gastro-ecological-picual-pack-5-can-3l\/\" \/>\n<meta property=\"og:site_name\" content=\"Habitat Aove\" \/>\n<meta property=\"article:publisher\" content=\"https:\/\/www.facebook.com\/habitataove\" \/>\n<meta property=\"article:modified_time\" content=\"2026-01-30T11:18:26+00:00\" \/>\n<meta property=\"og:image\" content=\"https:\/\/habitataove.com\/wp-content\/uploads\/2025\/07\/pack-gastro-5latas-3l.jpg\" \/>\n\t<meta property=\"og:image:width\" content=\"1400\" \/>\n\t<meta property=\"og:image:height\" content=\"1400\" \/>\n\t<meta property=\"og:image:type\" content=\"image\/jpeg\" \/>\n<meta name=\"twitter:card\" content=\"summary_large_image\" \/>\n<meta name=\"twitter:label1\" content=\"Estimated reading time\" \/>\n\t<meta name=\"twitter:data1\" content=\"2 minutes\" \/>\n<script type=\"application\/ld+json\" class=\"yoast-schema-graph\">{\"@context\":\"https:\/\/schema.org\",\"@graph\":[{\"@type\":\"WebPage\",\"@id\":\"https:\/\/habitataove.com\/tienda\/pack-gastro-ecologico-picual-5-latas-3l\/\",\"url\":\"https:\/\/habitataove.com\/tienda\/pack-gastro-ecologico-picual-5-latas-3l\/\",\"name\":\"Pack Gastro Restaurantes | Aceite Premium Ecol\u00f3gico de Agricultura Regenerativa\",\"isPartOf\":{\"@id\":\"https:\/\/habitataove.com\/#website\"},\"primaryImageOfPage\":{\"@id\":\"https:\/\/habitataove.com\/tienda\/pack-gastro-ecologico-picual-5-latas-3l\/#primaryimage\"},\"image\":{\"@id\":\"https:\/\/habitataove.com\/tienda\/pack-gastro-ecologico-picual-5-latas-3l\/#primaryimage\"},\"thumbnailUrl\":\"https:\/\/habitataove.com\/wp-content\/uploads\/2025\/07\/pack-gastro-5latas-3l.jpg\",\"datePublished\":\"2025-07-08T07:38:04+00:00\",\"dateModified\":\"2026-01-30T11:18:26+00:00\",\"breadcrumb\":{\"@id\":\"https:\/\/habitataove.com\/tienda\/pack-gastro-ecologico-picual-5-latas-3l\/#breadcrumb\"},\"inLanguage\":\"en-GB\",\"potentialAction\":[{\"@type\":\"ReadAction\",\"target\":[\"https:\/\/habitataove.com\/tienda\/pack-gastro-ecologico-picual-5-latas-3l\/\"]}]},{\"@type\":\"ImageObject\",\"inLanguage\":\"en-GB\",\"@id\":\"https:\/\/habitataove.com\/tienda\/pack-gastro-ecologico-picual-5-latas-3l\/#primaryimage\",\"url\":\"https:\/\/habitataove.com\/wp-content\/uploads\/2025\/07\/pack-gastro-5latas-3l.jpg\",\"contentUrl\":\"https:\/\/habitataove.com\/wp-content\/uploads\/2025\/07\/pack-gastro-5latas-3l.jpg\",\"width\":1400,\"height\":1400},{\"@type\":\"BreadcrumbList\",\"@id\":\"https:\/\/habitataove.com\/tienda\/pack-gastro-ecologico-picual-5-latas-3l\/#breadcrumb\",\"itemListElement\":[{\"@type\":\"ListItem\",\"position\":1,\"name\":\"Portada\",\"item\":\"https:\/\/habitataove.com\/\"},{\"@type\":\"ListItem\",\"position\":2,\"name\":\"Tienda\",\"item\":\"https:\/\/habitataove.com\/tienda\/\"},{\"@type\":\"ListItem\",\"position\":3,\"name\":\"Pack Gastro HABITAT AOVE &#8211; Variedad Picual &#8211; 5 Latas de 3L\"}]},{\"@type\":\"WebSite\",\"@id\":\"https:\/\/habitataove.com\/#website\",\"url\":\"https:\/\/habitataove.com\/\",\"name\":\"Habitat Aove Aceite procedente de agricultura Ecol\u00f3gica Regenerativa\",\"description\":\"Aceite de Oliva Virgen Extra Ecol\u00f3gico\",\"publisher\":{\"@id\":\"https:\/\/habitataove.com\/#organization\"},\"alternateName\":\"Habitat Aove Aceite\",\"potentialAction\":[{\"@type\":\"SearchAction\",\"target\":{\"@type\":\"EntryPoint\",\"urlTemplate\":\"https:\/\/habitataove.com\/?s={search_term_string}\"},\"query-input\":{\"@type\":\"PropertyValueSpecification\",\"valueRequired\":true,\"valueName\":\"search_term_string\"}}],\"inLanguage\":\"en-GB\"},{\"@type\":\"Organization\",\"@id\":\"https:\/\/habitataove.com\/#organization\",\"name\":\"HABITAT AOVE S.D.A.D COOP. ANDALUZA\",\"alternateName\":\"HABITAT AOVE\",\"url\":\"https:\/\/habitataove.com\/\",\"logo\":{\"@type\":\"ImageObject\",\"inLanguage\":\"en-GB\",\"@id\":\"https:\/\/habitataove.com\/#\/schema\/logo\/image\/\",\"url\":\"https:\/\/habitataove.com\/wp-content\/uploads\/2025\/06\/cropped-Verde.png\",\"contentUrl\":\"https:\/\/habitataove.com\/wp-content\/uploads\/2025\/06\/cropped-Verde.png\",\"width\":1333,\"height\":927,\"caption\":\"HABITAT AOVE S.D.A.D COOP. ANDALUZA\"},\"image\":{\"@id\":\"https:\/\/habitataove.com\/#\/schema\/logo\/image\/\"},\"sameAs\":[\"https:\/\/www.facebook.com\/habitataove\",\"https:\/\/www.instagram.com\/habitataove\/\"],\"description\":\"HABITAT es una cooperativa de peque\u00f1os productores de aceite que nace en el a\u00f1o 2019. Nace como un proyecto local dedicado al fomento de la agricultura ecol\u00f3gica regenerativa, para salvaguardar nuestro patrimonio natural, hist\u00f3rico y social. Uniendo los esfuerzos de los agricultores del territorio a trav\u00e9s de una Cooperativa de Aceite de Oliva Virgen Extra Ecol\u00f3gico.\",\"email\":\"sales@habitataove.com\",\"telephone\":\"+34 722 40 48 97\",\"legalName\":\"HABITAT AOVE S.D.A.D COOP. ANDALUZA\",\"foundingDate\":\"2019-01-01\",\"vatID\":\"F02739571\"}]}<\/script>\n<!-- \/ Yoast SEO Premium plugin. -->","yoast_head_json":{"title":"Gastro Restaurants Pack : Organic Premium Oil from Regenerative Agriculture","robots":{"index":"index","follow":"follow","max-snippet":"max-snippet:-1","max-image-preview":"max-image-preview:large","max-video-preview":"max-video-preview:-1"},"canonical":"https:\/\/habitataove.com\/en\/tienda\/pack-gastro-ecological-picual-pack-5-can-3l\/","og_locale":"en_GB","og_type":"article","og_title":"Pack Gastro HABITAT AOVE - Variedad Picual - 5 Latas de 3L","og_description":"Pack Gastro HABITAT AOVE - Variedad Picual - 5 Latas de 3L Descubre nuestro Pack Gastro de Aceite de Oliva Virgen Extra (AOVE), elaborado con olivos cultivados bajo principios de agricultura ecol\u00f3gica y regenerativa, comprometidos con la salud del suelo, la biodiversidad y el sabor aut\u00e9ntico. Este pack incluye 5 latas de 3.000 ml cada una (15 litros en total), ideal para cocinas profesionales, hosteler\u00eda o amantes del buen aceite que valoran la calidad y el impacto positivo en el medio ambiente. \ud83d\udd38 100% Ecol\u00f3gico certificado\ud83d\udd38 100% Regenerativo certificado: fomentamos suelos vivos y cultivos sostenibles\ud83d\udd38 Variedades selectas: recolecci\u00f3n temprana y extracci\u00f3n en fr\u00edo\ud83d\udd38 Sabor equilibrado: frutado medio con notas verdes y picor suave\ud83d\udd38 Formato ideal: latas resistentes y reciclables, perfectas para preservar el sabor y aroma","og_url":"https:\/\/habitataove.com\/en\/tienda\/pack-gastro-ecological-picual-pack-5-can-3l\/","og_site_name":"Habitat Aove","article_publisher":"https:\/\/www.facebook.com\/habitataove","article_modified_time":"2026-01-30T11:18:26+00:00","og_image":[{"width":1400,"height":1400,"url":"https:\/\/habitataove.com\/wp-content\/uploads\/2025\/07\/pack-gastro-5latas-3l.jpg","type":"image\/jpeg"}],"twitter_card":"summary_large_image","twitter_misc":{"Estimated reading time":"2 minutes"},"schema":{"@context":"https:\/\/schema.org","@graph":[{"@type":"WebPage","@id":"https:\/\/habitataove.com\/tienda\/pack-gastro-ecologico-picual-5-latas-3l\/","url":"https:\/\/habitataove.com\/tienda\/pack-gastro-ecologico-picual-5-latas-3l\/","name":"Gastro Restaurants Pack : Organic Premium Oil from Regenerative Agriculture","isPartOf":{"@id":"https:\/\/habitataove.com\/#website"},"primaryImageOfPage":{"@id":"https:\/\/habitataove.com\/tienda\/pack-gastro-ecologico-picual-5-latas-3l\/#primaryimage"},"image":{"@id":"https:\/\/habitataove.com\/tienda\/pack-gastro-ecologico-picual-5-latas-3l\/#primaryimage"},"thumbnailUrl":"https:\/\/habitataove.com\/wp-content\/uploads\/2025\/07\/pack-gastro-5latas-3l.jpg","datePublished":"2025-07-08T07:38:04+00:00","dateModified":"2026-01-30T11:18:26+00:00","breadcrumb":{"@id":"https:\/\/habitataove.com\/tienda\/pack-gastro-ecologico-picual-5-latas-3l\/#breadcrumb"},"inLanguage":"en-GB","potentialAction":[{"@type":"ReadAction","target":["https:\/\/habitataove.com\/tienda\/pack-gastro-ecologico-picual-5-latas-3l\/"]}]},{"@type":"ImageObject","inLanguage":"en-GB","@id":"https:\/\/habitataove.com\/tienda\/pack-gastro-ecologico-picual-5-latas-3l\/#primaryimage","url":"https:\/\/habitataove.com\/wp-content\/uploads\/2025\/07\/pack-gastro-5latas-3l.jpg","contentUrl":"https:\/\/habitataove.com\/wp-content\/uploads\/2025\/07\/pack-gastro-5latas-3l.jpg","width":1400,"height":1400},{"@type":"BreadcrumbList","@id":"https:\/\/habitataove.com\/tienda\/pack-gastro-ecologico-picual-5-latas-3l\/#breadcrumb","itemListElement":[{"@type":"ListItem","position":1,"name":"Portada","item":"https:\/\/habitataove.com\/"},{"@type":"ListItem","position":2,"name":"Tienda","item":"https:\/\/habitataove.com\/tienda\/"},{"@type":"ListItem","position":3,"name":"Pack Gastro HABITAT AOVE &#8211; Variedad Picual &#8211; 5 Latas de 3L"}]},{"@type":"WebSite","@id":"https:\/\/habitataove.com\/#website","url":"https:\/\/habitataove.com\/","name":"Habitat Aove Oil from Regenerative Organic farming","description":"Organic Extra Virgin Olive Oil","publisher":{"@id":"https:\/\/habitataove.com\/#organization"},"alternateName":"Habitat Aove Aceite","potentialAction":[{"@type":"SearchAction","target":{"@type":"EntryPoint","urlTemplate":"https:\/\/habitataove.com\/?s={search_term_string}"},"query-input":{"@type":"PropertyValueSpecification","valueRequired":true,"valueName":"search_term_string"}}],"inLanguage":"en-GB"},{"@type":"Organization","@id":"https:\/\/habitataove.com\/#organization","name":"HABITAT AOVE S.D.A.D COOP. ANDALUSIAN","alternateName":"HABITAT AOVE","url":"https:\/\/habitataove.com\/","logo":{"@type":"ImageObject","inLanguage":"en-GB","@id":"https:\/\/habitataove.com\/#\/schema\/logo\/image\/","url":"https:\/\/habitataove.com\/wp-content\/uploads\/2025\/06\/cropped-Verde.png","contentUrl":"https:\/\/habitataove.com\/wp-content\/uploads\/2025\/06\/cropped-Verde.png","width":1333,"height":927,"caption":"HABITAT AOVE S.D.A.D COOP. ANDALUZA"},"image":{"@id":"https:\/\/habitataove.com\/#\/schema\/logo\/image\/"},"sameAs":["https:\/\/www.facebook.com\/habitataove","https:\/\/www.instagram.com\/habitataove\/"],"description":"HABITAT is a cooperative of small oil producers that was founded in 2019. It was born as a local project dedicated to the promotion of regenerative organic agriculture, to safeguard our natural, historical and social heritage. Joining the efforts of the farmers of the territory through a Cooperative of Organic Extra Virgin Olive Oil.","email":"sales@habitataove.com","telephone":"+34 722 40 48 97","legalName":"HABITAT AOVE S.D.A.D COOP. ANDALUZA","foundingDate":"2019-01-01","vatID":"F02739571"}]}},"_links":{"self":[{"href":"https:\/\/habitataove.com\/en\/wp-json\/wp\/v2\/product\/2890","targetHints":{"allow":["GET"]}}],"collection":[{"href":"https:\/\/habitataove.com\/en\/wp-json\/wp\/v2\/product"}],"about":[{"href":"https:\/\/habitataove.com\/en\/wp-json\/wp\/v2\/types\/product"}],"wp:featuredmedia":[{"embeddable":true,"href":"https:\/\/habitataove.com\/en\/wp-json\/wp\/v2\/media\/3624"}],"wp:attachment":[{"href":"https:\/\/habitataove.com\/en\/wp-json\/wp\/v2\/media?parent=2890"}],"wp:term":[{"taxonomy":"product_brand","embeddable":true,"href":"https:\/\/habitataove.com\/en\/wp-json\/wp\/v2\/product_brand?post=2890"},{"taxonomy":"product_cat","embeddable":true,"href":"https:\/\/habitataove.com\/en\/wp-json\/wp\/v2\/product_cat?post=2890"},{"taxonomy":"product_tag","embeddable":true,"href":"https:\/\/habitataove.com\/en\/wp-json\/wp\/v2\/product_tag?post=2890"}],"curies":[{"name":"wp","href":"https:\/\/api.w.org\/{rel}","templated":true}]}}