{"id":2889,"date":"2025-07-08T09:35:42","date_gmt":"2025-07-08T07:35:42","guid":{"rendered":"https:\/\/habitataove.com\/?post_type=product&#038;p=2889"},"modified":"2026-01-30T13:19:17","modified_gmt":"2026-01-30T11:19:17","slug":"pack-gourmet-ecologico-picual-7-latas-500ml","status":"publish","type":"product","link":"https:\/\/habitataove.com\/en\/tienda\/pack-gourmet-ecological-ecological-picual-7-can-500ml\/","title":{"rendered":"Gourmet Pack HABITAT AOVE - Picual - 7 Cans 500ml"},"content":{"rendered":"<table width=\"448\" cellspacing=\"0\" cellpadding=\"7\">\n<tbody>\n<tr>\n<td colspan=\"2\" valign=\"top\" width=\"432\"><b>Organic Extra Virgin Olive Oil<\/b> <b>and Regenerative<\/b><\/td>\n<\/tr>\n<tr valign=\"top\">\n<td width=\"157\"><b>FORMAT<\/b><\/td>\n<td width=\"261\">Can 500 ml<\/td>\n<\/tr>\n<tr valign=\"top\">\n<td width=\"157\"><b>VARIETY<\/b><\/td>\n<td width=\"261\">Picual<\/td>\n<\/tr>\n<tr valign=\"top\">\n<td width=\"157\"><b>SENSORY PROPERTIES<\/b><\/td>\n<td width=\"261\"><span lang=\"es-ES-u-co-trad\">It is a fruity, aromatic oil, perfect for salads and raw uses.<\/span><\/td>\n<\/tr>\n<tr valign=\"top\">\n<td width=\"157\"><b>QUALITY<\/b><\/td>\n<td width=\"261\">(AOVEE) Certificate from <b>Regenerative Agriculture of Soils and Landscapes of the Highest Quality<\/b><\/td>\n<\/tr>\n<tr valign=\"top\">\n<td width=\"157\"><b>HEALTH<\/b><\/td>\n<td width=\"261\">Prevention of cardiovascular diseases, improvement of digestive function and constipation, reduction of complications in patients with diabetes, increased bone mineralisation, protection against cellular stress and increased longevity.<\/td>\n<\/tr>\n<tr valign=\"top\">\n<td width=\"157\"><b>PROVENANCE\/ORIGIN<\/b><\/td>\n<td width=\"261\">Steppe plateau of south-eastern Spain.<\/td>\n<\/tr>\n<tr valign=\"top\">\n<td width=\"157\"><b>BOTTLING<\/b><\/td>\n<td width=\"261\">Granada, Spain<\/td>\n<\/tr>\n<tr valign=\"top\">\n<td width=\"157\"><b>CERTIFICATE<\/b><\/td>\n<td width=\"261\">ECOLOGICAL CAEE<\/td>\n<\/tr>\n<tr valign=\"top\">\n<td width=\"157\"><b>CONSERVATION<\/b><\/td>\n<td width=\"261\">Keep away from light and heat. Store in a cool, dry place.<\/td>\n<\/tr>\n<tr valign=\"top\">\n<td width=\"157\"><b>PREFERENTIAL CONSUMPTION<\/b><\/td>\n<td width=\"261\">18 months from date of packaging<\/td>\n<\/tr>\n<tr valign=\"top\">\n<td width=\"157\"><b>MATERIAL<\/b><\/td>\n<td width=\"261\">Tinplate<\/td>\n<\/tr>\n<tr valign=\"top\">\n<td width=\"157\"><b>MEASUREMENTS<\/b><\/td>\n<td width=\"261\">76 x 49 mm. 159 mm<\/td>\n<\/tr>\n<tr valign=\"top\">\n<td width=\"157\"><b>WEIGHT<\/b><\/td>\n<td width=\"261\">570 gr.<\/td>\n<\/tr>\n<\/tbody>\n<\/table>\n<p>&nbsp;<\/p>\n<p><b>INGREDIENTS<\/b>:<\/p>\n<p>Organic Extra Virgin Olive Oil 100%<\/p>\n<table width=\"411\" cellspacing=\"0\" cellpadding=\"7\">\n<tbody>\n<tr>\n<td colspan=\"2\" valign=\"top\" width=\"397\"><b>SENSORY:<\/b><\/td>\n<\/tr>\n<tr valign=\"top\">\n<td width=\"148\">Colour<\/td>\n<td width=\"234\">Bright green colour<\/td>\n<\/tr>\n<tr valign=\"top\">\n<td width=\"148\">Taste<\/td>\n<td width=\"234\">Appreciable fruity nuances, no off-flavours.<\/td>\n<\/tr>\n<tr valign=\"top\">\n<td width=\"148\">Smell<\/td>\n<td width=\"234\">appreciable aromatic nuances, no extraneous odours<\/td>\n<\/tr>\n<\/tbody>\n<\/table>\n<table width=\"408\" cellspacing=\"0\" cellpadding=\"7\">\n<tbody>\n<tr>\n<td colspan=\"2\" valign=\"top\" width=\"394\"><b>PHYSICO-CHEMICAL CHARACTERISTICS:<\/b><\/p>\n<p><b>(EC Regulation 1989\/2003)<\/b><\/td>\n<\/tr>\n<tr valign=\"top\">\n<td width=\"285\">Acidity (% Oleic Acid)<\/td>\n<td width=\"95\">&lt; 0.8<\/td>\n<\/tr>\n<tr valign=\"top\">\n<td width=\"285\">Peroxides (meq O2\/Kg)<\/td>\n<td width=\"95\">&lt; 20<\/td>\n<\/tr>\n<tr valign=\"top\">\n<td width=\"285\">K232<\/td>\n<td width=\"95\">&lt; 2.50<\/td>\n<\/tr>\n<tr valign=\"top\">\n<td width=\"285\">K270<\/td>\n<td width=\"95\">&lt; 0.22<\/td>\n<\/tr>\n<tr valign=\"top\">\n<td width=\"285\"><span style=\"font-family: CIDFont+F1, serif;\"><span style=\"font-size: small;\">\u0394<\/span><\/span>K<\/td>\n<td width=\"95\">&lt;0.01<\/td>\n<\/tr>\n<tr valign=\"top\">\n<td width=\"285\">Waxes (mg\/kg)<\/td>\n<td width=\"95\">&lt; 250<\/td>\n<\/tr>\n<\/tbody>\n<\/table>\n<p>&nbsp;<\/p>\n<table width=\"409\" cellspacing=\"0\" cellpadding=\"7\">\n<tbody>\n<tr>\n<td colspan=\"2\" valign=\"top\" width=\"395\"><b>QUALITATIVE COMPOSITION:<\/b><\/td>\n<\/tr>\n<tr valign=\"top\">\n<td width=\"285\"><b>Saponifiable fraction <\/b><\/td>\n<td width=\"95\"><b>98.5 - 99.5%<\/b><\/td>\n<\/tr>\n<tr valign=\"top\">\n<td width=\"285\"><b>Unsaponifiable fraction<\/b><\/td>\n<td width=\"95\"><b>0.5 - 1.5%<\/b><\/td>\n<\/tr>\n<\/tbody>\n<\/table>\n<p>&nbsp;<\/p>","protected":false},"excerpt":{"rendered":"<h3 data-start=\"130\" data-end=\"203\"><strong data-start=\"134\" data-end=\"203\">Organic and Regenerative Gourmet Pack - Picual - 7 Cans x 500 ml (3,5 litres in total)<\/strong><\/h3>\n<p data-start=\"205\" data-end=\"488\">Immerse yourself in the excellence of EVOO with our <strong data-start=\"253\" data-end=\"321\">Gourmet Pack of Extra Virgin Olive Oil single varietal Picual<\/strong>made from olives selected and cultivated according to the following practices <strong data-start=\"401\" data-end=\"431\">ecological and regenerative<\/strong> that care for the land and enhance authentic flavours.<\/p>\n<p data-start=\"490\" data-end=\"682\">This pack contains <strong data-start=\"509\" data-end=\"530\">7 cans of 500 ml<\/strong> (3.5 litres in total), presented in an elegant and practical format, ideal as a gift or to enjoy a unique gastronomic experience at home.<\/p>\n<p data-start=\"684\" data-end=\"1117\">\ud83d\udd38 <strong data-start=\"687\" data-end=\"711\">Variety Picual 100%<\/strong>potent, stable and high in natural antioxidants<br data-start=\"777\" data-end=\"780\" \/>\ud83d\udd38 <strong data-start=\"783\" data-end=\"819\">Organic and regenerative farming<\/strong>pesticide-free, respecting biodiversity<br data-start=\"864\" data-end=\"867\" \/>\ud83d\udd38 <strong data-start=\"870\" data-end=\"915\">Cold extraction and early harvesting<\/strong><br data-start=\"1021\" data-end=\"1024\" \/>\ud83d\udd38 <strong data-start=\"1027\" data-end=\"1046\">Premium format<\/strong>: opaque tins that protect from light and retain all their properties<\/p>","protected":false},"featured_media":3625,"template":"","meta":[],"product_brand":[],"product_cat":[207],"product_tag":[268],"class_list":{"0":"post-2889","1":"product","2":"type-product","3":"status-publish","4":"has-post-thumbnail","6":"product_cat-picual","7":"product_tag-pack","9":"first","10":"instock","11":"featured","12":"taxable","13":"shipping-taxable","14":"purchasable","15":"product-type-simple"},"yoast_head":"<!-- This site is optimized with the Yoast SEO Premium plugin v25.7.1 (Yoast SEO v26.8) - https:\/\/yoast.com\/product\/yoast-seo-premium-wordpress\/ -->\n<title>Pack Gourmet | Aceite Premium Ecol\u00f3gico de Agricultura Regenerativa<\/title>\n<meta name=\"robots\" content=\"index, follow, max-snippet:-1, max-image-preview:large, max-video-preview:-1\" \/>\n<link rel=\"canonical\" href=\"https:\/\/habitataove.com\/en\/tienda\/pack-gourmet-ecological-ecological-picual-7-can-500ml\/\" \/>\n<meta property=\"og:locale\" content=\"en_GB\" \/>\n<meta property=\"og:type\" content=\"article\" \/>\n<meta property=\"og:title\" content=\"Pack Gourmet HABITAT AOVE - Picual - 7 Latas 500ml\" \/>\n<meta property=\"og:description\" content=\"Pack Gourmet Ecol\u00f3gico y Regenerativo \u2013 Picual \u2013 7 Latas x 500 ml (3,5 litros en total) Sum\u00e9rgete en la excelencia del AOVE con nuestro Pack Gourmet de Aceite de Oliva Virgen Extra monovarietal Picual, elaborado a partir de aceitunas seleccionadas y cultivadas mediante pr\u00e1cticas ecol\u00f3gicas y regenerativas que cuidan la tierra y potencian los sabores aut\u00e9nticos. Este pack contiene 7 latas de 500 ml (3,5 litros en total), presentado en un formato elegante y pr\u00e1ctico, ideal para regalar o para disfrutar en casa de una experiencia gastron\u00f3mica \u00fanica. \ud83d\udd38 Variedad Picual 100%: potente, estable y con alto contenido en antioxidantes naturales\ud83d\udd38 Cultivo ecol\u00f3gico y regenerativo: sin pesticidas, respetando la biodiversidad\ud83d\udd38 Extracci\u00f3n en fr\u00edo y recolecci\u00f3n temprana\ud83d\udd38 Formato premium: latas opacas que protegen de la luz y conservan todas sus propiedades\" \/>\n<meta property=\"og:url\" content=\"https:\/\/habitataove.com\/en\/tienda\/pack-gourmet-ecological-ecological-picual-7-can-500ml\/\" \/>\n<meta property=\"og:site_name\" content=\"Habitat Aove\" \/>\n<meta property=\"article:publisher\" content=\"https:\/\/www.facebook.com\/habitataove\" \/>\n<meta property=\"article:modified_time\" content=\"2026-01-30T11:19:17+00:00\" \/>\n<meta property=\"og:image\" content=\"https:\/\/habitataove.com\/wp-content\/uploads\/2025\/07\/pack-7-latas-500ml.jpg\" \/>\n\t<meta property=\"og:image:width\" content=\"1400\" \/>\n\t<meta property=\"og:image:height\" content=\"1400\" \/>\n\t<meta property=\"og:image:type\" content=\"image\/jpeg\" \/>\n<meta name=\"twitter:card\" content=\"summary_large_image\" \/>\n<meta name=\"twitter:label1\" content=\"Estimated reading time\" \/>\n\t<meta name=\"twitter:data1\" content=\"2 minutes\" \/>\n<script type=\"application\/ld+json\" class=\"yoast-schema-graph\">{\"@context\":\"https:\/\/schema.org\",\"@graph\":[{\"@type\":\"WebPage\",\"@id\":\"https:\/\/habitataove.com\/tienda\/pack-gourmet-ecologico-picual-7-latas-500ml\/\",\"url\":\"https:\/\/habitataove.com\/tienda\/pack-gourmet-ecologico-picual-7-latas-500ml\/\",\"name\":\"Pack Gourmet | Aceite Premium Ecol\u00f3gico de Agricultura Regenerativa\",\"isPartOf\":{\"@id\":\"https:\/\/habitataove.com\/#website\"},\"primaryImageOfPage\":{\"@id\":\"https:\/\/habitataove.com\/tienda\/pack-gourmet-ecologico-picual-7-latas-500ml\/#primaryimage\"},\"image\":{\"@id\":\"https:\/\/habitataove.com\/tienda\/pack-gourmet-ecologico-picual-7-latas-500ml\/#primaryimage\"},\"thumbnailUrl\":\"https:\/\/habitataove.com\/wp-content\/uploads\/2025\/07\/pack-7-latas-500ml.jpg\",\"datePublished\":\"2025-07-08T07:35:42+00:00\",\"dateModified\":\"2026-01-30T11:19:17+00:00\",\"breadcrumb\":{\"@id\":\"https:\/\/habitataove.com\/tienda\/pack-gourmet-ecologico-picual-7-latas-500ml\/#breadcrumb\"},\"inLanguage\":\"en-GB\",\"potentialAction\":[{\"@type\":\"ReadAction\",\"target\":[\"https:\/\/habitataove.com\/tienda\/pack-gourmet-ecologico-picual-7-latas-500ml\/\"]}]},{\"@type\":\"ImageObject\",\"inLanguage\":\"en-GB\",\"@id\":\"https:\/\/habitataove.com\/tienda\/pack-gourmet-ecologico-picual-7-latas-500ml\/#primaryimage\",\"url\":\"https:\/\/habitataove.com\/wp-content\/uploads\/2025\/07\/pack-7-latas-500ml.jpg\",\"contentUrl\":\"https:\/\/habitataove.com\/wp-content\/uploads\/2025\/07\/pack-7-latas-500ml.jpg\",\"width\":1400,\"height\":1400},{\"@type\":\"BreadcrumbList\",\"@id\":\"https:\/\/habitataove.com\/tienda\/pack-gourmet-ecologico-picual-7-latas-500ml\/#breadcrumb\",\"itemListElement\":[{\"@type\":\"ListItem\",\"position\":1,\"name\":\"Portada\",\"item\":\"https:\/\/habitataove.com\/\"},{\"@type\":\"ListItem\",\"position\":2,\"name\":\"Tienda\",\"item\":\"https:\/\/habitataove.com\/tienda\/\"},{\"@type\":\"ListItem\",\"position\":3,\"name\":\"Pack Gourmet HABITAT AOVE &#8211; Picual &#8211; 7 Latas 500ml\"}]},{\"@type\":\"WebSite\",\"@id\":\"https:\/\/habitataove.com\/#website\",\"url\":\"https:\/\/habitataove.com\/\",\"name\":\"Habitat Aove Aceite procedente de agricultura Ecol\u00f3gica Regenerativa\",\"description\":\"Aceite de Oliva Virgen Extra Ecol\u00f3gico\",\"publisher\":{\"@id\":\"https:\/\/habitataove.com\/#organization\"},\"alternateName\":\"Habitat Aove Aceite\",\"potentialAction\":[{\"@type\":\"SearchAction\",\"target\":{\"@type\":\"EntryPoint\",\"urlTemplate\":\"https:\/\/habitataove.com\/?s={search_term_string}\"},\"query-input\":{\"@type\":\"PropertyValueSpecification\",\"valueRequired\":true,\"valueName\":\"search_term_string\"}}],\"inLanguage\":\"en-GB\"},{\"@type\":\"Organization\",\"@id\":\"https:\/\/habitataove.com\/#organization\",\"name\":\"HABITAT AOVE S.D.A.D COOP. ANDALUZA\",\"alternateName\":\"HABITAT AOVE\",\"url\":\"https:\/\/habitataove.com\/\",\"logo\":{\"@type\":\"ImageObject\",\"inLanguage\":\"en-GB\",\"@id\":\"https:\/\/habitataove.com\/#\/schema\/logo\/image\/\",\"url\":\"https:\/\/habitataove.com\/wp-content\/uploads\/2025\/06\/cropped-Verde.png\",\"contentUrl\":\"https:\/\/habitataove.com\/wp-content\/uploads\/2025\/06\/cropped-Verde.png\",\"width\":1333,\"height\":927,\"caption\":\"HABITAT AOVE S.D.A.D COOP. ANDALUZA\"},\"image\":{\"@id\":\"https:\/\/habitataove.com\/#\/schema\/logo\/image\/\"},\"sameAs\":[\"https:\/\/www.facebook.com\/habitataove\",\"https:\/\/www.instagram.com\/habitataove\/\"],\"description\":\"HABITAT es una cooperativa de peque\u00f1os productores de aceite que nace en el a\u00f1o 2019. Nace como un proyecto local dedicado al fomento de la agricultura ecol\u00f3gica regenerativa, para salvaguardar nuestro patrimonio natural, hist\u00f3rico y social. Uniendo los esfuerzos de los agricultores del territorio a trav\u00e9s de una Cooperativa de Aceite de Oliva Virgen Extra Ecol\u00f3gico.\",\"email\":\"sales@habitataove.com\",\"telephone\":\"+34 722 40 48 97\",\"legalName\":\"HABITAT AOVE S.D.A.D COOP. ANDALUZA\",\"foundingDate\":\"2019-01-01\",\"vatID\":\"F02739571\"}]}<\/script>\n<!-- \/ Yoast SEO Premium plugin. -->","yoast_head_json":{"title":"Gourmet Pack : Organic Premium Oil from Regenerative Agriculture","robots":{"index":"index","follow":"follow","max-snippet":"max-snippet:-1","max-image-preview":"max-image-preview:large","max-video-preview":"max-video-preview:-1"},"canonical":"https:\/\/habitataove.com\/en\/tienda\/pack-gourmet-ecological-ecological-picual-7-can-500ml\/","og_locale":"en_GB","og_type":"article","og_title":"Pack Gourmet HABITAT AOVE - Picual - 7 Latas 500ml","og_description":"Pack Gourmet Ecol\u00f3gico y Regenerativo \u2013 Picual \u2013 7 Latas x 500 ml (3,5 litros en total) Sum\u00e9rgete en la excelencia del AOVE con nuestro Pack Gourmet de Aceite de Oliva Virgen Extra monovarietal Picual, elaborado a partir de aceitunas seleccionadas y cultivadas mediante pr\u00e1cticas ecol\u00f3gicas y regenerativas que cuidan la tierra y potencian los sabores aut\u00e9nticos. Este pack contiene 7 latas de 500 ml (3,5 litros en total), presentado en un formato elegante y pr\u00e1ctico, ideal para regalar o para disfrutar en casa de una experiencia gastron\u00f3mica \u00fanica. \ud83d\udd38 Variedad Picual 100%: potente, estable y con alto contenido en antioxidantes naturales\ud83d\udd38 Cultivo ecol\u00f3gico y regenerativo: sin pesticidas, respetando la biodiversidad\ud83d\udd38 Extracci\u00f3n en fr\u00edo y recolecci\u00f3n temprana\ud83d\udd38 Formato premium: latas opacas que protegen de la luz y conservan todas sus propiedades","og_url":"https:\/\/habitataove.com\/en\/tienda\/pack-gourmet-ecological-ecological-picual-7-can-500ml\/","og_site_name":"Habitat Aove","article_publisher":"https:\/\/www.facebook.com\/habitataove","article_modified_time":"2026-01-30T11:19:17+00:00","og_image":[{"width":1400,"height":1400,"url":"https:\/\/habitataove.com\/wp-content\/uploads\/2025\/07\/pack-7-latas-500ml.jpg","type":"image\/jpeg"}],"twitter_card":"summary_large_image","twitter_misc":{"Estimated reading time":"2 minutes"},"schema":{"@context":"https:\/\/schema.org","@graph":[{"@type":"WebPage","@id":"https:\/\/habitataove.com\/tienda\/pack-gourmet-ecologico-picual-7-latas-500ml\/","url":"https:\/\/habitataove.com\/tienda\/pack-gourmet-ecologico-picual-7-latas-500ml\/","name":"Gourmet Pack : Organic Premium Oil from Regenerative Agriculture","isPartOf":{"@id":"https:\/\/habitataove.com\/#website"},"primaryImageOfPage":{"@id":"https:\/\/habitataove.com\/tienda\/pack-gourmet-ecologico-picual-7-latas-500ml\/#primaryimage"},"image":{"@id":"https:\/\/habitataove.com\/tienda\/pack-gourmet-ecologico-picual-7-latas-500ml\/#primaryimage"},"thumbnailUrl":"https:\/\/habitataove.com\/wp-content\/uploads\/2025\/07\/pack-7-latas-500ml.jpg","datePublished":"2025-07-08T07:35:42+00:00","dateModified":"2026-01-30T11:19:17+00:00","breadcrumb":{"@id":"https:\/\/habitataove.com\/tienda\/pack-gourmet-ecologico-picual-7-latas-500ml\/#breadcrumb"},"inLanguage":"en-GB","potentialAction":[{"@type":"ReadAction","target":["https:\/\/habitataove.com\/tienda\/pack-gourmet-ecologico-picual-7-latas-500ml\/"]}]},{"@type":"ImageObject","inLanguage":"en-GB","@id":"https:\/\/habitataove.com\/tienda\/pack-gourmet-ecologico-picual-7-latas-500ml\/#primaryimage","url":"https:\/\/habitataove.com\/wp-content\/uploads\/2025\/07\/pack-7-latas-500ml.jpg","contentUrl":"https:\/\/habitataove.com\/wp-content\/uploads\/2025\/07\/pack-7-latas-500ml.jpg","width":1400,"height":1400},{"@type":"BreadcrumbList","@id":"https:\/\/habitataove.com\/tienda\/pack-gourmet-ecologico-picual-7-latas-500ml\/#breadcrumb","itemListElement":[{"@type":"ListItem","position":1,"name":"Portada","item":"https:\/\/habitataove.com\/"},{"@type":"ListItem","position":2,"name":"Tienda","item":"https:\/\/habitataove.com\/tienda\/"},{"@type":"ListItem","position":3,"name":"Pack Gourmet HABITAT AOVE &#8211; Picual &#8211; 7 Latas 500ml"}]},{"@type":"WebSite","@id":"https:\/\/habitataove.com\/#website","url":"https:\/\/habitataove.com\/","name":"Habitat Aove Oil from Regenerative Organic farming","description":"Organic Extra Virgin Olive Oil","publisher":{"@id":"https:\/\/habitataove.com\/#organization"},"alternateName":"Habitat Aove Aceite","potentialAction":[{"@type":"SearchAction","target":{"@type":"EntryPoint","urlTemplate":"https:\/\/habitataove.com\/?s={search_term_string}"},"query-input":{"@type":"PropertyValueSpecification","valueRequired":true,"valueName":"search_term_string"}}],"inLanguage":"en-GB"},{"@type":"Organization","@id":"https:\/\/habitataove.com\/#organization","name":"HABITAT AOVE S.D.A.D COOP. ANDALUSIAN","alternateName":"HABITAT AOVE","url":"https:\/\/habitataove.com\/","logo":{"@type":"ImageObject","inLanguage":"en-GB","@id":"https:\/\/habitataove.com\/#\/schema\/logo\/image\/","url":"https:\/\/habitataove.com\/wp-content\/uploads\/2025\/06\/cropped-Verde.png","contentUrl":"https:\/\/habitataove.com\/wp-content\/uploads\/2025\/06\/cropped-Verde.png","width":1333,"height":927,"caption":"HABITAT AOVE S.D.A.D COOP. ANDALUZA"},"image":{"@id":"https:\/\/habitataove.com\/#\/schema\/logo\/image\/"},"sameAs":["https:\/\/www.facebook.com\/habitataove","https:\/\/www.instagram.com\/habitataove\/"],"description":"HABITAT is a cooperative of small oil producers that was founded in 2019. It was born as a local project dedicated to the promotion of regenerative organic agriculture, to safeguard our natural, historical and social heritage. Joining the efforts of the farmers of the territory through a Cooperative of Organic Extra Virgin Olive Oil.","email":"sales@habitataove.com","telephone":"+34 722 40 48 97","legalName":"HABITAT AOVE S.D.A.D COOP. ANDALUZA","foundingDate":"2019-01-01","vatID":"F02739571"}]}},"_links":{"self":[{"href":"https:\/\/habitataove.com\/en\/wp-json\/wp\/v2\/product\/2889","targetHints":{"allow":["GET"]}}],"collection":[{"href":"https:\/\/habitataove.com\/en\/wp-json\/wp\/v2\/product"}],"about":[{"href":"https:\/\/habitataove.com\/en\/wp-json\/wp\/v2\/types\/product"}],"wp:featuredmedia":[{"embeddable":true,"href":"https:\/\/habitataove.com\/en\/wp-json\/wp\/v2\/media\/3625"}],"wp:attachment":[{"href":"https:\/\/habitataove.com\/en\/wp-json\/wp\/v2\/media?parent=2889"}],"wp:term":[{"taxonomy":"product_brand","embeddable":true,"href":"https:\/\/habitataove.com\/en\/wp-json\/wp\/v2\/product_brand?post=2889"},{"taxonomy":"product_cat","embeddable":true,"href":"https:\/\/habitataove.com\/en\/wp-json\/wp\/v2\/product_cat?post=2889"},{"taxonomy":"product_tag","embeddable":true,"href":"https:\/\/habitataove.com\/en\/wp-json\/wp\/v2\/product_tag?post=2889"}],"curies":[{"name":"wp","href":"https:\/\/api.w.org\/{rel}","templated":true}]}}