{"id":1221,"date":"2022-05-05T11:22:28","date_gmt":"2022-05-05T11:22:28","guid":{"rendered":"https:\/\/habitataove.com\/?post_type=product&#038;p=1221"},"modified":"2026-01-30T13:20:31","modified_gmt":"2026-01-30T11:20:31","slug":"aceite-regenerativo-picual-500ml","status":"publish","type":"product","link":"https:\/\/habitataove.com\/en\/tienda\/olive-picual-regenerative-oil-500ml\/","title":{"rendered":"Organic - Picual - Tin 500ml"},"content":{"rendered":"<table width=\"448\" cellspacing=\"0\" cellpadding=\"7\">\n<tbody>\n<tr>\n<td colspan=\"2\" valign=\"top\" width=\"432\"><b>Organic Extra Virgin Olive Oil<\/b> <b>(AOVEE ) <\/b><\/td>\n<\/tr>\n<tr valign=\"top\">\n<td width=\"157\"><b>FORMAT<\/b><\/td>\n<td width=\"261\">Can 500 ml<\/td>\n<\/tr>\n<tr valign=\"top\">\n<td width=\"157\"><b>VARIETY<\/b><\/td>\n<td width=\"261\">Picual<\/td>\n<\/tr>\n<tr valign=\"top\">\n<td width=\"157\"><b>SENSORY PROPERTIES<\/b><\/td>\n<td width=\"261\"><span lang=\"es-ES-u-co-trad\">It is a fruity, aromatic oil, perfect for salads and raw uses.<\/span><\/td>\n<\/tr>\n<tr valign=\"top\">\n<td width=\"157\"><b>QUALITY<\/b><\/td>\n<td width=\"261\">(AOVEE) Certificate from <b>Regenerative Agriculture of Soils and Landscapes of the Highest Quality<\/b><\/td>\n<\/tr>\n<tr valign=\"top\">\n<td width=\"157\"><b>HEALTH<\/b><\/td>\n<td width=\"261\">Prevention of cardiovascular diseases, improvement of digestive function and constipation, reduction of complications in patients with diabetes, increased bone mineralisation, protection against cellular stress and increased longevity.<\/td>\n<\/tr>\n<tr valign=\"top\">\n<td width=\"157\"><b>PROVENANCE\/ORIGIN<\/b><\/td>\n<td width=\"261\">Steppe plateau of south-eastern Spain.<\/td>\n<\/tr>\n<tr valign=\"top\">\n<td width=\"157\"><b>BOTTLING<\/b><\/td>\n<td width=\"261\">Granada, Spain<\/td>\n<\/tr>\n<tr valign=\"top\">\n<td width=\"157\"><b>CERTIFICATE<\/b><\/td>\n<td width=\"261\">ECOLOGICAL CAEE<\/td>\n<\/tr>\n<tr valign=\"top\">\n<td width=\"157\"><b>CONSERVATION<\/b><\/td>\n<td width=\"261\">Keep away from light and heat. Store in a cool, dry place.<\/td>\n<\/tr>\n<tr valign=\"top\">\n<td width=\"157\"><b>PREFERENTIAL CONSUMPTION<\/b><\/td>\n<td width=\"261\">18 months from date of packaging<\/td>\n<\/tr>\n<tr valign=\"top\">\n<td width=\"157\"><b>MATERIAL<\/b><\/td>\n<td width=\"261\">Tinplate<\/td>\n<\/tr>\n<tr valign=\"top\">\n<td width=\"157\"><b>MEASUREMENTS<\/b><\/td>\n<td width=\"261\">76 x 49 mm. 159 mm<\/td>\n<\/tr>\n<tr valign=\"top\">\n<td width=\"157\"><b>WEIGHT<\/b><\/td>\n<td width=\"261\">570 gr.<\/td>\n<\/tr>\n<\/tbody>\n<\/table>\n<p>&nbsp;<\/p>\n<p><b>INGREDIENTS<\/b>:<\/p>\n<p>Organic Extra Virgin Olive Oil 100%<\/p>\n<table width=\"411\" cellspacing=\"0\" cellpadding=\"7\">\n<tbody>\n<tr>\n<td colspan=\"2\" valign=\"top\" width=\"397\"><b>SENSORY:<\/b><\/td>\n<\/tr>\n<tr valign=\"top\">\n<td width=\"148\">Colour<\/td>\n<td width=\"234\">Bright green colour<\/td>\n<\/tr>\n<tr valign=\"top\">\n<td width=\"148\">Taste<\/td>\n<td width=\"234\">Appreciable fruity nuances, no off-flavours.<\/td>\n<\/tr>\n<tr valign=\"top\">\n<td width=\"148\">Smell<\/td>\n<td width=\"234\">appreciable aromatic nuances, no extraneous odours<\/td>\n<\/tr>\n<\/tbody>\n<\/table>\n<table width=\"408\" cellspacing=\"0\" cellpadding=\"7\">\n<tbody>\n<tr>\n<td colspan=\"2\" valign=\"top\" width=\"394\"><b>PHYSICO-CHEMICAL CHARACTERISTICS:<\/b><\/p>\n<p><b>(EC Regulation 1989\/2003)<\/b><\/td>\n<\/tr>\n<tr valign=\"top\">\n<td width=\"285\">Acidity (% Oleic Acid)<\/td>\n<td width=\"95\">&lt; 0.8<\/td>\n<\/tr>\n<tr valign=\"top\">\n<td width=\"285\">Peroxides (meq O2\/Kg)<\/td>\n<td width=\"95\">&lt; 20<\/td>\n<\/tr>\n<tr valign=\"top\">\n<td width=\"285\">K232<\/td>\n<td width=\"95\">&lt; 2.50<\/td>\n<\/tr>\n<tr valign=\"top\">\n<td width=\"285\">K270<\/td>\n<td width=\"95\">&lt; 0.22<\/td>\n<\/tr>\n<tr valign=\"top\">\n<td width=\"285\"><span style=\"font-family: CIDFont+F1, serif;\"><span style=\"font-size: small;\">\u0394<\/span><\/span>K<\/td>\n<td width=\"95\">&lt;0.01<\/td>\n<\/tr>\n<tr valign=\"top\">\n<td width=\"285\">Waxes (mg\/kg)<\/td>\n<td width=\"95\">&lt; 250<\/td>\n<\/tr>\n<\/tbody>\n<\/table>\n<p>&nbsp;<\/p>\n<table width=\"409\" cellspacing=\"0\" cellpadding=\"7\">\n<tbody>\n<tr>\n<td colspan=\"2\" valign=\"top\" width=\"395\"><b>QUALITATIVE COMPOSITION:<\/b><\/td>\n<\/tr>\n<tr valign=\"top\">\n<td width=\"285\"><b>Saponifiable fraction <\/b><\/td>\n<td width=\"95\"><b>98.5 - 99.5%<\/b><\/td>\n<\/tr>\n<tr valign=\"top\">\n<td width=\"285\"><b>Unsaponifiable fraction<\/b><\/td>\n<td width=\"95\"><b>0.5 - 1.5%<\/b><\/td>\n<\/tr>\n<\/tbody>\n<\/table>\n<p>&nbsp;<\/p>","protected":false},"excerpt":{"rendered":"<p><strong>Format<\/strong>: 500 ml can<\/p>\n<p>Small in size, big in commitment. Our <strong data-start=\"316\" data-end=\"365\">500 ml can of regenerative organic EVOO<\/strong> is perfect for those who are looking for a convenient, resistant and easy to store format, without sacrificing quality or respect for the land.<\/p>\n<p data-start=\"932\" data-end=\"955\">\ud83e\udd44 <strong data-start=\"935\" data-end=\"954\">Culinary uses<\/strong>:<\/p>\n<ul data-start=\"956\" data-end=\"1270\">\n<li data-start=\"956\" data-end=\"1021\">\n<p data-start=\"958\" data-end=\"1021\">Perfect for <strong data-start=\"972\" data-end=\"992\">salad dressing<\/strong>or toast or raw dishes.<\/p>\n<\/li>\n<li data-start=\"1022\" data-end=\"1114\">\n<p data-start=\"1024\" data-end=\"1114\">Ideal for <strong data-start=\"1035\" data-end=\"1070\">daily cooking in small doses<\/strong>: stir-fries, creams, vegetables, pastas and more.<\/p>\n<\/li>\n<li data-start=\"1115\" data-end=\"1187\">\n<p data-start=\"1117\" data-end=\"1187\">Very practical for <strong data-start=\"1135\" data-end=\"1154\">TRAVEL<\/strong> or for kitchens with limited space.<\/p>\n<\/li>\n<li data-start=\"1188\" data-end=\"1270\">\n<p data-start=\"1190\" data-end=\"1270\">Also excellent as a gift or as an introduction to the world of regenerative EVOO.<\/p>\n<\/li>\n<\/ul>\n<p data-start=\"1272\" data-end=\"1413\">\ud83d\udce6 Format: <strong data-start=\"1284\" data-end=\"1302\">500 ml can<\/strong>This opaque, recyclable film protects the oil from light and keeps all its properties intact for a longer period of time.<\/p>","protected":false},"featured_media":4086,"template":"","meta":[],"product_brand":[],"product_cat":[207],"product_tag":[270],"class_list":{"0":"post-1221","1":"product","2":"type-product","3":"status-publish","4":"has-post-thumbnail","6":"product_cat-picual","7":"product_tag-individual","9":"first","10":"instock","11":"featured","12":"taxable","13":"shipping-taxable","14":"purchasable","15":"product-type-simple"},"yoast_head":"<!-- This site is optimized with the Yoast SEO Premium plugin v25.7.1 (Yoast SEO v26.8) - https:\/\/yoast.com\/product\/yoast-seo-premium-wordpress\/ -->\n<title>Lata 500ml | Aceite Premium Ecol\u00f3gico de Agricultura Regenerativa Picual<\/title>\n<meta name=\"description\" content=\"\ud83d\udce6 Peque\u00f1a en tama\u00f1o, grande en compromiso. Nuestra lata de 500 ml de AOVE ecol\u00f3gico regenerativo es perfecta para quienes buscan un formato c\u00f3modo.\" \/>\n<meta name=\"robots\" content=\"index, follow, max-snippet:-1, max-image-preview:large, max-video-preview:-1\" \/>\n<link rel=\"canonical\" href=\"https:\/\/habitataove.com\/en\/tienda\/olive-picual-regenerative-oil-500ml\/\" \/>\n<meta property=\"og:locale\" content=\"en_GB\" \/>\n<meta property=\"og:type\" content=\"article\" \/>\n<meta property=\"og:title\" content=\"Ecol\u00f3gico - Picual - Lata 500ml\" \/>\n<meta property=\"og:description\" content=\"\ud83d\udce6 Peque\u00f1a en tama\u00f1o, grande en compromiso. Nuestra lata de 500 ml de AOVE ecol\u00f3gico regenerativo es perfecta para quienes buscan un formato c\u00f3modo.\" \/>\n<meta property=\"og:url\" content=\"https:\/\/habitataove.com\/en\/tienda\/olive-picual-regenerative-oil-500ml\/\" \/>\n<meta property=\"og:site_name\" content=\"Habitat Aove\" \/>\n<meta property=\"article:publisher\" content=\"https:\/\/www.facebook.com\/habitataove\" \/>\n<meta property=\"article:modified_time\" content=\"2026-01-30T11:20:31+00:00\" \/>\n<meta property=\"og:image\" content=\"https:\/\/habitataove.com\/wp-content\/uploads\/2022\/05\/para-web-segunda-lata.png\" \/>\n\t<meta property=\"og:image:width\" content=\"1024\" \/>\n\t<meta property=\"og:image:height\" content=\"1024\" \/>\n\t<meta property=\"og:image:type\" content=\"image\/png\" \/>\n<meta name=\"twitter:card\" content=\"summary_large_image\" \/>\n<meta name=\"twitter:label1\" content=\"Estimated reading time\" \/>\n\t<meta name=\"twitter:data1\" content=\"2 minutes\" \/>\n<script type=\"application\/ld+json\" class=\"yoast-schema-graph\">{\"@context\":\"https:\/\/schema.org\",\"@graph\":[{\"@type\":\"WebPage\",\"@id\":\"https:\/\/habitataove.com\/tienda\/aceite-regenerativo-picual-500ml\/\",\"url\":\"https:\/\/habitataove.com\/tienda\/aceite-regenerativo-picual-500ml\/\",\"name\":\"Lata 500ml | Aceite Premium Ecol\u00f3gico de Agricultura Regenerativa Picual\",\"isPartOf\":{\"@id\":\"https:\/\/habitataove.com\/#website\"},\"primaryImageOfPage\":{\"@id\":\"https:\/\/habitataove.com\/tienda\/aceite-regenerativo-picual-500ml\/#primaryimage\"},\"image\":{\"@id\":\"https:\/\/habitataove.com\/tienda\/aceite-regenerativo-picual-500ml\/#primaryimage\"},\"thumbnailUrl\":\"https:\/\/habitataove.com\/wp-content\/uploads\/2022\/05\/para-web-segunda-lata.png\",\"datePublished\":\"2022-05-05T11:22:28+00:00\",\"dateModified\":\"2026-01-30T11:20:31+00:00\",\"description\":\"\ud83d\udce6 Peque\u00f1a en tama\u00f1o, grande en compromiso. Nuestra lata de 500 ml de AOVE ecol\u00f3gico regenerativo es perfecta para quienes buscan un formato c\u00f3modo.\",\"breadcrumb\":{\"@id\":\"https:\/\/habitataove.com\/tienda\/aceite-regenerativo-picual-500ml\/#breadcrumb\"},\"inLanguage\":\"en-GB\",\"potentialAction\":[{\"@type\":\"ReadAction\",\"target\":[\"https:\/\/habitataove.com\/tienda\/aceite-regenerativo-picual-500ml\/\"]}]},{\"@type\":\"ImageObject\",\"inLanguage\":\"en-GB\",\"@id\":\"https:\/\/habitataove.com\/tienda\/aceite-regenerativo-picual-500ml\/#primaryimage\",\"url\":\"https:\/\/habitataove.com\/wp-content\/uploads\/2022\/05\/para-web-segunda-lata.png\",\"contentUrl\":\"https:\/\/habitataove.com\/wp-content\/uploads\/2022\/05\/para-web-segunda-lata.png\",\"width\":1024,\"height\":1024},{\"@type\":\"BreadcrumbList\",\"@id\":\"https:\/\/habitataove.com\/tienda\/aceite-regenerativo-picual-500ml\/#breadcrumb\",\"itemListElement\":[{\"@type\":\"ListItem\",\"position\":1,\"name\":\"Portada\",\"item\":\"https:\/\/habitataove.com\/\"},{\"@type\":\"ListItem\",\"position\":2,\"name\":\"Tienda\",\"item\":\"https:\/\/habitataove.com\/tienda\/\"},{\"@type\":\"ListItem\",\"position\":3,\"name\":\"Ecol\u00f3gico &#8211; Picual &#8211; Lata 500ml\"}]},{\"@type\":\"WebSite\",\"@id\":\"https:\/\/habitataove.com\/#website\",\"url\":\"https:\/\/habitataove.com\/\",\"name\":\"Habitat Aove Aceite procedente de agricultura Ecol\u00f3gica Regenerativa\",\"description\":\"Aceite de Oliva Virgen Extra Ecol\u00f3gico\",\"publisher\":{\"@id\":\"https:\/\/habitataove.com\/#organization\"},\"alternateName\":\"Habitat Aove Aceite\",\"potentialAction\":[{\"@type\":\"SearchAction\",\"target\":{\"@type\":\"EntryPoint\",\"urlTemplate\":\"https:\/\/habitataove.com\/?s={search_term_string}\"},\"query-input\":{\"@type\":\"PropertyValueSpecification\",\"valueRequired\":true,\"valueName\":\"search_term_string\"}}],\"inLanguage\":\"en-GB\"},{\"@type\":\"Organization\",\"@id\":\"https:\/\/habitataove.com\/#organization\",\"name\":\"HABITAT AOVE S.D.A.D COOP. ANDALUZA\",\"alternateName\":\"HABITAT AOVE\",\"url\":\"https:\/\/habitataove.com\/\",\"logo\":{\"@type\":\"ImageObject\",\"inLanguage\":\"en-GB\",\"@id\":\"https:\/\/habitataove.com\/#\/schema\/logo\/image\/\",\"url\":\"https:\/\/habitataove.com\/wp-content\/uploads\/2025\/06\/cropped-Verde.png\",\"contentUrl\":\"https:\/\/habitataove.com\/wp-content\/uploads\/2025\/06\/cropped-Verde.png\",\"width\":1333,\"height\":927,\"caption\":\"HABITAT AOVE S.D.A.D COOP. ANDALUZA\"},\"image\":{\"@id\":\"https:\/\/habitataove.com\/#\/schema\/logo\/image\/\"},\"sameAs\":[\"https:\/\/www.facebook.com\/habitataove\",\"https:\/\/www.instagram.com\/habitataove\/\"],\"description\":\"HABITAT es una cooperativa de peque\u00f1os productores de aceite que nace en el a\u00f1o 2019. Nace como un proyecto local dedicado al fomento de la agricultura ecol\u00f3gica regenerativa, para salvaguardar nuestro patrimonio natural, hist\u00f3rico y social. Uniendo los esfuerzos de los agricultores del territorio a trav\u00e9s de una Cooperativa de Aceite de Oliva Virgen Extra Ecol\u00f3gico.\",\"email\":\"sales@habitataove.com\",\"telephone\":\"+34 722 40 48 97\",\"legalName\":\"HABITAT AOVE S.D.A.D COOP. ANDALUZA\",\"foundingDate\":\"2019-01-01\",\"vatID\":\"F02739571\"}]}<\/script>\n<!-- \/ Yoast SEO Premium plugin. -->","yoast_head_json":{"title":"Can 500ml : Premium Organic Regenerative Agriculture Organic Olive Oil Picual","description":"Small in size, big in commitment. Our 500ml tin of regenerative organic EVOO is perfect for those looking for a convenient format.","robots":{"index":"index","follow":"follow","max-snippet":"max-snippet:-1","max-image-preview":"max-image-preview:large","max-video-preview":"max-video-preview:-1"},"canonical":"https:\/\/habitataove.com\/en\/tienda\/olive-picual-regenerative-oil-500ml\/","og_locale":"en_GB","og_type":"article","og_title":"Ecol\u00f3gico - Picual - Lata 500ml","og_description":"\ud83d\udce6 Peque\u00f1a en tama\u00f1o, grande en compromiso. Nuestra lata de 500 ml de AOVE ecol\u00f3gico regenerativo es perfecta para quienes buscan un formato c\u00f3modo.","og_url":"https:\/\/habitataove.com\/en\/tienda\/olive-picual-regenerative-oil-500ml\/","og_site_name":"Habitat Aove","article_publisher":"https:\/\/www.facebook.com\/habitataove","article_modified_time":"2026-01-30T11:20:31+00:00","og_image":[{"width":1024,"height":1024,"url":"https:\/\/habitataove.com\/wp-content\/uploads\/2022\/05\/para-web-segunda-lata.png","type":"image\/png"}],"twitter_card":"summary_large_image","twitter_misc":{"Estimated reading time":"2 minutes"},"schema":{"@context":"https:\/\/schema.org","@graph":[{"@type":"WebPage","@id":"https:\/\/habitataove.com\/tienda\/aceite-regenerativo-picual-500ml\/","url":"https:\/\/habitataove.com\/tienda\/aceite-regenerativo-picual-500ml\/","name":"Can 500ml : Premium Organic Regenerative Agriculture Organic Olive Oil Picual","isPartOf":{"@id":"https:\/\/habitataove.com\/#website"},"primaryImageOfPage":{"@id":"https:\/\/habitataove.com\/tienda\/aceite-regenerativo-picual-500ml\/#primaryimage"},"image":{"@id":"https:\/\/habitataove.com\/tienda\/aceite-regenerativo-picual-500ml\/#primaryimage"},"thumbnailUrl":"https:\/\/habitataove.com\/wp-content\/uploads\/2022\/05\/para-web-segunda-lata.png","datePublished":"2022-05-05T11:22:28+00:00","dateModified":"2026-01-30T11:20:31+00:00","description":"Small in size, big in commitment. Our 500ml tin of regenerative organic EVOO is perfect for those looking for a convenient format.","breadcrumb":{"@id":"https:\/\/habitataove.com\/tienda\/aceite-regenerativo-picual-500ml\/#breadcrumb"},"inLanguage":"en-GB","potentialAction":[{"@type":"ReadAction","target":["https:\/\/habitataove.com\/tienda\/aceite-regenerativo-picual-500ml\/"]}]},{"@type":"ImageObject","inLanguage":"en-GB","@id":"https:\/\/habitataove.com\/tienda\/aceite-regenerativo-picual-500ml\/#primaryimage","url":"https:\/\/habitataove.com\/wp-content\/uploads\/2022\/05\/para-web-segunda-lata.png","contentUrl":"https:\/\/habitataove.com\/wp-content\/uploads\/2022\/05\/para-web-segunda-lata.png","width":1024,"height":1024},{"@type":"BreadcrumbList","@id":"https:\/\/habitataove.com\/tienda\/aceite-regenerativo-picual-500ml\/#breadcrumb","itemListElement":[{"@type":"ListItem","position":1,"name":"Portada","item":"https:\/\/habitataove.com\/"},{"@type":"ListItem","position":2,"name":"Tienda","item":"https:\/\/habitataove.com\/tienda\/"},{"@type":"ListItem","position":3,"name":"Ecol\u00f3gico &#8211; Picual &#8211; Lata 500ml"}]},{"@type":"WebSite","@id":"https:\/\/habitataove.com\/#website","url":"https:\/\/habitataove.com\/","name":"Habitat Aove Oil from Regenerative Organic farming","description":"Organic Extra Virgin Olive Oil","publisher":{"@id":"https:\/\/habitataove.com\/#organization"},"alternateName":"Habitat Aove Aceite","potentialAction":[{"@type":"SearchAction","target":{"@type":"EntryPoint","urlTemplate":"https:\/\/habitataove.com\/?s={search_term_string}"},"query-input":{"@type":"PropertyValueSpecification","valueRequired":true,"valueName":"search_term_string"}}],"inLanguage":"en-GB"},{"@type":"Organization","@id":"https:\/\/habitataove.com\/#organization","name":"HABITAT AOVE S.D.A.D COOP. ANDALUSIAN","alternateName":"HABITAT AOVE","url":"https:\/\/habitataove.com\/","logo":{"@type":"ImageObject","inLanguage":"en-GB","@id":"https:\/\/habitataove.com\/#\/schema\/logo\/image\/","url":"https:\/\/habitataove.com\/wp-content\/uploads\/2025\/06\/cropped-Verde.png","contentUrl":"https:\/\/habitataove.com\/wp-content\/uploads\/2025\/06\/cropped-Verde.png","width":1333,"height":927,"caption":"HABITAT AOVE S.D.A.D COOP. ANDALUZA"},"image":{"@id":"https:\/\/habitataove.com\/#\/schema\/logo\/image\/"},"sameAs":["https:\/\/www.facebook.com\/habitataove","https:\/\/www.instagram.com\/habitataove\/"],"description":"HABITAT is a cooperative of small oil producers that was founded in 2019. It was born as a local project dedicated to the promotion of regenerative organic agriculture, to safeguard our natural, historical and social heritage. Joining the efforts of the farmers of the territory through a Cooperative of Organic Extra Virgin Olive Oil.","email":"sales@habitataove.com","telephone":"+34 722 40 48 97","legalName":"HABITAT AOVE S.D.A.D COOP. ANDALUZA","foundingDate":"2019-01-01","vatID":"F02739571"}]}},"_links":{"self":[{"href":"https:\/\/habitataove.com\/en\/wp-json\/wp\/v2\/product\/1221","targetHints":{"allow":["GET"]}}],"collection":[{"href":"https:\/\/habitataove.com\/en\/wp-json\/wp\/v2\/product"}],"about":[{"href":"https:\/\/habitataove.com\/en\/wp-json\/wp\/v2\/types\/product"}],"wp:featuredmedia":[{"embeddable":true,"href":"https:\/\/habitataove.com\/en\/wp-json\/wp\/v2\/media\/4086"}],"wp:attachment":[{"href":"https:\/\/habitataove.com\/en\/wp-json\/wp\/v2\/media?parent=1221"}],"wp:term":[{"taxonomy":"product_brand","embeddable":true,"href":"https:\/\/habitataove.com\/en\/wp-json\/wp\/v2\/product_brand?post=1221"},{"taxonomy":"product_cat","embeddable":true,"href":"https:\/\/habitataove.com\/en\/wp-json\/wp\/v2\/product_cat?post=1221"},{"taxonomy":"product_tag","embeddable":true,"href":"https:\/\/habitataove.com\/en\/wp-json\/wp\/v2\/product_tag?post=1221"}],"curies":[{"name":"wp","href":"https:\/\/api.w.org\/{rel}","templated":true}]}}