{"id":893,"date":"2021-12-27T08:54:44","date_gmt":"2021-12-27T08:54:44","guid":{"rendered":"https:\/\/habitataove.com\/?page_id=893"},"modified":"2025-08-13T15:06:03","modified_gmt":"2025-08-13T13:06:03","slug":"politica-de-cookies","status":"publish","type":"page","link":"https:\/\/habitataove.com\/en\/cookie-policy\/","title":{"rendered":"Cookie Policy"},"content":{"rendered":"<p style=\"text-align: center;\"><span style=\"font-size: 22px;\"><strong>INFORMATION ABOUT COOKIES<br \/>\n<\/strong><\/span><\/p>\n<p><span style=\"font-size: 18px;\">In accordance with Law 34\/2002, of 11 July, on information society services and electronic commerce (LSSI), in relation to Regulation (EU) 2016\/679 of the European Parliament and of the Council, of 27 April 2016, General Data Protection Regulation (GDPR) and Organic Law 3\/2018, of 5 December, on Data Protection and Guarantee of Digital Rights (LOPDGDD), it is obligatory to obtain the express consent of the user of all websites that use dispensable cookies, before the user browses them.<\/span><\/p>\n<p style=\"text-align: center;\"><strong><span style=\"font-size: 18px;\">WHAT ARE COOKIES?<\/span><\/strong><\/p>\n<p><span style=\"font-size: 18px;\">Cookies and other similar technologies such as local shared objects, flash cookies or pixels are tools used by web servers to store and retrieve information about their visitors and to provide a proper functioning of the site.<\/span><br \/>\n<span style=\"font-size: 18px;\">The use of these devices allows the web server to remember some data concerning the user, such as his preferences for viewing the pages of that server, name and password, products he is most interested in, etc.<\/span><\/p>\n<p style=\"text-align: center;\"><span style=\"font-size: 18px;\"><strong>COOKIES AFFECTED BY THE REGULATION AND EXEMPTED COOKIES<\/strong><\/span><\/p>\n<p><span style=\"font-size: 18px;\">According to the EU directive, the cookies that require the user's informed consent are analytical cookies and advertising and affiliation cookies, with the exception of technical cookies and those necessary for the operation of the website or the provision of services expressly requested by the user.<\/span><\/p>\n<p style=\"text-align: center;\"><strong><span style=\"font-size: 18px;\">TYPES OF COOKIES<\/span><\/strong><\/p>\n<p><strong>DEPENDING ON THE PURPOSE<\/strong><\/p>\n<ul>\n<li><span style=\"font-size: 18px;\"><strong>Technical and functional cookies<\/strong>cookies: are those that allow the user to browse through a website, platform or application and to use the different options or services that exist on it.<\/span><\/li>\n<li><span style=\"font-size: 18px;\"><strong>Analytical Cookies<\/strong>cookies: are those that allow the party responsible for them to monitor and analyse the behaviour of the users of the websites to which they are linked. The information collected through this type of cookies is used to measure the activity of the websites, application or platform and for the elaboration of browsing profiles of the users of these sites, applications and platforms, in order to introduce improvements based on the analysis of the usage data of the users of the service.<\/span><\/li>\n<li><span style=\"font-size: 18px;\"><strong>Advertising Cookies<\/strong>These are those that allow the management, in the most efficient way possible, of the advertising spaces that, where appropriate, the publisher has included on a website, application or platform from which it provides the requested service based on criteria such as the edited content or the frequency at which the advertisements are displayed.<\/span><\/li>\n<li><span style=\"font-size: 18px;\"><strong>Behavioural advertising cookies<\/strong>collect information on the user's preferences and personal choices (retargeting) to enable the management, in the most effective way possible, of the advertising spaces that, where appropriate, the publisher has included on a website, application or platform from which it provides the requested service.<\/span><\/li>\n<li><span style=\"font-size: 18px;\"><strong>Social Cookies<\/strong>are set up by social media platforms on the Services to allow you to share content with your friends and networks. Social media platforms have the ability to track your online activity outside of the Services. This may affect the content and messages you see on other services you visit.<\/span><\/li>\n<li><span style=\"font-size: 18px;\"><strong>Affiliate Cookies<\/strong>: allow you to track visits from other websites, with which the website has an affiliation contract (affiliation companies).<\/span><\/li>\n<li><span style=\"font-size: 18px;\"><strong>Security cookies<\/strong>They store encrypted information to prevent the data stored on them from being vulnerable to malicious attacks by third parties.<\/span><\/li>\n<\/ul>\n<p><span style=\"font-size: 18px;\"><strong>ACCORDING TO OWNERSHIP<br \/>\n<\/strong><\/span><\/p>\n<ul>\n<li><span style=\"font-size: 18px;\"><strong>Own cookies<\/strong>are those that are sent to the user's terminal equipment from a computer or domain managed by the publisher itself and from which the service requested by the user is provided.<br \/>\n<\/span><\/li>\n<li><span style=\"font-size: 18px;\"><strong>Third party cookies<\/strong>cookies: are those that are sent to the user's terminal equipment from a computer or domain that is not managed by the editor, but by another entity that processes the data obtained through the cookies.<\/span><\/li>\n<\/ul>\n<p><span style=\"font-size: 18px;\"><strong>ACCORDING TO THE SHELF LIFE<br \/>\n<\/strong><\/span><\/p>\n<ul>\n<li><span style=\"font-size: 18px;\"><strong>Session cookies<\/strong>cookies: these are a type of cookie designed to collect and store data while the user accesses a web page.<\/span><\/li>\n<li><span style=\"font-size: 18px;\"><strong>Persistent cookies<\/strong>cookies: these are a type of cookie in which the data remains stored in the terminal and can be accessed and processed for a period defined by the party responsible for the cookie, which can range from a few minutes to several years.<br \/>\n<\/span><\/li>\n<\/ul>\n<p style=\"text-align: center;\"><span style=\"font-size: 18px;\"><strong>PROCESSING OF PERSONAL DATA<br \/>\n<\/strong><\/span><\/p>\n<p><span style=\"font-size: 18px;\">HABITAT AOVE S.D.A.D COOP. ANDALUZA is the <strong>Data controller<\/strong> of the personal data of the <strong>Interested<\/strong> and informs you that this data will be processed in accordance with the provisions of Regulation (EU) 2016\/679 of 27 April 2016 (GDPR), for which you are provided with the following processing information:<\/span><\/p>\n<p><span style=\"font-size: 18px;\"><strong>Purposes of treatment<\/strong>as specified in the section on cookies used on this website.<\/span><\/p>\n<p><span style=\"font-size: 18px;\"><strong>Legitimation of the processing<\/strong>by consent of the data subject (art. 6.1 GDPR).<\/span><\/p>\n<p><span style=\"font-size: 18px;\"><strong>Data retention criteria<\/strong>as specified in the section on cookies used on the website.<\/span><\/p>\n<p><span style=\"font-size: 18px;\"><strong>Communication of data<\/strong>No data will be communicated to third parties, except in the case of cookies owned by third parties or by legal obligation.<\/span><\/p>\n<p><span style=\"font-size: 18px;\"><strong>Rights of the data subject<\/strong>:<\/span><\/p>\n<ul>\n<li><span style=\"font-size: 18px;\">Right to withdraw consent at any time.<\/span><\/li>\n<li><span style=\"font-size: 18px;\">The right of access, rectification, portability and deletion of your data, and the right to limit or oppose its processing.<\/span><\/li>\n<li><span style=\"font-size: 18px;\">The right to lodge a complaint with the supervisory authority (www.aepd.es) if you consider that the processing does not comply with the regulations in force.<\/span><\/li>\n<\/ul>\n<p><span style=\"font-size: 18px;\"><strong>Contact details for exercising your rights<\/strong>:<\/span><\/p>\n<p><span style=\"font-size: 18px;\">HABITAT AOVE S.D.A.D COOP. ANDALUZA. POLIGONO INDUSTRIAL HACTARA CALLE B PARECELA 38, 18811 ZUJAR (Granada) E-mail:<\/span><br \/>\n<a href=\"mailto:INFO@HABITATAOVE.COM\"><span style=\"font-size: 18px;\">INFO@HABITATAOVE.COM<\/span><\/a><br \/>\n<span style=\"font-size: 18px;\">Contact details of the data protection officer: CALLE JOS\u00c9 ARTES DE ARCOS No34 OFICINA T, 04004<\/span><br \/>\n<span style=\"font-size: 18px;\">ALMERIA - <a href=\"mailto:info@consultoriaeuropa.com\">info@consultoriaeuropa.com<\/a><\/span><\/p>\n<p style=\"text-align: center;\"><strong><span style=\"font-size: 18px;\">COOKIES USED ON THIS WEBSITE<\/span><\/strong><\/p>\n<p style=\"text-align: center;\"><strong><span style=\"font-size: 20px;\">PUBLISHER CONTROLLED COOKIES<\/span><\/strong><\/p>\n<p><strong><span style=\"font-size: 18px;\">TECHNICAL AND FUNCTIONAL<br \/>\n<\/span><\/strong><\/p>\n<p><img fetchpriority=\"high\" decoding=\"async\" class=\"aligncenter wp-image-895 size-large\" src=\"https:\/\/habitataove.com\/wp-content\/uploads\/2021\/12\/tecnicas-funcionales-1024x451.jpg\" alt=\"\" width=\"800\" height=\"352\" srcset=\"https:\/\/habitataove.com\/wp-content\/uploads\/2021\/12\/tecnicas-funcionales-1024x451.jpg 1024w, https:\/\/habitataove.com\/wp-content\/uploads\/2021\/12\/tecnicas-funcionales-600x264.jpg 600w, https:\/\/habitataove.com\/wp-content\/uploads\/2021\/12\/tecnicas-funcionales-300x132.jpg 300w, https:\/\/habitataove.com\/wp-content\/uploads\/2021\/12\/tecnicas-funcionales-768x338.jpg 768w, https:\/\/habitataove.com\/wp-content\/uploads\/2021\/12\/tecnicas-funcionales.jpg 1092w\" sizes=\"(max-width: 800px) 100vw, 800px\" \/><\/p>\n<p><strong><span style=\"font-size: 18px;\">ANALYTICS<\/span><\/strong><\/p>\n<p><img decoding=\"async\" class=\"aligncenter wp-image-897 size-large\" src=\"https:\/\/habitataove.com\/wp-content\/uploads\/2021\/12\/analiticas-1024x196.jpg\" alt=\"\" width=\"800\" height=\"153\" srcset=\"https:\/\/habitataove.com\/wp-content\/uploads\/2021\/12\/analiticas-1024x196.jpg 1024w, https:\/\/habitataove.com\/wp-content\/uploads\/2021\/12\/analiticas-600x115.jpg 600w, https:\/\/habitataove.com\/wp-content\/uploads\/2021\/12\/analiticas-300x57.jpg 300w, https:\/\/habitataove.com\/wp-content\/uploads\/2021\/12\/analiticas-768x147.jpg 768w, https:\/\/habitataove.com\/wp-content\/uploads\/2021\/12\/analiticas.jpg 1094w\" sizes=\"(max-width: 800px) 100vw, 800px\" \/><\/p>\n<p><strong><span style=\"font-size: 18px;\">ADVERTISING<\/span><\/strong><\/p>\n<p><img decoding=\"async\" class=\"aligncenter wp-image-898 size-large\" src=\"https:\/\/habitataove.com\/wp-content\/uploads\/2021\/12\/publicitarias-1024x795.jpg\" alt=\"\" width=\"800\" height=\"621\" srcset=\"https:\/\/habitataove.com\/wp-content\/uploads\/2021\/12\/publicitarias-1024x795.jpg 1024w, https:\/\/habitataove.com\/wp-content\/uploads\/2021\/12\/publicitarias-600x466.jpg 600w, https:\/\/habitataove.com\/wp-content\/uploads\/2021\/12\/publicitarias-300x233.jpg 300w, https:\/\/habitataove.com\/wp-content\/uploads\/2021\/12\/publicitarias-768x596.jpg 768w, https:\/\/habitataove.com\/wp-content\/uploads\/2021\/12\/publicitarias.jpg 1098w\" sizes=\"(max-width: 800px) 100vw, 800px\" \/><\/p>\n<p style=\"text-align: center;\"><span style=\"font-size: 20px;\"><strong>THIRD-PARTY COOKIES<br \/>\n<\/strong><\/span><\/p>\n<p><span style=\"font-size: 18px;\">Third-party services are beyond the publisher's control. The providers may change their terms of service, termination and use of cookies, etc. at any time.<\/span><\/p>\n<p><strong><span style=\"font-size: 18px;\">External providers of this website:<\/span><\/strong><\/p>\n<p><span style=\"font-size: 18px;\">Google Analytics <a href=\"https:\/\/privacy.google.com\/take-control.html\">https:\/\/privacy.google.com\/take-control.html<\/a><\/span><br \/>\n<span style=\"font-size: 18px;\">Google <a href=\"https:\/\/privacy.google.com\/take-control.html\">https:\/\/privacy.google.com\/take-control.html<\/a><\/span><br \/>\n<span style=\"font-size: 18px;\">Google <a href=\"https:\/\/safety.google\/privacy\/privacy-controls\/\">https:\/\/safety.google\/privacy\/privacy-controls\/<\/a><\/span><br \/>\n<span style=\"font-size: 18px;\">Youtube <a href=\"https:\/\/policies.google.com\/privacy\">https:\/\/policies.google.com\/privacy<\/a><\/span><br \/>\n<span style=\"font-size: 18px;\">Youtube <a href=\"https:\/\/privacy.google.com\/take-control.html\">https:\/\/privacy.google.com\/take-control.html<\/a><\/span><\/p>\n<p style=\"text-align: center;\"><strong><span style=\"font-size: 20px;\">COOKIE SETTINGS PANEL<\/span><\/strong><\/p>\n<p><span style=\"font-size: 18px;\">From this panel you will be able to configure the cookies that the website may install in your browser, except for technical or functional cookies that are necessary for browsing and using the different options or services offered.<\/span><\/p>\n<p style=\"text-align: center;\"><span style=\"font-size: 20px;\"><strong>HOW TO MANAGE COOKIES FROM YOUR BROWSER<\/strong><\/span><\/p>\n<p><img loading=\"lazy\" decoding=\"async\" class=\"aligncenter wp-image-899 size-large\" src=\"https:\/\/habitataove.com\/wp-content\/uploads\/2021\/12\/cookies-1024x291.jpg\" alt=\"\" width=\"800\" height=\"227\" srcset=\"https:\/\/habitataove.com\/wp-content\/uploads\/2021\/12\/cookies-1024x291.jpg 1024w, https:\/\/habitataove.com\/wp-content\/uploads\/2021\/12\/cookies-600x170.jpg 600w, https:\/\/habitataove.com\/wp-content\/uploads\/2021\/12\/cookies-300x85.jpg 300w, https:\/\/habitataove.com\/wp-content\/uploads\/2021\/12\/cookies-768x218.jpg 768w, https:\/\/habitataove.com\/wp-content\/uploads\/2021\/12\/cookies.jpg 1096w\" sizes=\"(max-width: 800px) 100vw, 800px\" \/><\/p>\n<p style=\"text-align: center;\"><strong><span style=\"font-size: 20px;\">HOW TO DELETE COOKIES FROM THE MOST COMMON BROWSERS<\/span><\/strong><\/p>\n<p><span style=\"font-size: 18px;\">Chrome <a href=\"http:\/\/support.google.com\/chrome\/answer\/95647?hl=es\">http:\/\/support.google.com\/chrome\/answer\/95647?hl=es<\/a><\/span><br \/>\n<span style=\"font-size: 18px;\">Edge <a href=\"https:\/\/support.microsoft.com\/es-es\/microsoft-edge\/eliminar-las-cookies-en-microsoft-edge-63947406-40ac-c3b8-57b9-2a946a29ae09\">https:\/\/support.microsoft.com\/es-es\/microsoft-edge\/eliminar-las-cookies-en-microsoft-edge-63947406-40ac-c3b8-57b9-2a946a29ae09<\/a><\/span><br \/>\n<span style=\"font-size: 18px;\">Explorer <a href=\"https:\/\/support.microsoft.com\/es-es\/help\/278835\/how-to-delete-cookie-files-in-internet-explorer\">https:\/\/support.microsoft.com\/es-es\/help\/278835\/how-to-delete-cookie-files-in-internet-explorer<\/a><\/span><br \/>\n<span style=\"font-size: 18px;\">Firefox <a href=\"https:\/\/www.mozilla.org\/es-ES\/privacy\/websites\/#cookies\">https:\/\/www.mozilla.org\/es-ES\/privacy\/websites\/#cookies<\/a><\/span><br \/>\n<span style=\"font-size: 18px;\">Safari <a href=\"https:\/\/support.apple.com\/es-es\/guide\/safari\/sfri11471\/mac\">https:\/\/support.apple.com\/es-es\/guide\/safari\/sfri11471\/mac<\/a><\/span><br \/>\n<span style=\"font-size: 18px;\">Opera <a href=\"https:\/\/help.opera.com\/en\/latest\/security-and-privacy\/#clearBrowsingData\">https:\/\/help.opera.com\/en\/latest\/security-and-privacy\/#clearBrowsingData<\/a><\/span><\/p>","protected":false},"excerpt":{"rendered":"<p>INFORMACI\u00d3N SOBRE COOKIES Conforme con la Ley 34\/2002, de 11 de julio, de servicios de la sociedad de la informaci\u00f3n y de comercio electr\u00f3nico (LSSI), en relaci\u00f3n con el Reglamento (UE) 2016\/679 del Parlamento Europeo y del Consejo, de 27 de abril de 2016, General de Protecci\u00f3n de Datos (GDPR) y la Ley Org\u00e1nica 3\/2018, [&hellip;]<\/p>\n","protected":false},"author":2,"featured_media":0,"parent":0,"menu_order":0,"comment_status":"closed","ping_status":"closed","template":"","meta":{"footnotes":""},"class_list":["post-893","page","type-page","status-publish","hentry"],"yoast_head":"<!-- This site is optimized with the Yoast SEO Premium plugin v25.7.1 (Yoast SEO v26.8) - https:\/\/yoast.com\/product\/yoast-seo-premium-wordpress\/ -->\n<title>Pol\u00edtica de Cookies<\/title>\n<meta name=\"robots\" content=\"index, follow, max-snippet:-1, max-image-preview:large, max-video-preview:-1\" \/>\n<link rel=\"canonical\" href=\"https:\/\/habitataove.com\/en\/cookie-policy\/\" \/>\n<meta property=\"og:locale\" content=\"en_GB\" \/>\n<meta property=\"og:type\" content=\"article\" \/>\n<meta property=\"og:title\" content=\"Pol\u00edtica de Cookies\" \/>\n<meta property=\"og:description\" content=\"INFORMACI\u00d3N SOBRE COOKIES Conforme con la Ley 34\/2002, de 11 de julio, de servicios de la sociedad de la informaci\u00f3n y de comercio electr\u00f3nico (LSSI), en relaci\u00f3n con el Reglamento (UE) 2016\/679 del Parlamento Europeo y del Consejo, de 27 de abril de 2016, General de Protecci\u00f3n de Datos (GDPR) y la Ley Org\u00e1nica 3\/2018, [&hellip;]\" \/>\n<meta property=\"og:url\" content=\"https:\/\/habitataove.com\/en\/cookie-policy\/\" \/>\n<meta property=\"og:site_name\" content=\"Habitat Aove\" \/>\n<meta property=\"article:publisher\" content=\"https:\/\/www.facebook.com\/habitataove\" \/>\n<meta property=\"article:modified_time\" content=\"2025-08-13T13:06:03+00:00\" \/>\n<meta property=\"og:image\" content=\"https:\/\/habitataove.com\/wp-content\/uploads\/2021\/12\/tecnicas-funcionales.jpg\" \/>\n\t<meta property=\"og:image:width\" content=\"1092\" \/>\n\t<meta property=\"og:image:height\" content=\"481\" \/>\n\t<meta property=\"og:image:type\" content=\"image\/jpeg\" \/>\n<meta name=\"twitter:card\" content=\"summary_large_image\" \/>\n<meta name=\"twitter:label1\" content=\"Estimated reading time\" \/>\n\t<meta name=\"twitter:data1\" content=\"6 minutes\" \/>\n<script type=\"application\/ld+json\" class=\"yoast-schema-graph\">{\"@context\":\"https:\/\/schema.org\",\"@graph\":[{\"@type\":\"WebPage\",\"@id\":\"https:\/\/habitataove.com\/politica-de-cookies\/\",\"url\":\"https:\/\/habitataove.com\/politica-de-cookies\/\",\"name\":\"Pol\u00edtica de Cookies\",\"isPartOf\":{\"@id\":\"https:\/\/habitataove.com\/#website\"},\"primaryImageOfPage\":{\"@id\":\"https:\/\/habitataove.com\/politica-de-cookies\/#primaryimage\"},\"image\":{\"@id\":\"https:\/\/habitataove.com\/politica-de-cookies\/#primaryimage\"},\"thumbnailUrl\":\"https:\/\/habitataove.com\/wp-content\/uploads\/2021\/12\/tecnicas-funcionales-1024x451.jpg\",\"datePublished\":\"2021-12-27T08:54:44+00:00\",\"dateModified\":\"2025-08-13T13:06:03+00:00\",\"breadcrumb\":{\"@id\":\"https:\/\/habitataove.com\/politica-de-cookies\/#breadcrumb\"},\"inLanguage\":\"en-GB\",\"potentialAction\":[{\"@type\":\"ReadAction\",\"target\":[\"https:\/\/habitataove.com\/politica-de-cookies\/\"]}]},{\"@type\":\"ImageObject\",\"inLanguage\":\"en-GB\",\"@id\":\"https:\/\/habitataove.com\/politica-de-cookies\/#primaryimage\",\"url\":\"https:\/\/habitataove.com\/wp-content\/uploads\/2021\/12\/tecnicas-funcionales-1024x451.jpg\",\"contentUrl\":\"https:\/\/habitataove.com\/wp-content\/uploads\/2021\/12\/tecnicas-funcionales-1024x451.jpg\"},{\"@type\":\"BreadcrumbList\",\"@id\":\"https:\/\/habitataove.com\/politica-de-cookies\/#breadcrumb\",\"itemListElement\":[{\"@type\":\"ListItem\",\"position\":1,\"name\":\"Portada\",\"item\":\"https:\/\/habitataove.com\/\"},{\"@type\":\"ListItem\",\"position\":2,\"name\":\"Pol\u00edtica de Cookies\"}]},{\"@type\":\"WebSite\",\"@id\":\"https:\/\/habitataove.com\/#website\",\"url\":\"https:\/\/habitataove.com\/\",\"name\":\"Habitat Aove Aceite procedente de agricultura Ecol\u00f3gica Regenerativa\",\"description\":\"Aceite de Oliva Virgen Extra Ecol\u00f3gico\",\"publisher\":{\"@id\":\"https:\/\/habitataove.com\/#organization\"},\"alternateName\":\"Habitat Aove Aceite\",\"potentialAction\":[{\"@type\":\"SearchAction\",\"target\":{\"@type\":\"EntryPoint\",\"urlTemplate\":\"https:\/\/habitataove.com\/?s={search_term_string}\"},\"query-input\":{\"@type\":\"PropertyValueSpecification\",\"valueRequired\":true,\"valueName\":\"search_term_string\"}}],\"inLanguage\":\"en-GB\"},{\"@type\":\"Organization\",\"@id\":\"https:\/\/habitataove.com\/#organization\",\"name\":\"HABITAT AOVE S.D.A.D COOP. ANDALUZA\",\"alternateName\":\"HABITAT AOVE\",\"url\":\"https:\/\/habitataove.com\/\",\"logo\":{\"@type\":\"ImageObject\",\"inLanguage\":\"en-GB\",\"@id\":\"https:\/\/habitataove.com\/#\/schema\/logo\/image\/\",\"url\":\"https:\/\/habitataove.com\/wp-content\/uploads\/2025\/06\/cropped-Verde.png\",\"contentUrl\":\"https:\/\/habitataove.com\/wp-content\/uploads\/2025\/06\/cropped-Verde.png\",\"width\":1333,\"height\":927,\"caption\":\"HABITAT AOVE S.D.A.D COOP. ANDALUZA\"},\"image\":{\"@id\":\"https:\/\/habitataove.com\/#\/schema\/logo\/image\/\"},\"sameAs\":[\"https:\/\/www.facebook.com\/habitataove\",\"https:\/\/www.instagram.com\/habitataove\/\"],\"description\":\"HABITAT es una cooperativa de peque\u00f1os productores de aceite que nace en el a\u00f1o 2019. Nace como un proyecto local dedicado al fomento de la agricultura ecol\u00f3gica regenerativa, para salvaguardar nuestro patrimonio natural, hist\u00f3rico y social. Uniendo los esfuerzos de los agricultores del territorio a trav\u00e9s de una Cooperativa de Aceite de Oliva Virgen Extra Ecol\u00f3gico.\",\"email\":\"sales@habitataove.com\",\"telephone\":\"+34 722 40 48 97\",\"legalName\":\"HABITAT AOVE S.D.A.D COOP. ANDALUZA\",\"foundingDate\":\"2019-01-01\",\"vatID\":\"F02739571\"}]}<\/script>\n<!-- \/ Yoast SEO Premium plugin. -->","yoast_head_json":{"title":"Cookie Policy","robots":{"index":"index","follow":"follow","max-snippet":"max-snippet:-1","max-image-preview":"max-image-preview:large","max-video-preview":"max-video-preview:-1"},"canonical":"https:\/\/habitataove.com\/en\/cookie-policy\/","og_locale":"en_GB","og_type":"article","og_title":"Pol\u00edtica de Cookies","og_description":"INFORMACI\u00d3N SOBRE COOKIES Conforme con la Ley 34\/2002, de 11 de julio, de servicios de la sociedad de la informaci\u00f3n y de comercio electr\u00f3nico (LSSI), en relaci\u00f3n con el Reglamento (UE) 2016\/679 del Parlamento Europeo y del Consejo, de 27 de abril de 2016, General de Protecci\u00f3n de Datos (GDPR) y la Ley Org\u00e1nica 3\/2018, [&hellip;]","og_url":"https:\/\/habitataove.com\/en\/cookie-policy\/","og_site_name":"Habitat Aove","article_publisher":"https:\/\/www.facebook.com\/habitataove","article_modified_time":"2025-08-13T13:06:03+00:00","og_image":[{"width":1092,"height":481,"url":"https:\/\/habitataove.com\/wp-content\/uploads\/2021\/12\/tecnicas-funcionales.jpg","type":"image\/jpeg"}],"twitter_card":"summary_large_image","twitter_misc":{"Estimated reading time":"6 minutes"},"schema":{"@context":"https:\/\/schema.org","@graph":[{"@type":"WebPage","@id":"https:\/\/habitataove.com\/politica-de-cookies\/","url":"https:\/\/habitataove.com\/politica-de-cookies\/","name":"Cookie Policy","isPartOf":{"@id":"https:\/\/habitataove.com\/#website"},"primaryImageOfPage":{"@id":"https:\/\/habitataove.com\/politica-de-cookies\/#primaryimage"},"image":{"@id":"https:\/\/habitataove.com\/politica-de-cookies\/#primaryimage"},"thumbnailUrl":"https:\/\/habitataove.com\/wp-content\/uploads\/2021\/12\/tecnicas-funcionales-1024x451.jpg","datePublished":"2021-12-27T08:54:44+00:00","dateModified":"2025-08-13T13:06:03+00:00","breadcrumb":{"@id":"https:\/\/habitataove.com\/politica-de-cookies\/#breadcrumb"},"inLanguage":"en-GB","potentialAction":[{"@type":"ReadAction","target":["https:\/\/habitataove.com\/politica-de-cookies\/"]}]},{"@type":"ImageObject","inLanguage":"en-GB","@id":"https:\/\/habitataove.com\/politica-de-cookies\/#primaryimage","url":"https:\/\/habitataove.com\/wp-content\/uploads\/2021\/12\/tecnicas-funcionales-1024x451.jpg","contentUrl":"https:\/\/habitataove.com\/wp-content\/uploads\/2021\/12\/tecnicas-funcionales-1024x451.jpg"},{"@type":"BreadcrumbList","@id":"https:\/\/habitataove.com\/politica-de-cookies\/#breadcrumb","itemListElement":[{"@type":"ListItem","position":1,"name":"Portada","item":"https:\/\/habitataove.com\/"},{"@type":"ListItem","position":2,"name":"Pol\u00edtica de Cookies"}]},{"@type":"WebSite","@id":"https:\/\/habitataove.com\/#website","url":"https:\/\/habitataove.com\/","name":"Habitat Aove Oil from Regenerative Organic farming","description":"Organic Extra Virgin Olive Oil","publisher":{"@id":"https:\/\/habitataove.com\/#organization"},"alternateName":"Habitat Aove Aceite","potentialAction":[{"@type":"SearchAction","target":{"@type":"EntryPoint","urlTemplate":"https:\/\/habitataove.com\/?s={search_term_string}"},"query-input":{"@type":"PropertyValueSpecification","valueRequired":true,"valueName":"search_term_string"}}],"inLanguage":"en-GB"},{"@type":"Organization","@id":"https:\/\/habitataove.com\/#organization","name":"HABITAT AOVE S.D.A.D COOP. ANDALUSIAN","alternateName":"HABITAT AOVE","url":"https:\/\/habitataove.com\/","logo":{"@type":"ImageObject","inLanguage":"en-GB","@id":"https:\/\/habitataove.com\/#\/schema\/logo\/image\/","url":"https:\/\/habitataove.com\/wp-content\/uploads\/2025\/06\/cropped-Verde.png","contentUrl":"https:\/\/habitataove.com\/wp-content\/uploads\/2025\/06\/cropped-Verde.png","width":1333,"height":927,"caption":"HABITAT AOVE S.D.A.D COOP. ANDALUZA"},"image":{"@id":"https:\/\/habitataove.com\/#\/schema\/logo\/image\/"},"sameAs":["https:\/\/www.facebook.com\/habitataove","https:\/\/www.instagram.com\/habitataove\/"],"description":"HABITAT is a cooperative of small oil producers that was founded in 2019. It was born as a local project dedicated to the promotion of regenerative organic agriculture, to safeguard our natural, historical and social heritage. Joining the efforts of the farmers of the territory through a Cooperative of Organic Extra Virgin Olive Oil.","email":"sales@habitataove.com","telephone":"+34 722 40 48 97","legalName":"HABITAT AOVE S.D.A.D COOP. ANDALUZA","foundingDate":"2019-01-01","vatID":"F02739571"}]}},"_links":{"self":[{"href":"https:\/\/habitataove.com\/en\/wp-json\/wp\/v2\/pages\/893","targetHints":{"allow":["GET"]}}],"collection":[{"href":"https:\/\/habitataove.com\/en\/wp-json\/wp\/v2\/pages"}],"about":[{"href":"https:\/\/habitataove.com\/en\/wp-json\/wp\/v2\/types\/page"}],"author":[{"embeddable":true,"href":"https:\/\/habitataove.com\/en\/wp-json\/wp\/v2\/users\/2"}],"replies":[{"embeddable":true,"href":"https:\/\/habitataove.com\/en\/wp-json\/wp\/v2\/comments?post=893"}],"version-history":[{"count":5,"href":"https:\/\/habitataove.com\/en\/wp-json\/wp\/v2\/pages\/893\/revisions"}],"predecessor-version":[{"id":3896,"href":"https:\/\/habitataove.com\/en\/wp-json\/wp\/v2\/pages\/893\/revisions\/3896"}],"wp:attachment":[{"href":"https:\/\/habitataove.com\/en\/wp-json\/wp\/v2\/media?parent=893"}],"curies":[{"name":"wp","href":"https:\/\/api.w.org\/{rel}","templated":true}]}}