{"id":888,"date":"2021-12-27T08:31:35","date_gmt":"2021-12-27T08:31:35","guid":{"rendered":"https:\/\/habitataove.com\/?page_id=888"},"modified":"2025-08-13T15:07:51","modified_gmt":"2025-08-13T13:07:51","slug":"politica-de-privacidad","status":"publish","type":"page","link":"https:\/\/habitataove.com\/en\/privacy-policy\/","title":{"rendered":"Privacy Policy"},"content":{"rendered":"<p style=\"text-align: center;\"><span style=\"font-size: 22px;\"><strong>LAW ON INFORMATION SOCIETY SERVICES (LSSI)<\/strong><\/span><\/p>\n<h3>1. User information<\/h3>\n<p><strong><span style=\"font-size: 18px;\">Who is responsible for the processing of your personal data?<\/span><\/strong><\/p>\n<p><span style=\"font-size: 18px;\"><strong>HABITAT AOVE S.D.A.D COOP. ANDALUSIAN<\/strong>\u00a0is RESPONSIBLE for the processing of the USER's personal data and informs you that this data will be processed in accordance with the provisions of Regulation (EU) 2016\/679, of 27 April (GDPR), and Organic Law 3\/2018, of 5 December (LOPDGDD).<\/span><\/p>\n<p><span style=\"font-size: 18px;\"><strong>What do we process your personal data for?<\/strong><\/span><\/p>\n<p><span style=\"font-size: 18px;\">To maintain a commercial relationship with the user. The operations envisaged to carry out the processing are:<\/span><strong><br \/>\n<\/strong><\/p>\n<ul>\n<li><span style=\"font-size: 18px;\">Sending commercial advertising communications by e-mail, fax, SMS, MMS, social networks or any other electronic or physical means, present or future, that enable commercial communications to be made. These communications will be carried out by the RESPONSIBLE and will be related to its products and services, or those of its collaborators or suppliers, with whom it has reached a promotional agreement. In this case, third parties will never have access to personal data.<\/span><\/li>\n<li><span style=\"font-size: 18px;\">Conduct market research and statistical analysis.<\/span><\/li>\n<li><span style=\"font-size: 18px;\">Process orders, requests, respond to queries or any type of request made by the USER through any of the forms of contact that are made available on the website of the RESPONSIBLE.<\/span><\/li>\n<li><span style=\"font-size: 18px;\">To send the online newsletter about news, offers and promotions in our activity.<\/span><\/li>\n<\/ul>\n<p><span style=\"font-size: 18px;\"><strong>Why may we process your personal data?<\/strong><\/span><\/p>\n<p><span style=\"font-size: 18px;\">Because the processing is legitimised by Article 6 of the GDPR as follows:<strong><br \/>\n<\/strong><\/span><\/p>\n<ul>\n<li><span style=\"font-size: 18px;\">With the consent of the USER: sending of commercial communications and the newsletter.<br \/>\n<\/span><\/li>\n<li><span style=\"font-size: 18px;\">For the legitimate interest of the RESPONSIBLE: to carry out market research, statistical analysis, etc. and to process orders, requests, etc. at the request of the USER.<\/span><\/li>\n<\/ul>\n<p><span style=\"font-size: 18px;\"><strong>How long will we keep your personal data?<\/strong><\/span><\/p>\n<p><span style=\"font-size: 18px;\">They shall be kept for no longer than is necessary to maintain the purpose of the processing or there are legal requirements dictating their safekeeping and when no longer necessary for that purpose, they shall be erased with appropriate security measures to ensure the anonymisation of the data or their total destruction.<\/span><\/p>\n<p><span style=\"font-size: 18px;\"><strong>To whom do we provide your personal data?<\/strong><\/span><\/p>\n<p><span style=\"font-size: 18px;\">No communication of personal data to third parties is foreseen except, if necessary for the development and execution of the purposes of the processing, to our service providers related to communications, with whom the RESPONSIBLE has signed the confidentiality and data processor contracts required by the privacy regulations in force.<br \/>\n<\/span><\/p>\n<p><span style=\"font-size: 18px;\"><strong>What are your rights?<\/strong><\/span><\/p>\n<p><span style=\"font-size: 18px;\">The rights of the USER are:<br \/>\n<\/span><\/p>\n<ul>\n<li><span style=\"font-size: 18px;\">Right to withdraw consent at any time.<\/span><\/li>\n<li><span style=\"font-size: 18px;\">The right of access, rectification, portability and deletion of your data, and the right to limit or oppose its processing.<\/span><\/li>\n<li><span style=\"font-size: 18px;\">The right to lodge a complaint with the supervisory authority (www.aepd.es) if you consider that the processing does not comply with the regulations in force.<\/span><\/li>\n<\/ul>\n<p><strong><span style=\"font-size: 18px;\">Contact details for exercising your rights:<\/span><\/strong><\/p>\n<p><span style=\"font-size: 18px;\"><strong>HABITAT AOVE S.D.A.D COOP. ANDALUSIAN<\/strong>. POLIGONO INDUSTRIAL HACTARA CALLE B PARECELA 38, 18811 ZUJAR<br \/>\n(Granada).<\/span><\/p>\n<p><span style=\"font-size: 18px;\"> E-mail:<\/span><br \/>\n<a href=\"mailto:INFO@HABITATAOVE.COM\"><span style=\"font-size: 18px;\">INFO@HABITATAOVE.COM<\/span><\/a><\/p>\n<p><span style=\"font-size: 18px;\">Contact details of the data protection officer: <\/span><\/p>\n<p><span style=\"font-size: 18px;\">CALLE JOS\u00c9 ARTES DE ARCOS No34 OFICINA T, 04004<\/span><br \/>\n<span style=\"font-size: 18px;\">ALMERIA - <a href=\"mailto:info@consultoriaeuropa.com\">info@consultoriaeuropa.com<\/a><\/span><\/p>\n<h3>2. Mandatory or optional nature of the information provided by the user<\/h3>\n<p><span style=\"font-size: 18px;\">USERS, by ticking the corresponding boxes and entering data in the fields marked with an asterisk (*) in the contact form or presented in download forms, expressly and freely and unequivocally accept that their data are necessary to meet their request, by the provider, being voluntary the inclusion of data in the remaining fields. The USER guarantees that the personal data provided to the RESPONSIBLE are truthful and is responsible for communicating any changes to them.<\/span><\/p>\n<p><span style=\"font-size: 18px;\">The RESPONSIBLE informs that all data requested through the website are mandatory, as they are necessary for the provision of an optimal service to the USER. In the event that all the data is not provided, there is no guarantee that the information and services provided will be completely tailored to your needs.<\/span><\/p>\n<h3>3. Security measures<\/h3>\n<p><span style=\"font-size: 18px;\">That in accordance with the provisions of the current regulations on personal data protection, the RESPONSIBLE is complying with all the provisions of the GDPR and LOPDGDD regulations for the processing of personal data under its responsibility, and manifestly with the principles described in Article 5 of the GDPR, whereby they are processed lawfully, fairly and transparently in relation to the data subject and are adequate, relevant and limited to what is necessary in relation to the purposes for which they are processed.<\/span><\/p>\n<p><span style=\"font-size: 18px;\">The RESPONSIBLE guarantees that it has implemented appropriate technical and organisational policies to apply the security measures established by the GDPR and the LOPDGDD in order to protect the rights and freedoms of the USERS and has provided them with the appropriate information so that they can exercise them.<\/span><\/p>\n<p><span style=\"font-size: 18px;\">For more information about privacy safeguards, you can contact the RESPONSIBLE PARTY at <\/span><span style=\"font-size: 18px;\"><strong>HABITAT AOVE S.D.A.D COOP. ANDALUSIAN<\/strong>. POLIGONO INDUSTRIAL HACTARA CALLE B PARECELA 38, 18811 ZUJAR (Granada). E-mail: <a href=\"mailto:INFO@HABITATAOVE.COM\">INFO@HABITATAOVE.COM<\/a><\/span><br \/>\n<span style=\"font-size: 18px;\">Contact details of the data protection officer: <\/span><\/p>\n<p><span style=\"font-size: 18px;\">CALLE JOS\u00c9 ARTES DE ARCOS No34 OFICINA T, 04004<\/span><br \/>\n<span style=\"font-size: 18px;\">ALMERIA - info@consultoriaeuropa.com<\/span><\/p>","protected":false},"excerpt":{"rendered":"<p>LEY DE LOS SERVICIOS DE LA SOCIEDAD DE LA INFORMACI\u00d3N (LSSI) 1. Informaci\u00f3n al usuario \u00bfQui\u00e9n es el responsable del tratamiento de tus datos personales? HABITAT AOVE S.D.A.D COOP. ANDALUZA\u00a0es el RESPONSABLE del tratamiento de los datos personales del USUARIO y le informa de que estos datos ser\u00e1n tratados de conformidad con lo dispuesto en [&hellip;]<\/p>\n","protected":false},"author":2,"featured_media":0,"parent":0,"menu_order":0,"comment_status":"closed","ping_status":"closed","template":"","meta":{"footnotes":""},"class_list":["post-888","page","type-page","status-publish","hentry"],"yoast_head":"<!-- This site is optimized with the Yoast SEO Premium plugin v25.7.1 (Yoast SEO v26.8) - https:\/\/yoast.com\/product\/yoast-seo-premium-wordpress\/ -->\n<title>Pol\u00edtica de Privacidad<\/title>\n<meta name=\"robots\" content=\"index, follow, max-snippet:-1, max-image-preview:large, max-video-preview:-1\" \/>\n<link rel=\"canonical\" href=\"https:\/\/habitataove.com\/en\/privacy-policy\/\" \/>\n<meta property=\"og:locale\" content=\"en_GB\" \/>\n<meta property=\"og:type\" content=\"article\" \/>\n<meta property=\"og:title\" content=\"Pol\u00edtica de Privacidad\" \/>\n<meta property=\"og:description\" content=\"LEY DE LOS SERVICIOS DE LA SOCIEDAD DE LA INFORMACI\u00d3N (LSSI) 1. Informaci\u00f3n al usuario \u00bfQui\u00e9n es el responsable del tratamiento de tus datos personales? HABITAT AOVE S.D.A.D COOP. ANDALUZA\u00a0es el RESPONSABLE del tratamiento de los datos personales del USUARIO y le informa de que estos datos ser\u00e1n tratados de conformidad con lo dispuesto en [&hellip;]\" \/>\n<meta property=\"og:url\" content=\"https:\/\/habitataove.com\/en\/privacy-policy\/\" \/>\n<meta property=\"og:site_name\" content=\"Habitat Aove\" \/>\n<meta property=\"article:publisher\" content=\"https:\/\/www.facebook.com\/habitataove\" \/>\n<meta property=\"article:modified_time\" content=\"2025-08-13T13:07:51+00:00\" \/>\n<meta property=\"og:image\" content=\"https:\/\/habitataove.com\/wp-content\/uploads\/2025\/06\/Lata-Renovada.jpg\" \/>\n\t<meta property=\"og:image:width\" content=\"2536\" \/>\n\t<meta property=\"og:image:height\" content=\"1691\" \/>\n\t<meta property=\"og:image:type\" content=\"image\/jpeg\" \/>\n<meta name=\"twitter:card\" content=\"summary_large_image\" \/>\n<meta name=\"twitter:label1\" content=\"Estimated reading time\" \/>\n\t<meta name=\"twitter:data1\" content=\"4 minutes\" \/>\n<script type=\"application\/ld+json\" class=\"yoast-schema-graph\">{\"@context\":\"https:\/\/schema.org\",\"@graph\":[{\"@type\":\"WebPage\",\"@id\":\"https:\/\/habitataove.com\/politica-de-privacidad\/\",\"url\":\"https:\/\/habitataove.com\/politica-de-privacidad\/\",\"name\":\"Pol\u00edtica de Privacidad\",\"isPartOf\":{\"@id\":\"https:\/\/habitataove.com\/#website\"},\"datePublished\":\"2021-12-27T08:31:35+00:00\",\"dateModified\":\"2025-08-13T13:07:51+00:00\",\"breadcrumb\":{\"@id\":\"https:\/\/habitataove.com\/politica-de-privacidad\/#breadcrumb\"},\"inLanguage\":\"en-GB\",\"potentialAction\":[{\"@type\":\"ReadAction\",\"target\":[\"https:\/\/habitataove.com\/politica-de-privacidad\/\"]}]},{\"@type\":\"BreadcrumbList\",\"@id\":\"https:\/\/habitataove.com\/politica-de-privacidad\/#breadcrumb\",\"itemListElement\":[{\"@type\":\"ListItem\",\"position\":1,\"name\":\"Portada\",\"item\":\"https:\/\/habitataove.com\/\"},{\"@type\":\"ListItem\",\"position\":2,\"name\":\"Pol\u00edtica de Privacidad\"}]},{\"@type\":\"WebSite\",\"@id\":\"https:\/\/habitataove.com\/#website\",\"url\":\"https:\/\/habitataove.com\/\",\"name\":\"Habitat Aove Aceite procedente de agricultura Ecol\u00f3gica Regenerativa\",\"description\":\"Aceite de Oliva Virgen Extra Ecol\u00f3gico\",\"publisher\":{\"@id\":\"https:\/\/habitataove.com\/#organization\"},\"alternateName\":\"Habitat Aove Aceite\",\"potentialAction\":[{\"@type\":\"SearchAction\",\"target\":{\"@type\":\"EntryPoint\",\"urlTemplate\":\"https:\/\/habitataove.com\/?s={search_term_string}\"},\"query-input\":{\"@type\":\"PropertyValueSpecification\",\"valueRequired\":true,\"valueName\":\"search_term_string\"}}],\"inLanguage\":\"en-GB\"},{\"@type\":\"Organization\",\"@id\":\"https:\/\/habitataove.com\/#organization\",\"name\":\"HABITAT AOVE S.D.A.D COOP. ANDALUZA\",\"alternateName\":\"HABITAT AOVE\",\"url\":\"https:\/\/habitataove.com\/\",\"logo\":{\"@type\":\"ImageObject\",\"inLanguage\":\"en-GB\",\"@id\":\"https:\/\/habitataove.com\/#\/schema\/logo\/image\/\",\"url\":\"https:\/\/habitataove.com\/wp-content\/uploads\/2025\/06\/cropped-Verde.png\",\"contentUrl\":\"https:\/\/habitataove.com\/wp-content\/uploads\/2025\/06\/cropped-Verde.png\",\"width\":1333,\"height\":927,\"caption\":\"HABITAT AOVE S.D.A.D COOP. ANDALUZA\"},\"image\":{\"@id\":\"https:\/\/habitataove.com\/#\/schema\/logo\/image\/\"},\"sameAs\":[\"https:\/\/www.facebook.com\/habitataove\",\"https:\/\/www.instagram.com\/habitataove\/\"],\"description\":\"HABITAT es una cooperativa de peque\u00f1os productores de aceite que nace en el a\u00f1o 2019. Nace como un proyecto local dedicado al fomento de la agricultura ecol\u00f3gica regenerativa, para salvaguardar nuestro patrimonio natural, hist\u00f3rico y social. Uniendo los esfuerzos de los agricultores del territorio a trav\u00e9s de una Cooperativa de Aceite de Oliva Virgen Extra Ecol\u00f3gico.\",\"email\":\"sales@habitataove.com\",\"telephone\":\"+34 722 40 48 97\",\"legalName\":\"HABITAT AOVE S.D.A.D COOP. ANDALUZA\",\"foundingDate\":\"2019-01-01\",\"vatID\":\"F02739571\"}]}<\/script>\n<!-- \/ Yoast SEO Premium plugin. -->","yoast_head_json":{"title":"Privacy Policy","robots":{"index":"index","follow":"follow","max-snippet":"max-snippet:-1","max-image-preview":"max-image-preview:large","max-video-preview":"max-video-preview:-1"},"canonical":"https:\/\/habitataove.com\/en\/privacy-policy\/","og_locale":"en_GB","og_type":"article","og_title":"Pol\u00edtica de Privacidad","og_description":"LEY DE LOS SERVICIOS DE LA SOCIEDAD DE LA INFORMACI\u00d3N (LSSI) 1. Informaci\u00f3n al usuario \u00bfQui\u00e9n es el responsable del tratamiento de tus datos personales? HABITAT AOVE S.D.A.D COOP. ANDALUZA\u00a0es el RESPONSABLE del tratamiento de los datos personales del USUARIO y le informa de que estos datos ser\u00e1n tratados de conformidad con lo dispuesto en [&hellip;]","og_url":"https:\/\/habitataove.com\/en\/privacy-policy\/","og_site_name":"Habitat Aove","article_publisher":"https:\/\/www.facebook.com\/habitataove","article_modified_time":"2025-08-13T13:07:51+00:00","og_image":[{"width":2536,"height":1691,"url":"https:\/\/habitataove.com\/wp-content\/uploads\/2025\/06\/Lata-Renovada.jpg","type":"image\/jpeg"}],"twitter_card":"summary_large_image","twitter_misc":{"Estimated reading time":"4 minutes"},"schema":{"@context":"https:\/\/schema.org","@graph":[{"@type":"WebPage","@id":"https:\/\/habitataove.com\/politica-de-privacidad\/","url":"https:\/\/habitataove.com\/politica-de-privacidad\/","name":"Privacy Policy","isPartOf":{"@id":"https:\/\/habitataove.com\/#website"},"datePublished":"2021-12-27T08:31:35+00:00","dateModified":"2025-08-13T13:07:51+00:00","breadcrumb":{"@id":"https:\/\/habitataove.com\/politica-de-privacidad\/#breadcrumb"},"inLanguage":"en-GB","potentialAction":[{"@type":"ReadAction","target":["https:\/\/habitataove.com\/politica-de-privacidad\/"]}]},{"@type":"BreadcrumbList","@id":"https:\/\/habitataove.com\/politica-de-privacidad\/#breadcrumb","itemListElement":[{"@type":"ListItem","position":1,"name":"Portada","item":"https:\/\/habitataove.com\/"},{"@type":"ListItem","position":2,"name":"Pol\u00edtica de Privacidad"}]},{"@type":"WebSite","@id":"https:\/\/habitataove.com\/#website","url":"https:\/\/habitataove.com\/","name":"Habitat Aove Oil from Regenerative Organic farming","description":"Organic Extra Virgin Olive Oil","publisher":{"@id":"https:\/\/habitataove.com\/#organization"},"alternateName":"Habitat Aove Aceite","potentialAction":[{"@type":"SearchAction","target":{"@type":"EntryPoint","urlTemplate":"https:\/\/habitataove.com\/?s={search_term_string}"},"query-input":{"@type":"PropertyValueSpecification","valueRequired":true,"valueName":"search_term_string"}}],"inLanguage":"en-GB"},{"@type":"Organization","@id":"https:\/\/habitataove.com\/#organization","name":"HABITAT AOVE S.D.A.D COOP. ANDALUSIAN","alternateName":"HABITAT AOVE","url":"https:\/\/habitataove.com\/","logo":{"@type":"ImageObject","inLanguage":"en-GB","@id":"https:\/\/habitataove.com\/#\/schema\/logo\/image\/","url":"https:\/\/habitataove.com\/wp-content\/uploads\/2025\/06\/cropped-Verde.png","contentUrl":"https:\/\/habitataove.com\/wp-content\/uploads\/2025\/06\/cropped-Verde.png","width":1333,"height":927,"caption":"HABITAT AOVE S.D.A.D COOP. ANDALUZA"},"image":{"@id":"https:\/\/habitataove.com\/#\/schema\/logo\/image\/"},"sameAs":["https:\/\/www.facebook.com\/habitataove","https:\/\/www.instagram.com\/habitataove\/"],"description":"HABITAT is a cooperative of small oil producers that was founded in 2019. It was born as a local project dedicated to the promotion of regenerative organic agriculture, to safeguard our natural, historical and social heritage. Joining the efforts of the farmers of the territory through a Cooperative of Organic Extra Virgin Olive Oil.","email":"sales@habitataove.com","telephone":"+34 722 40 48 97","legalName":"HABITAT AOVE S.D.A.D COOP. ANDALUZA","foundingDate":"2019-01-01","vatID":"F02739571"}]}},"_links":{"self":[{"href":"https:\/\/habitataove.com\/en\/wp-json\/wp\/v2\/pages\/888","targetHints":{"allow":["GET"]}}],"collection":[{"href":"https:\/\/habitataove.com\/en\/wp-json\/wp\/v2\/pages"}],"about":[{"href":"https:\/\/habitataove.com\/en\/wp-json\/wp\/v2\/types\/page"}],"author":[{"embeddable":true,"href":"https:\/\/habitataove.com\/en\/wp-json\/wp\/v2\/users\/2"}],"replies":[{"embeddable":true,"href":"https:\/\/habitataove.com\/en\/wp-json\/wp\/v2\/comments?post=888"}],"version-history":[{"count":7,"href":"https:\/\/habitataove.com\/en\/wp-json\/wp\/v2\/pages\/888\/revisions"}],"predecessor-version":[{"id":3899,"href":"https:\/\/habitataove.com\/en\/wp-json\/wp\/v2\/pages\/888\/revisions\/3899"}],"wp:attachment":[{"href":"https:\/\/habitataove.com\/en\/wp-json\/wp\/v2\/media?parent=888"}],"curies":[{"name":"wp","href":"https:\/\/api.w.org\/{rel}","templated":true}]}}