{"id":877,"date":"2021-12-23T17:10:27","date_gmt":"2021-12-23T17:10:27","guid":{"rendered":"https:\/\/habitataove.com\/?page_id=877"},"modified":"2025-08-13T15:01:37","modified_gmt":"2025-08-13T13:01:37","slug":"aviso-legal","status":"publish","type":"page","link":"https:\/\/habitataove.com\/en\/legal-notice\/","title":{"rendered":"Legal Notice"},"content":{"rendered":"<h2 class=\"wp-block-heading\" id=\"h-aviso-legal\">Legal Notice<\/h2>\n\n\n<p style=\"text-align: center;\"><span style=\"font-size: 22px;\"><strong>LAW ON INFORMATION SOCIETY SERVICES (LSSI)<\/strong><\/span><\/p>\n<p><span style=\"font-size: 18px;\"><br \/>HABITAT AOVE S.D.A.D COOP. ANDALUZA, responsible for the website, hereinafter RESPONSIBLE, makes this document available to users, with which it intends to comply with the obligations set out in Law 34\/2002, of 11 July, on Information Society Services and Electronic Commerce (LSSICE), BOE No. 166, as well as informing all users of the website about the conditions of use. <\/span><\/p>\n<p><span style=\"font-size: 18px;\">Any person accessing this website assumes the role of user, committing themselves to the observance and strict compliance with the provisions herein, as well as any other legal provision that may be applicable.<\/span><\/p>\n<p><span style=\"font-size: 18px;\"><br \/>HABITAT AOVE S.D.A.D COOP. ANDALUZA reserves the right to modify any type of information that may appear on the website, without any obligation to give prior notice or inform users of said obligations, it being understood that publication on the website of HABITAT AOVE S.D.A.D COOP. ANDALUZA.<\/span><\/p>\n<h3>1. Identifying data<\/h3>\n<p><span style=\"font-size: 18px;\">Domain name: <a href=\"https:\/\/habitataove.com\/en\/\">habitataove.com<\/a><\/span><br \/><span style=\"font-size: 18px;\">Trade name: HABITAT AOVE<\/span><br \/><span style=\"font-size: 18px;\">Company name: HABITAT AOVE S.D.A.D COOP. ANDALUSIAN<\/span><br \/><span style=\"font-size: 18px;\">VAT NO: F02739571<\/span><br \/><span style=\"font-size: 18px;\">Registered office: POLIGONO INDUSTRIAL HACTARA CALLE B PARECELA 38, 18811 ZUJAR (Granada)<\/span><br \/><span style=\"font-size: 18px;\">Telephone: 623326706<\/span><br \/><span style=\"font-size: 18px;\">E-mail: <a href=\"mailto:INFO@HABITATAOVE.COM\">INFO@HABITATAOVE.COM<\/a><\/span><\/p>\n<h3>2. Intellectual and industrial property rights<\/h3>\n<p><span style=\"font-size: 18px;\">The website, including but not limited to its programming, editing, compilation and <\/span><span style=\"font-size: 18px;\">other elements necessary for its operation, the designs, logos, text and\/or graphics, are <\/span><span style=\"font-size: 18px;\">owned by the RESPONSIBLE PARTY or, if applicable, licensed or otherwise expressly authorised by <\/span><span style=\"font-size: 18px;\">the authors. All the contents of the website are duly protected by law. <\/span><span style=\"font-size: 18px;\">intellectual and industrial property rights, as well as registered in the corresponding public registers.<\/span><\/p>\n<p><span style=\"font-size: 18px;\">Regardless of the purpose for which they were intended, reproduction in whole or in part, use, <\/span><span style=\"font-size: 18px;\">exploitation, distribution and marketing, requires in any case the prior written authorisation by <\/span><span style=\"font-size: 18px;\">on the part of the RESPONSIBLE. Any use not previously authorised is considered a breach <\/span><span style=\"font-size: 18px;\">serious infringement of the author's intellectual or industrial property rights. <\/span><\/p>\n<p><span style=\"font-size: 18px;\">The RESPONSIBLE recognises the corresponding intellectual and industrial property rights in favour of their owners, and their mere mention or appearance on the website does not imply the existence of any rights or responsibility whatsoever over them, nor any endorsement, sponsorship or recommendation by the same.<\/span><\/p>\n<p><span style=\"font-size: 18px;\">To make any comments regarding possible breaches of intellectual or industrial property rights, as well as any of the contents of the website, you can do so by sending an e-mail to INFO@HABITATAOVE.COM.<\/span><\/p>\n<h3>3. Exemption from liability<\/h3>\n<p><span style=\"font-size: 18px;\">The RESPONSIBLE party is exempt from any type of responsibility derived from the information published on its website provided that it has no effective knowledge that this information has been manipulated or introduced by a third party external to the same or, if it has, it has acted diligently to remove the data or make it impossible to access them.<\/span><\/p>\n<p><strong><span style=\"font-size: 18px;\">Use of Cookies<\/span><\/strong><\/p>\n<p><span style=\"font-size: 18px;\">This website may use technical cookies (small information files that the server sends to the computer of the person accessing the page) to carry out certain functions that are considered essential for the correct functioning and visualisation of the site. The cookies used are, in any case, of a temporary nature, with the sole purpose of making browsing more efficient, and disappear at the end of the user's session. Under no circumstances do these cookies themselves provide data of a personal nature and they will not be used to collect such data.<\/span><\/p>\n<p><span style=\"font-size: 18px;\">Through the use of cookies it is also possible for the server where the website is located to recognise the browser used by the user in order to make browsing easier, allowing, for example, users who have previously registered to access areas, services, promotions or competitions reserved exclusively for them without having to register on each visit.<\/span><\/p>\n<p><span style=\"font-size: 18px;\">They can also be used to measure the audience, traffic parameters, control the progress and number of entries, etc., being in these cases technically dispensable cookies, but beneficial for the user. This website will not install dispensable cookies without the user's prior consent.<\/span><\/p>\n<p><span style=\"font-size: 18px;\">The user has the possibility of configuring their browser to be alerted of the reception of cookies and to prevent their installation on their computer. Please consult your browser's instructions for further information.<\/span><\/p>\n<p><strong><span style=\"font-size: 18px;\">Linking policy<\/span><\/strong><\/p>\n<p><span style=\"font-size: 18px;\">From the website, it is possible that you will be redirected to contents of third party websites. Given that the RESPONSIBLE cannot always control the contents introduced by third parties on their respective websites, it does not assume any type of responsibility with respect to said contents. In any case, it will proceed to the immediate removal of any content that could contravene national or international legislation, morality or public order, proceeding to the immediate withdrawal of the redirection to said website, informing the competent authorities of the content in question.<\/span><\/p>\n<p><span style=\"font-size: 18px;\">The RESPONSIBLE is not responsible for the information and content stored, including but not limited to, in forums, chats, blog generators, comments, social networks or any other medium that allows third parties to publish content independently on the website of the RESPONSIBLE. However, and in compliance with the provisions of articles 11 and 16 of the LSSICE, it makes itself available to all users, authorities and security forces, actively collaborating in the removal or, where appropriate, blocking of all content that may affect or contravene national or international legislation, the rights of third parties or morality and public order. In the event that the user considers that there is any content on the website that could be susceptible to this classification, please notify the website administrator immediately.<\/span><\/p>\n<p><span style=\"font-size: 18px;\">This website has been checked and tested to ensure that it functions correctly. In principle, it can be guaranteed to function correctly 365 days a year, 24 hours a day. However, the RESPONSIBLE PARTY does not rule out the possibility of certain programming errors, or the occurrence of force majeure, natural disasters, strikes or similar circumstances that make it impossible to access the website.<\/span><\/p>\n<p><strong><span style=\"font-size: 18px;\">IP Addresses<\/span><\/strong><\/p>\n<p><span style=\"font-size: 18px;\">The website servers will be able to automatically detect the IP address and domain name used by the user. An IP address is a number automatically assigned to a computer when it connects to the Internet. All this information is recorded in a server activity file that allows the subsequent processing of the data in order to obtain purely statistical measurements that make it possible to know the number of page impressions, the number of visits made to the web servers, the order of visits, the access point, etc.<\/span><\/p>\n<h3>4. Applicable law and jurisdiction<\/h3>\n<p><span style=\"font-size: 18px;\">For the resolution of all disputes or questions related to this website or the activities carried out therein, Spanish legislation shall apply, to which the parties expressly submit themselves, and the Courts and Tribunals of the USER's domicile or the place of fulfilment of the obligation shall be competent for the resolution of all disputes arising from or related to its use.<\/span><\/p>","protected":false},"excerpt":{"rendered":"<p>Aviso Legal LEY DE LOS SERVICIOS DE LA SOCIEDAD DE LA INFORMACI\u00d3N (LSSI) HABITAT AOVE S.D.A.D COOP. ANDALUZA, responsable del sitio web, en adelante RESPONSABLE, pone a disposici\u00f3n de los usuarios el presente documento, con el que pretende dar cumplimiento a las obligaciones dispuestas en la Ley 34\/2002, de 11 de julio, de Servicios de [&hellip;]<\/p>\n","protected":false},"author":2,"featured_media":0,"parent":0,"menu_order":0,"comment_status":"closed","ping_status":"closed","template":"","meta":{"footnotes":""},"class_list":["post-877","page","type-page","status-publish","hentry"],"yoast_head":"<!-- This site is optimized with the Yoast SEO Premium plugin v25.7.1 (Yoast SEO v26.8) - https:\/\/yoast.com\/product\/yoast-seo-premium-wordpress\/ -->\n<title>Aviso Legal<\/title>\n<meta name=\"robots\" content=\"index, follow, max-snippet:-1, max-image-preview:large, max-video-preview:-1\" \/>\n<link rel=\"canonical\" href=\"https:\/\/habitataove.com\/en\/legal-notice\/\" \/>\n<meta property=\"og:locale\" content=\"en_GB\" \/>\n<meta property=\"og:type\" content=\"article\" \/>\n<meta property=\"og:title\" content=\"Aviso Legal\" \/>\n<meta property=\"og:description\" content=\"Aviso Legal LEY DE LOS SERVICIOS DE LA SOCIEDAD DE LA INFORMACI\u00d3N (LSSI) HABITAT AOVE S.D.A.D COOP. ANDALUZA, responsable del sitio web, en adelante RESPONSABLE, pone a disposici\u00f3n de los usuarios el presente documento, con el que pretende dar cumplimiento a las obligaciones dispuestas en la Ley 34\/2002, de 11 de julio, de Servicios de [&hellip;]\" \/>\n<meta property=\"og:url\" content=\"https:\/\/habitataove.com\/en\/legal-notice\/\" \/>\n<meta property=\"og:site_name\" content=\"Habitat Aove\" \/>\n<meta property=\"article:publisher\" content=\"https:\/\/www.facebook.com\/habitataove\" \/>\n<meta property=\"article:modified_time\" content=\"2025-08-13T13:01:37+00:00\" \/>\n<meta property=\"og:image\" content=\"https:\/\/habitataove.com\/wp-content\/uploads\/2025\/06\/Lata-Renovada.jpg\" \/>\n\t<meta property=\"og:image:width\" content=\"2536\" \/>\n\t<meta property=\"og:image:height\" content=\"1691\" \/>\n\t<meta property=\"og:image:type\" content=\"image\/jpeg\" \/>\n<meta name=\"twitter:card\" content=\"summary_large_image\" \/>\n<meta name=\"twitter:label1\" content=\"Estimated reading time\" \/>\n\t<meta name=\"twitter:data1\" content=\"6 minutes\" \/>\n<script type=\"application\/ld+json\" class=\"yoast-schema-graph\">{\"@context\":\"https:\/\/schema.org\",\"@graph\":[{\"@type\":\"WebPage\",\"@id\":\"https:\/\/habitataove.com\/aviso-legal\/\",\"url\":\"https:\/\/habitataove.com\/aviso-legal\/\",\"name\":\"Aviso Legal\",\"isPartOf\":{\"@id\":\"https:\/\/habitataove.com\/#website\"},\"datePublished\":\"2021-12-23T17:10:27+00:00\",\"dateModified\":\"2025-08-13T13:01:37+00:00\",\"breadcrumb\":{\"@id\":\"https:\/\/habitataove.com\/aviso-legal\/#breadcrumb\"},\"inLanguage\":\"en-GB\",\"potentialAction\":[{\"@type\":\"ReadAction\",\"target\":[\"https:\/\/habitataove.com\/aviso-legal\/\"]}]},{\"@type\":\"BreadcrumbList\",\"@id\":\"https:\/\/habitataove.com\/aviso-legal\/#breadcrumb\",\"itemListElement\":[{\"@type\":\"ListItem\",\"position\":1,\"name\":\"Portada\",\"item\":\"https:\/\/habitataove.com\/\"},{\"@type\":\"ListItem\",\"position\":2,\"name\":\"Aviso Legal\"}]},{\"@type\":\"WebSite\",\"@id\":\"https:\/\/habitataove.com\/#website\",\"url\":\"https:\/\/habitataove.com\/\",\"name\":\"Habitat Aove Aceite procedente de agricultura Ecol\u00f3gica Regenerativa\",\"description\":\"Aceite de Oliva Virgen Extra Ecol\u00f3gico\",\"publisher\":{\"@id\":\"https:\/\/habitataove.com\/#organization\"},\"alternateName\":\"Habitat Aove Aceite\",\"potentialAction\":[{\"@type\":\"SearchAction\",\"target\":{\"@type\":\"EntryPoint\",\"urlTemplate\":\"https:\/\/habitataove.com\/?s={search_term_string}\"},\"query-input\":{\"@type\":\"PropertyValueSpecification\",\"valueRequired\":true,\"valueName\":\"search_term_string\"}}],\"inLanguage\":\"en-GB\"},{\"@type\":\"Organization\",\"@id\":\"https:\/\/habitataove.com\/#organization\",\"name\":\"HABITAT AOVE S.D.A.D COOP. ANDALUZA\",\"alternateName\":\"HABITAT AOVE\",\"url\":\"https:\/\/habitataove.com\/\",\"logo\":{\"@type\":\"ImageObject\",\"inLanguage\":\"en-GB\",\"@id\":\"https:\/\/habitataove.com\/#\/schema\/logo\/image\/\",\"url\":\"https:\/\/habitataove.com\/wp-content\/uploads\/2025\/06\/cropped-Verde.png\",\"contentUrl\":\"https:\/\/habitataove.com\/wp-content\/uploads\/2025\/06\/cropped-Verde.png\",\"width\":1333,\"height\":927,\"caption\":\"HABITAT AOVE S.D.A.D COOP. ANDALUZA\"},\"image\":{\"@id\":\"https:\/\/habitataove.com\/#\/schema\/logo\/image\/\"},\"sameAs\":[\"https:\/\/www.facebook.com\/habitataove\",\"https:\/\/www.instagram.com\/habitataove\/\"],\"description\":\"HABITAT es una cooperativa de peque\u00f1os productores de aceite que nace en el a\u00f1o 2019. Nace como un proyecto local dedicado al fomento de la agricultura ecol\u00f3gica regenerativa, para salvaguardar nuestro patrimonio natural, hist\u00f3rico y social. Uniendo los esfuerzos de los agricultores del territorio a trav\u00e9s de una Cooperativa de Aceite de Oliva Virgen Extra Ecol\u00f3gico.\",\"email\":\"sales@habitataove.com\",\"telephone\":\"+34 722 40 48 97\",\"legalName\":\"HABITAT AOVE S.D.A.D COOP. ANDALUZA\",\"foundingDate\":\"2019-01-01\",\"vatID\":\"F02739571\"}]}<\/script>\n<!-- \/ Yoast SEO Premium plugin. -->","yoast_head_json":{"title":"Legal Notice","robots":{"index":"index","follow":"follow","max-snippet":"max-snippet:-1","max-image-preview":"max-image-preview:large","max-video-preview":"max-video-preview:-1"},"canonical":"https:\/\/habitataove.com\/en\/legal-notice\/","og_locale":"en_GB","og_type":"article","og_title":"Aviso Legal","og_description":"Aviso Legal LEY DE LOS SERVICIOS DE LA SOCIEDAD DE LA INFORMACI\u00d3N (LSSI) HABITAT AOVE S.D.A.D COOP. ANDALUZA, responsable del sitio web, en adelante RESPONSABLE, pone a disposici\u00f3n de los usuarios el presente documento, con el que pretende dar cumplimiento a las obligaciones dispuestas en la Ley 34\/2002, de 11 de julio, de Servicios de [&hellip;]","og_url":"https:\/\/habitataove.com\/en\/legal-notice\/","og_site_name":"Habitat Aove","article_publisher":"https:\/\/www.facebook.com\/habitataove","article_modified_time":"2025-08-13T13:01:37+00:00","og_image":[{"width":2536,"height":1691,"url":"https:\/\/habitataove.com\/wp-content\/uploads\/2025\/06\/Lata-Renovada.jpg","type":"image\/jpeg"}],"twitter_card":"summary_large_image","twitter_misc":{"Estimated reading time":"6 minutes"},"schema":{"@context":"https:\/\/schema.org","@graph":[{"@type":"WebPage","@id":"https:\/\/habitataove.com\/aviso-legal\/","url":"https:\/\/habitataove.com\/aviso-legal\/","name":"Legal Notice","isPartOf":{"@id":"https:\/\/habitataove.com\/#website"},"datePublished":"2021-12-23T17:10:27+00:00","dateModified":"2025-08-13T13:01:37+00:00","breadcrumb":{"@id":"https:\/\/habitataove.com\/aviso-legal\/#breadcrumb"},"inLanguage":"en-GB","potentialAction":[{"@type":"ReadAction","target":["https:\/\/habitataove.com\/aviso-legal\/"]}]},{"@type":"BreadcrumbList","@id":"https:\/\/habitataove.com\/aviso-legal\/#breadcrumb","itemListElement":[{"@type":"ListItem","position":1,"name":"Portada","item":"https:\/\/habitataove.com\/"},{"@type":"ListItem","position":2,"name":"Aviso Legal"}]},{"@type":"WebSite","@id":"https:\/\/habitataove.com\/#website","url":"https:\/\/habitataove.com\/","name":"Habitat Aove Oil from Regenerative Organic farming","description":"Organic Extra Virgin Olive Oil","publisher":{"@id":"https:\/\/habitataove.com\/#organization"},"alternateName":"Habitat Aove Aceite","potentialAction":[{"@type":"SearchAction","target":{"@type":"EntryPoint","urlTemplate":"https:\/\/habitataove.com\/?s={search_term_string}"},"query-input":{"@type":"PropertyValueSpecification","valueRequired":true,"valueName":"search_term_string"}}],"inLanguage":"en-GB"},{"@type":"Organization","@id":"https:\/\/habitataove.com\/#organization","name":"HABITAT AOVE S.D.A.D COOP. ANDALUSIAN","alternateName":"HABITAT AOVE","url":"https:\/\/habitataove.com\/","logo":{"@type":"ImageObject","inLanguage":"en-GB","@id":"https:\/\/habitataove.com\/#\/schema\/logo\/image\/","url":"https:\/\/habitataove.com\/wp-content\/uploads\/2025\/06\/cropped-Verde.png","contentUrl":"https:\/\/habitataove.com\/wp-content\/uploads\/2025\/06\/cropped-Verde.png","width":1333,"height":927,"caption":"HABITAT AOVE S.D.A.D COOP. ANDALUZA"},"image":{"@id":"https:\/\/habitataove.com\/#\/schema\/logo\/image\/"},"sameAs":["https:\/\/www.facebook.com\/habitataove","https:\/\/www.instagram.com\/habitataove\/"],"description":"HABITAT is a cooperative of small oil producers that was founded in 2019. It was born as a local project dedicated to the promotion of regenerative organic agriculture, to safeguard our natural, historical and social heritage. Joining the efforts of the farmers of the territory through a Cooperative of Organic Extra Virgin Olive Oil.","email":"sales@habitataove.com","telephone":"+34 722 40 48 97","legalName":"HABITAT AOVE S.D.A.D COOP. ANDALUZA","foundingDate":"2019-01-01","vatID":"F02739571"}]}},"_links":{"self":[{"href":"https:\/\/habitataove.com\/en\/wp-json\/wp\/v2\/pages\/877","targetHints":{"allow":["GET"]}}],"collection":[{"href":"https:\/\/habitataove.com\/en\/wp-json\/wp\/v2\/pages"}],"about":[{"href":"https:\/\/habitataove.com\/en\/wp-json\/wp\/v2\/types\/page"}],"author":[{"embeddable":true,"href":"https:\/\/habitataove.com\/en\/wp-json\/wp\/v2\/users\/2"}],"replies":[{"embeddable":true,"href":"https:\/\/habitataove.com\/en\/wp-json\/wp\/v2\/comments?post=877"}],"version-history":[{"count":14,"href":"https:\/\/habitataove.com\/en\/wp-json\/wp\/v2\/pages\/877\/revisions"}],"predecessor-version":[{"id":3894,"href":"https:\/\/habitataove.com\/en\/wp-json\/wp\/v2\/pages\/877\/revisions\/3894"}],"wp:attachment":[{"href":"https:\/\/habitataove.com\/en\/wp-json\/wp\/v2\/media?parent=877"}],"curies":[{"name":"wp","href":"https:\/\/api.w.org\/{rel}","templated":true}]}}