{"id":2811,"date":"2025-07-05T17:25:40","date_gmt":"2025-07-05T15:25:40","guid":{"rendered":"https:\/\/habitataove.com\/?post_type=product&#038;p=2811"},"modified":"2026-01-30T13:20:20","modified_gmt":"2026-01-30T11:20:20","slug":"aceite-de-oliva-virgen-extra-ecologico-regenerativo-picual-botella-500ml","status":"publish","type":"product","link":"https:\/\/habitataove.com\/de\/tienda\/natives-bio-olivenol-extra-regenerativ-picual-flasche-500ml\/","title":{"rendered":"Bio - Picual - Flasche 500ml"},"content":{"rendered":"<table width=\"448\" cellspacing=\"0\" cellpadding=\"7\">\n<tbody>\n<tr>\n<td colspan=\"2\" valign=\"top\" width=\"432\"><b>Natives Bio-Oliven\u00f6l Extra<\/b> <b>(AOVEE ) <\/b><\/td>\n<\/tr>\n<tr valign=\"top\">\n<td width=\"157\"><b>FORMAT<\/b><\/td>\n<td width=\"261\">500 ml Glasflasche<\/td>\n<\/tr>\n<tr valign=\"top\">\n<td width=\"157\"><b>VARIETY<\/b><\/td>\n<td width=\"261\">Picual<\/td>\n<\/tr>\n<tr valign=\"top\">\n<td width=\"157\"><b>SENSORISCHE EIGENSCHAFTEN<\/b><\/td>\n<td width=\"261\"><span lang=\"es-ES-u-co-trad\">Es ist ein fruchtiges, aromatisches \u00d6l, das sich hervorragend f\u00fcr Salate und rohe Anwendungen eignet.<\/span><\/td>\n<\/tr>\n<tr valign=\"top\">\n<td width=\"157\"><b>QUALIT\u00c4T<\/b><\/td>\n<td width=\"261\">(AOVEE) Zertifikat von <b>Regenerative Landwirtschaft mit B\u00f6den und Landschaften von h\u00f6chster Qualit\u00e4t<\/b><\/td>\n<\/tr>\n<tr valign=\"top\">\n<td width=\"157\"><b>GESUNDHEIT<\/b><\/td>\n<td width=\"261\">Vorbeugung von Herz-Kreislauf-Erkrankungen, Verbesserung der Verdauungsfunktion und der Verstopfung, Verringerung von Komplikationen bei Diabetikern, Verbesserung der Knochenmineralisierung, Schutz vor zellul\u00e4rem Stress und Erh\u00f6hung der Lebenserwartung.<\/td>\n<\/tr>\n<tr valign=\"top\">\n<td width=\"157\"><b>HERKUNFT\/URSPRUNG<\/b><\/td>\n<td width=\"261\">Steppenplateau im S\u00fcdosten Spaniens.<\/td>\n<\/tr>\n<tr valign=\"top\">\n<td width=\"157\"><b>BOTTLING<\/b><\/td>\n<td width=\"261\">Granada, Spanien<\/td>\n<\/tr>\n<tr valign=\"top\">\n<td width=\"157\"><b>ZERTIFIKAT<\/b><\/td>\n<td width=\"261\">\u00d6KO-KAFFEE<\/td>\n<\/tr>\n<tr valign=\"top\">\n<td width=\"157\"><b>ERHALTUNG<\/b><\/td>\n<td width=\"261\">Vor Licht und Hitze fernhalten. An einem k\u00fchlen, trockenen Ort aufbewahren.<\/td>\n<\/tr>\n<tr valign=\"top\">\n<td width=\"157\"><b>VORZUGSVERBRAUCH<\/b><\/td>\n<td width=\"261\">18 Monate ab Datum der Verpackung<\/td>\n<\/tr>\n<tr valign=\"top\">\n<td width=\"157\"><b>MATERIAL<\/b><\/td>\n<td width=\"261\">Glas<\/td>\n<\/tr>\n<tr valign=\"top\">\n<td width=\"157\"><b>MASSNAHMEN<\/b><\/td>\n<td width=\"261\">76 x 49 mm. 159 mm<\/td>\n<\/tr>\n<tr valign=\"top\">\n<td width=\"157\"><b>GEWICHT<\/b><\/td>\n<td width=\"261\">570 gr.<\/td>\n<\/tr>\n<\/tbody>\n<\/table>\n<p>&nbsp;<\/p>\n<p><b>ZUTATEN<\/b>:<\/p>\n<p>Natives Bio-Oliven\u00f6l Extra 100%<\/p>\n<table width=\"411\" cellspacing=\"0\" cellpadding=\"7\">\n<tbody>\n<tr>\n<td colspan=\"2\" valign=\"top\" width=\"397\"><b>SENSORY:<\/b><\/td>\n<\/tr>\n<tr valign=\"top\">\n<td width=\"148\">Farbe<\/td>\n<td width=\"234\">Leuchtend gr\u00fcne Farbe<\/td>\n<\/tr>\n<tr valign=\"top\">\n<td width=\"148\">Geschmack<\/td>\n<td width=\"234\">Wahrnehmbare fruchtige Nuancen, keine Nebengeschmacksnoten.<\/td>\n<\/tr>\n<tr valign=\"top\">\n<td width=\"148\">Geruch<\/td>\n<td width=\"234\">sp\u00fcrbare aromatische Nuancen, keine Fremdger\u00fcche<\/td>\n<\/tr>\n<\/tbody>\n<\/table>\n<table width=\"408\" cellspacing=\"0\" cellpadding=\"7\">\n<tbody>\n<tr>\n<td colspan=\"2\" valign=\"top\" width=\"394\"><b>PHYSIKALISCH-CHEMISCHE EIGENSCHAFTEN:<\/b><\/p>\n<p><b>(EG-Verordnung 1989\/2003)<\/b><\/td>\n<\/tr>\n<tr valign=\"top\">\n<td width=\"285\">S\u00e4uregehalt (% \u00d6ls\u00e4ure)<\/td>\n<td width=\"95\">&lt; 0.8<\/td>\n<\/tr>\n<tr valign=\"top\">\n<td width=\"285\">Peroxide (meq O2\/Kg)<\/td>\n<td width=\"95\">&lt; 20<\/td>\n<\/tr>\n<tr valign=\"top\">\n<td width=\"285\">K232<\/td>\n<td width=\"95\">&lt; 2.50<\/td>\n<\/tr>\n<tr valign=\"top\">\n<td width=\"285\">K270<\/td>\n<td width=\"95\">&lt; 0.22<\/td>\n<\/tr>\n<tr valign=\"top\">\n<td width=\"285\"><span style=\"font-family: CIDFont+F1, serif;\"><span style=\"font-size: small;\">\u0394<\/span><\/span>K<\/td>\n<td width=\"95\">&lt;0.01<\/td>\n<\/tr>\n<tr valign=\"top\">\n<td width=\"285\">Wachse (mg\/kg)<\/td>\n<td width=\"95\">&lt; 250<\/td>\n<\/tr>\n<\/tbody>\n<\/table>\n<p>&nbsp;<\/p>\n<table width=\"409\" cellspacing=\"0\" cellpadding=\"7\">\n<tbody>\n<tr>\n<td colspan=\"2\" valign=\"top\" width=\"395\"><b>QUALITATIVE ZUSAMMENSETZUNG:<\/b><\/td>\n<\/tr>\n<tr valign=\"top\">\n<td width=\"285\"><b>Verseifbare Fraktion <\/b><\/td>\n<td width=\"95\"><b>98,5 - 99,5%<\/b><\/td>\n<\/tr>\n<tr valign=\"top\">\n<td width=\"285\"><b>Unverseifbare Fraktion<\/b><\/td>\n<td width=\"95\"><b>0,5 - 1,5%<\/b><\/td>\n<\/tr>\n<\/tbody>\n<\/table>\n<p>&nbsp;<\/p>","protected":false},"excerpt":{"rendered":"<p>Wir pr\u00e4sentieren Ihnen unsere 500-Milliliter-Glasflasche, ein EVOO-\u00d6l mit einem ausgewogenen, leicht fruchtigen Geschmack, mit gr\u00fcnen Noten und einem w\u00fcrzigen Abgang.<\/p>\n<p align=\"justify\">Sorte <strong>Picual<\/strong> | Ernte <strong>fr\u00fch<\/strong> | Extraktion in <strong>kalt<\/strong><\/p>\n<p data-start=\"838\" data-end=\"861\">\ud83e\udd44 <strong data-start=\"841\" data-end=\"860\">Kulinarische Verwendungen<\/strong>:<\/p>\n<ul data-start=\"862\" data-end=\"1232\">\n<li data-start=\"862\" data-end=\"928\">\n<p data-start=\"864\" data-end=\"928\">Ideal f\u00fcr <strong data-start=\"875\" data-end=\"895\">Salatdressing<\/strong>um eine frische und fruchtige Note zu verleihen.<\/p>\n<\/li>\n<li data-start=\"929\" data-end=\"991\">\n<p data-start=\"931\" data-end=\"991\">Perfekt f\u00fcr <strong data-start=\"945\" data-end=\"990\">Brot r\u00f6sten oder Dips wie Hummus zubereiten<\/strong>.<\/p>\n<\/li>\n<li data-start=\"992\" data-end=\"1069\">\n<p data-start=\"994\" data-end=\"1069\">Empfohlen f\u00fcr <strong data-start=\"1011\" data-end=\"1041\">Kochen bei niedriger Temperatur<\/strong>f\u00fcr milde Eint\u00f6pfe oder gebratene Gerichte.<\/p>\n<\/li>\n<li data-start=\"1070\" data-end=\"1148\">\n<p data-start=\"1072\" data-end=\"1148\">Ein Muss zum Abschluss von Gerichten wie Cremes, Pasta oder gebratenem Gem\u00fcse.<\/p>\n<\/li>\n<li data-start=\"1149\" data-end=\"1232\">\n<p data-start=\"1151\" data-end=\"1232\">Auch hervorragend geeignet f\u00fcr <strong data-start=\"1174\" data-end=\"1198\">gesundes Backen<\/strong> oder vorbereiten <strong data-start=\"1210\" data-end=\"1231\">selbstgemachte Mayonnaise<\/strong>.<\/p>\n<\/li>\n<\/ul>","protected":false},"featured_media":4087,"template":"","meta":[],"product_brand":[],"product_cat":[207],"product_tag":[270],"class_list":{"0":"post-2811","1":"product","2":"type-product","3":"status-publish","4":"has-post-thumbnail","6":"product_cat-picual","7":"product_tag-individual","9":"first","10":"instock","11":"featured","12":"taxable","13":"shipping-taxable","14":"purchasable","15":"product-type-simple"},"yoast_head":"<!-- This site is optimized with the Yoast SEO Premium plugin v25.7.1 (Yoast SEO v26.8) - https:\/\/yoast.com\/product\/yoast-seo-premium-wordpress\/ -->\n<title>Botella 500ml | Aceite Premium Ecol\u00f3gico de Agricultura Regenerativa Picual<\/title>\n<meta name=\"robots\" content=\"index, follow, max-snippet:-1, max-image-preview:large, max-video-preview:-1\" \/>\n<link rel=\"canonical\" href=\"https:\/\/habitataove.com\/de\/tienda\/natives-bio-olivenol-extra-regenerativ-picual-flasche-500ml\/\" \/>\n<meta property=\"og:locale\" content=\"de_DE\" \/>\n<meta property=\"og:type\" content=\"article\" \/>\n<meta property=\"og:title\" content=\"Ecol\u00f3gico - Picual - Botella 500ml\" \/>\n<meta property=\"og:description\" content=\"Te presentamos nuestro formato de botella de vidrio de 500 mililitros. un aceite AOVE de sabor equilibrado, ligeramente afrutado, con notas verdes y un toque picante final. Variedad Picual | Cosecha temprana | Extracci\u00f3n en fr\u00edo \ud83e\udd44 Usos culinarios:     Ideal para ali\u00f1ar ensaladas, dar un toque fresco y afrutado.    Perfecto para tostar pan o elaborar dips como el hummus.    Recomendado para cocinar a baja temperatura, guisos suaves o salteados.    Un imprescindible para rematar platos como cremas, pastas o verduras asadas.    Tambi\u00e9n excelente para reposter\u00eda saludable o preparar mayonesas caseras.\" \/>\n<meta property=\"og:url\" content=\"https:\/\/habitataove.com\/de\/tienda\/natives-bio-olivenol-extra-regenerativ-picual-flasche-500ml\/\" \/>\n<meta property=\"og:site_name\" content=\"Habitat Aove\" \/>\n<meta property=\"article:publisher\" content=\"https:\/\/www.facebook.com\/habitataove\" \/>\n<meta property=\"article:modified_time\" content=\"2026-01-30T11:20:20+00:00\" \/>\n<meta property=\"og:image\" content=\"https:\/\/habitataove.com\/wp-content\/uploads\/2025\/07\/botella-aceite.png\" \/>\n\t<meta property=\"og:image:width\" content=\"1024\" \/>\n\t<meta property=\"og:image:height\" content=\"1024\" \/>\n\t<meta property=\"og:image:type\" content=\"image\/png\" \/>\n<meta name=\"twitter:card\" content=\"summary_large_image\" \/>\n<meta name=\"twitter:label1\" content=\"Gesch\u00e4tzte Lesezeit\" \/>\n\t<meta name=\"twitter:data1\" content=\"2\u00a0Minuten\" \/>\n<script type=\"application\/ld+json\" class=\"yoast-schema-graph\">{\"@context\":\"https:\/\/schema.org\",\"@graph\":[{\"@type\":\"WebPage\",\"@id\":\"https:\/\/habitataove.com\/tienda\/aceite-de-oliva-virgen-extra-ecologico-regenerativo-picual-botella-500ml\/\",\"url\":\"https:\/\/habitataove.com\/tienda\/aceite-de-oliva-virgen-extra-ecologico-regenerativo-picual-botella-500ml\/\",\"name\":\"Botella 500ml | Aceite Premium Ecol\u00f3gico de Agricultura Regenerativa Picual\",\"isPartOf\":{\"@id\":\"https:\/\/habitataove.com\/#website\"},\"primaryImageOfPage\":{\"@id\":\"https:\/\/habitataove.com\/tienda\/aceite-de-oliva-virgen-extra-ecologico-regenerativo-picual-botella-500ml\/#primaryimage\"},\"image\":{\"@id\":\"https:\/\/habitataove.com\/tienda\/aceite-de-oliva-virgen-extra-ecologico-regenerativo-picual-botella-500ml\/#primaryimage\"},\"thumbnailUrl\":\"https:\/\/habitataove.com\/wp-content\/uploads\/2025\/07\/botella-aceite.png\",\"datePublished\":\"2025-07-05T15:25:40+00:00\",\"dateModified\":\"2026-01-30T11:20:20+00:00\",\"breadcrumb\":{\"@id\":\"https:\/\/habitataove.com\/tienda\/aceite-de-oliva-virgen-extra-ecologico-regenerativo-picual-botella-500ml\/#breadcrumb\"},\"inLanguage\":\"de\",\"potentialAction\":[{\"@type\":\"ReadAction\",\"target\":[\"https:\/\/habitataove.com\/tienda\/aceite-de-oliva-virgen-extra-ecologico-regenerativo-picual-botella-500ml\/\"]}]},{\"@type\":\"ImageObject\",\"inLanguage\":\"de\",\"@id\":\"https:\/\/habitataove.com\/tienda\/aceite-de-oliva-virgen-extra-ecologico-regenerativo-picual-botella-500ml\/#primaryimage\",\"url\":\"https:\/\/habitataove.com\/wp-content\/uploads\/2025\/07\/botella-aceite.png\",\"contentUrl\":\"https:\/\/habitataove.com\/wp-content\/uploads\/2025\/07\/botella-aceite.png\",\"width\":1024,\"height\":1024},{\"@type\":\"BreadcrumbList\",\"@id\":\"https:\/\/habitataove.com\/tienda\/aceite-de-oliva-virgen-extra-ecologico-regenerativo-picual-botella-500ml\/#breadcrumb\",\"itemListElement\":[{\"@type\":\"ListItem\",\"position\":1,\"name\":\"Portada\",\"item\":\"https:\/\/habitataove.com\/\"},{\"@type\":\"ListItem\",\"position\":2,\"name\":\"Tienda\",\"item\":\"https:\/\/habitataove.com\/tienda\/\"},{\"@type\":\"ListItem\",\"position\":3,\"name\":\"Ecol\u00f3gico &#8211; Picual &#8211; Botella 500ml\"}]},{\"@type\":\"WebSite\",\"@id\":\"https:\/\/habitataove.com\/#website\",\"url\":\"https:\/\/habitataove.com\/\",\"name\":\"Habitat Aove Aceite procedente de agricultura Ecol\u00f3gica Regenerativa\",\"description\":\"Aceite de Oliva Virgen Extra Ecol\u00f3gico\",\"publisher\":{\"@id\":\"https:\/\/habitataove.com\/#organization\"},\"alternateName\":\"Habitat Aove Aceite\",\"potentialAction\":[{\"@type\":\"SearchAction\",\"target\":{\"@type\":\"EntryPoint\",\"urlTemplate\":\"https:\/\/habitataove.com\/?s={search_term_string}\"},\"query-input\":{\"@type\":\"PropertyValueSpecification\",\"valueRequired\":true,\"valueName\":\"search_term_string\"}}],\"inLanguage\":\"de\"},{\"@type\":\"Organization\",\"@id\":\"https:\/\/habitataove.com\/#organization\",\"name\":\"HABITAT AOVE S.D.A.D COOP. ANDALUZA\",\"alternateName\":\"HABITAT AOVE\",\"url\":\"https:\/\/habitataove.com\/\",\"logo\":{\"@type\":\"ImageObject\",\"inLanguage\":\"de\",\"@id\":\"https:\/\/habitataove.com\/#\/schema\/logo\/image\/\",\"url\":\"https:\/\/habitataove.com\/wp-content\/uploads\/2025\/06\/cropped-Verde.png\",\"contentUrl\":\"https:\/\/habitataove.com\/wp-content\/uploads\/2025\/06\/cropped-Verde.png\",\"width\":1333,\"height\":927,\"caption\":\"HABITAT AOVE S.D.A.D COOP. ANDALUZA\"},\"image\":{\"@id\":\"https:\/\/habitataove.com\/#\/schema\/logo\/image\/\"},\"sameAs\":[\"https:\/\/www.facebook.com\/habitataove\",\"https:\/\/www.instagram.com\/habitataove\/\"],\"description\":\"HABITAT es una cooperativa de peque\u00f1os productores de aceite que nace en el a\u00f1o 2019. Nace como un proyecto local dedicado al fomento de la agricultura ecol\u00f3gica regenerativa, para salvaguardar nuestro patrimonio natural, hist\u00f3rico y social. Uniendo los esfuerzos de los agricultores del territorio a trav\u00e9s de una Cooperativa de Aceite de Oliva Virgen Extra Ecol\u00f3gico.\",\"email\":\"sales@habitataove.com\",\"telephone\":\"+34 722 40 48 97\",\"legalName\":\"HABITAT AOVE S.D.A.D COOP. ANDALUZA\",\"foundingDate\":\"2019-01-01\",\"vatID\":\"F02739571\"}]}<\/script>\n<!-- \/ Yoast SEO Premium plugin. -->","yoast_head_json":{"title":"Flasche 500ml : Bio-Premium-\u00d6l der Regenerativen Landwirtschaft Picual","robots":{"index":"index","follow":"follow","max-snippet":"max-snippet:-1","max-image-preview":"max-image-preview:large","max-video-preview":"max-video-preview:-1"},"canonical":"https:\/\/habitataove.com\/de\/tienda\/natives-bio-olivenol-extra-regenerativ-picual-flasche-500ml\/","og_locale":"de_DE","og_type":"article","og_title":"Ecol\u00f3gico - Picual - Botella 500ml","og_description":"Te presentamos nuestro formato de botella de vidrio de 500 mililitros. un aceite AOVE de sabor equilibrado, ligeramente afrutado, con notas verdes y un toque picante final. Variedad Picual | Cosecha temprana | Extracci\u00f3n en fr\u00edo \ud83e\udd44 Usos culinarios:     Ideal para ali\u00f1ar ensaladas, dar un toque fresco y afrutado.    Perfecto para tostar pan o elaborar dips como el hummus.    Recomendado para cocinar a baja temperatura, guisos suaves o salteados.    Un imprescindible para rematar platos como cremas, pastas o verduras asadas.    Tambi\u00e9n excelente para reposter\u00eda saludable o preparar mayonesas caseras.","og_url":"https:\/\/habitataove.com\/de\/tienda\/natives-bio-olivenol-extra-regenerativ-picual-flasche-500ml\/","og_site_name":"Habitat Aove","article_publisher":"https:\/\/www.facebook.com\/habitataove","article_modified_time":"2026-01-30T11:20:20+00:00","og_image":[{"width":1024,"height":1024,"url":"https:\/\/habitataove.com\/wp-content\/uploads\/2025\/07\/botella-aceite.png","type":"image\/png"}],"twitter_card":"summary_large_image","twitter_misc":{"Gesch\u00e4tzte Lesezeit":"2\u00a0Minuten"},"schema":{"@context":"https:\/\/schema.org","@graph":[{"@type":"WebPage","@id":"https:\/\/habitataove.com\/tienda\/aceite-de-oliva-virgen-extra-ecologico-regenerativo-picual-botella-500ml\/","url":"https:\/\/habitataove.com\/tienda\/aceite-de-oliva-virgen-extra-ecologico-regenerativo-picual-botella-500ml\/","name":"Flasche 500ml : Bio-Premium-\u00d6l der Regenerativen Landwirtschaft Picual","isPartOf":{"@id":"https:\/\/habitataove.com\/#website"},"primaryImageOfPage":{"@id":"https:\/\/habitataove.com\/tienda\/aceite-de-oliva-virgen-extra-ecologico-regenerativo-picual-botella-500ml\/#primaryimage"},"image":{"@id":"https:\/\/habitataove.com\/tienda\/aceite-de-oliva-virgen-extra-ecologico-regenerativo-picual-botella-500ml\/#primaryimage"},"thumbnailUrl":"https:\/\/habitataove.com\/wp-content\/uploads\/2025\/07\/botella-aceite.png","datePublished":"2025-07-05T15:25:40+00:00","dateModified":"2026-01-30T11:20:20+00:00","breadcrumb":{"@id":"https:\/\/habitataove.com\/tienda\/aceite-de-oliva-virgen-extra-ecologico-regenerativo-picual-botella-500ml\/#breadcrumb"},"inLanguage":"de","potentialAction":[{"@type":"ReadAction","target":["https:\/\/habitataove.com\/tienda\/aceite-de-oliva-virgen-extra-ecologico-regenerativo-picual-botella-500ml\/"]}]},{"@type":"ImageObject","inLanguage":"de","@id":"https:\/\/habitataove.com\/tienda\/aceite-de-oliva-virgen-extra-ecologico-regenerativo-picual-botella-500ml\/#primaryimage","url":"https:\/\/habitataove.com\/wp-content\/uploads\/2025\/07\/botella-aceite.png","contentUrl":"https:\/\/habitataove.com\/wp-content\/uploads\/2025\/07\/botella-aceite.png","width":1024,"height":1024},{"@type":"BreadcrumbList","@id":"https:\/\/habitataove.com\/tienda\/aceite-de-oliva-virgen-extra-ecologico-regenerativo-picual-botella-500ml\/#breadcrumb","itemListElement":[{"@type":"ListItem","position":1,"name":"Portada","item":"https:\/\/habitataove.com\/"},{"@type":"ListItem","position":2,"name":"Tienda","item":"https:\/\/habitataove.com\/tienda\/"},{"@type":"ListItem","position":3,"name":"Ecol\u00f3gico &#8211; Picual &#8211; Botella 500ml"}]},{"@type":"WebSite","@id":"https:\/\/habitataove.com\/#website","url":"https:\/\/habitataove.com\/","name":"Habitat Aove Oil aus regenerativem Bio-Anbau","description":"Natives Bio-Oliven\u00f6l Extra","publisher":{"@id":"https:\/\/habitataove.com\/#organization"},"alternateName":"Habitat Aove Aceite","potentialAction":[{"@type":"SearchAction","target":{"@type":"EntryPoint","urlTemplate":"https:\/\/habitataove.com\/?s={search_term_string}"},"query-input":{"@type":"PropertyValueSpecification","valueRequired":true,"valueName":"search_term_string"}}],"inLanguage":"de"},{"@type":"Organization","@id":"https:\/\/habitataove.com\/#organization","name":"HABITAT AOVE S.D.A.D COOP. ANDALUSIEN","alternateName":"HABITAT AOVE","url":"https:\/\/habitataove.com\/","logo":{"@type":"ImageObject","inLanguage":"de","@id":"https:\/\/habitataove.com\/#\/schema\/logo\/image\/","url":"https:\/\/habitataove.com\/wp-content\/uploads\/2025\/06\/cropped-Verde.png","contentUrl":"https:\/\/habitataove.com\/wp-content\/uploads\/2025\/06\/cropped-Verde.png","width":1333,"height":927,"caption":"HABITAT AOVE S.D.A.D COOP. ANDALUZA"},"image":{"@id":"https:\/\/habitataove.com\/#\/schema\/logo\/image\/"},"sameAs":["https:\/\/www.facebook.com\/habitataove","https:\/\/www.instagram.com\/habitataove\/"],"description":"HABITAT ist eine Genossenschaft kleiner \u00d6lproduzenten, die 2019 gegr\u00fcndet wurde. Sie entstand als lokales Projekt, das sich der F\u00f6rderung der regenerativen \u00f6kologischen Landwirtschaft widmet, um unser nat\u00fcrliches, historisches und soziales Erbe zu sch\u00fctzen. Sie vereint die Bem\u00fchungen der Landwirte des Gebiets durch eine Genossenschaft f\u00fcr biologisches Natives Oliven\u00f6l Extra.","email":"sales@habitataove.com","telephone":"+34 722 40 48 97","legalName":"HABITAT AOVE S.D.A.D COOP. ANDALUZA","foundingDate":"2019-01-01","vatID":"F02739571"}]}},"_links":{"self":[{"href":"https:\/\/habitataove.com\/de\/wp-json\/wp\/v2\/product\/2811","targetHints":{"allow":["GET"]}}],"collection":[{"href":"https:\/\/habitataove.com\/de\/wp-json\/wp\/v2\/product"}],"about":[{"href":"https:\/\/habitataove.com\/de\/wp-json\/wp\/v2\/types\/product"}],"wp:featuredmedia":[{"embeddable":true,"href":"https:\/\/habitataove.com\/de\/wp-json\/wp\/v2\/media\/4087"}],"wp:attachment":[{"href":"https:\/\/habitataove.com\/de\/wp-json\/wp\/v2\/media?parent=2811"}],"wp:term":[{"taxonomy":"product_brand","embeddable":true,"href":"https:\/\/habitataove.com\/de\/wp-json\/wp\/v2\/product_brand?post=2811"},{"taxonomy":"product_cat","embeddable":true,"href":"https:\/\/habitataove.com\/de\/wp-json\/wp\/v2\/product_cat?post=2811"},{"taxonomy":"product_tag","embeddable":true,"href":"https:\/\/habitataove.com\/de\/wp-json\/wp\/v2\/product_tag?post=2811"}],"curies":[{"name":"wp","href":"https:\/\/api.w.org\/{rel}","templated":true}]}}