{"id":1221,"date":"2022-05-05T11:22:28","date_gmt":"2022-05-05T11:22:28","guid":{"rendered":"https:\/\/habitataove.com\/?post_type=product&#038;p=1221"},"modified":"2026-01-30T13:20:31","modified_gmt":"2026-01-30T11:20:31","slug":"aceite-regenerativo-picual-500ml","status":"publish","type":"product","link":"https:\/\/habitataove.com\/de\/tienda\/picual-regenerierendes-ol-500ml\/","title":{"rendered":"Bio - Picual - Dose 500ml"},"content":{"rendered":"<table width=\"448\" cellspacing=\"0\" cellpadding=\"7\">\n<tbody>\n<tr>\n<td colspan=\"2\" valign=\"top\" width=\"432\"><b>Natives Bio-Oliven\u00f6l Extra<\/b> <b>(AOVEE ) <\/b><\/td>\n<\/tr>\n<tr valign=\"top\">\n<td width=\"157\"><b>FORMAT<\/b><\/td>\n<td width=\"261\">Dose 500 ml<\/td>\n<\/tr>\n<tr valign=\"top\">\n<td width=\"157\"><b>VARIETY<\/b><\/td>\n<td width=\"261\">Picual<\/td>\n<\/tr>\n<tr valign=\"top\">\n<td width=\"157\"><b>SENSORISCHE EIGENSCHAFTEN<\/b><\/td>\n<td width=\"261\"><span lang=\"es-ES-u-co-trad\">Es ist ein fruchtiges, aromatisches \u00d6l, das sich hervorragend f\u00fcr Salate und rohe Anwendungen eignet.<\/span><\/td>\n<\/tr>\n<tr valign=\"top\">\n<td width=\"157\"><b>QUALIT\u00c4T<\/b><\/td>\n<td width=\"261\">(AOVEE) Zertifikat von <b>Regenerative Landwirtschaft mit B\u00f6den und Landschaften von h\u00f6chster Qualit\u00e4t<\/b><\/td>\n<\/tr>\n<tr valign=\"top\">\n<td width=\"157\"><b>GESUNDHEIT<\/b><\/td>\n<td width=\"261\">Vorbeugung von Herz-Kreislauf-Erkrankungen, Verbesserung der Verdauungsfunktion und der Verstopfung, Verringerung von Komplikationen bei Diabetikern, Verbesserung der Knochenmineralisierung, Schutz vor zellul\u00e4rem Stress und Erh\u00f6hung der Lebenserwartung.<\/td>\n<\/tr>\n<tr valign=\"top\">\n<td width=\"157\"><b>HERKUNFT\/URSPRUNG<\/b><\/td>\n<td width=\"261\">Steppenplateau im S\u00fcdosten Spaniens.<\/td>\n<\/tr>\n<tr valign=\"top\">\n<td width=\"157\"><b>BOTTLING<\/b><\/td>\n<td width=\"261\">Granada, Spanien<\/td>\n<\/tr>\n<tr valign=\"top\">\n<td width=\"157\"><b>ZERTIFIKAT<\/b><\/td>\n<td width=\"261\">\u00d6KO-KAFFEE<\/td>\n<\/tr>\n<tr valign=\"top\">\n<td width=\"157\"><b>ERHALTUNG<\/b><\/td>\n<td width=\"261\">Vor Licht und Hitze fernhalten. An einem k\u00fchlen, trockenen Ort aufbewahren.<\/td>\n<\/tr>\n<tr valign=\"top\">\n<td width=\"157\"><b>VORZUGSVERBRAUCH<\/b><\/td>\n<td width=\"261\">18 Monate ab Datum der Verpackung<\/td>\n<\/tr>\n<tr valign=\"top\">\n<td width=\"157\"><b>MATERIAL<\/b><\/td>\n<td width=\"261\">Wei\u00dfblech<\/td>\n<\/tr>\n<tr valign=\"top\">\n<td width=\"157\"><b>MASSNAHMEN<\/b><\/td>\n<td width=\"261\">76 x 49 mm. 159 mm<\/td>\n<\/tr>\n<tr valign=\"top\">\n<td width=\"157\"><b>GEWICHT<\/b><\/td>\n<td width=\"261\">570 gr.<\/td>\n<\/tr>\n<\/tbody>\n<\/table>\n<p>&nbsp;<\/p>\n<p><b>ZUTATEN<\/b>:<\/p>\n<p>Natives Bio-Oliven\u00f6l Extra 100%<\/p>\n<table width=\"411\" cellspacing=\"0\" cellpadding=\"7\">\n<tbody>\n<tr>\n<td colspan=\"2\" valign=\"top\" width=\"397\"><b>SENSORY:<\/b><\/td>\n<\/tr>\n<tr valign=\"top\">\n<td width=\"148\">Farbe<\/td>\n<td width=\"234\">Leuchtend gr\u00fcne Farbe<\/td>\n<\/tr>\n<tr valign=\"top\">\n<td width=\"148\">Geschmack<\/td>\n<td width=\"234\">Wahrnehmbare fruchtige Nuancen, keine Nebengeschmacksnoten.<\/td>\n<\/tr>\n<tr valign=\"top\">\n<td width=\"148\">Geruch<\/td>\n<td width=\"234\">sp\u00fcrbare aromatische Nuancen, keine Fremdger\u00fcche<\/td>\n<\/tr>\n<\/tbody>\n<\/table>\n<table width=\"408\" cellspacing=\"0\" cellpadding=\"7\">\n<tbody>\n<tr>\n<td colspan=\"2\" valign=\"top\" width=\"394\"><b>PHYSIKALISCH-CHEMISCHE EIGENSCHAFTEN:<\/b><\/p>\n<p><b>(EG-Verordnung 1989\/2003)<\/b><\/td>\n<\/tr>\n<tr valign=\"top\">\n<td width=\"285\">S\u00e4uregehalt (% \u00d6ls\u00e4ure)<\/td>\n<td width=\"95\">&lt; 0.8<\/td>\n<\/tr>\n<tr valign=\"top\">\n<td width=\"285\">Peroxide (meq O2\/Kg)<\/td>\n<td width=\"95\">&lt; 20<\/td>\n<\/tr>\n<tr valign=\"top\">\n<td width=\"285\">K232<\/td>\n<td width=\"95\">&lt; 2.50<\/td>\n<\/tr>\n<tr valign=\"top\">\n<td width=\"285\">K270<\/td>\n<td width=\"95\">&lt; 0.22<\/td>\n<\/tr>\n<tr valign=\"top\">\n<td width=\"285\"><span style=\"font-family: CIDFont+F1, serif;\"><span style=\"font-size: small;\">\u0394<\/span><\/span>K<\/td>\n<td width=\"95\">&lt;0.01<\/td>\n<\/tr>\n<tr valign=\"top\">\n<td width=\"285\">Wachse (mg\/kg)<\/td>\n<td width=\"95\">&lt; 250<\/td>\n<\/tr>\n<\/tbody>\n<\/table>\n<p>&nbsp;<\/p>\n<table width=\"409\" cellspacing=\"0\" cellpadding=\"7\">\n<tbody>\n<tr>\n<td colspan=\"2\" valign=\"top\" width=\"395\"><b>QUALITATIVE ZUSAMMENSETZUNG:<\/b><\/td>\n<\/tr>\n<tr valign=\"top\">\n<td width=\"285\"><b>Verseifbare Fraktion <\/b><\/td>\n<td width=\"95\"><b>98,5 - 99,5%<\/b><\/td>\n<\/tr>\n<tr valign=\"top\">\n<td width=\"285\"><b>Unverseifbare Fraktion<\/b><\/td>\n<td width=\"95\"><b>0,5 - 1,5%<\/b><\/td>\n<\/tr>\n<\/tbody>\n<\/table>\n<p>&nbsp;<\/p>","protected":false},"excerpt":{"rendered":"<p><strong>Format<\/strong>: 500 ml Dose<\/p>\n<p>Klein in der Gr\u00f6\u00dfe, gro\u00df im Engagement. Unser <strong data-start=\"316\" data-end=\"365\">500 ml Dose regeneratives Bio-EVOO<\/strong> ist perfekt f\u00fcr alle, die ein praktisches, widerstandsf\u00e4higes und leicht zu lagerndes Format suchen, ohne dabei auf Qualit\u00e4t oder Respekt vor dem Land zu verzichten.<\/p>\n<p data-start=\"932\" data-end=\"955\">\ud83e\udd44 <strong data-start=\"935\" data-end=\"954\">Kulinarische Verwendungen<\/strong>:<\/p>\n<ul data-start=\"956\" data-end=\"1270\">\n<li data-start=\"956\" data-end=\"1021\">\n<p data-start=\"958\" data-end=\"1021\">Perfekt f\u00fcr <strong data-start=\"972\" data-end=\"992\">Salatdressing<\/strong>oder Toast oder rohe Speisen.<\/p>\n<\/li>\n<li data-start=\"1022\" data-end=\"1114\">\n<p data-start=\"1024\" data-end=\"1114\">Ideal f\u00fcr <strong data-start=\"1035\" data-end=\"1070\">t\u00e4gliches Kochen in kleinen Dosen<\/strong>: Pfannengerichte, Cremes, Gem\u00fcse, Nudeln und mehr.<\/p>\n<\/li>\n<li data-start=\"1115\" data-end=\"1187\">\n<p data-start=\"1117\" data-end=\"1187\">Sehr praktisch f\u00fcr <strong data-start=\"1135\" data-end=\"1154\">REISE<\/strong> oder f\u00fcr K\u00fcchen mit wenig Platz.<\/p>\n<\/li>\n<li data-start=\"1188\" data-end=\"1270\">\n<p data-start=\"1190\" data-end=\"1270\">Hervorragend auch als Geschenk oder als Einf\u00fchrung in die Welt der regenerativen EVOO.<\/p>\n<\/li>\n<\/ul>\n<p data-start=\"1272\" data-end=\"1413\">\ud83d\udce6 Format: <strong data-start=\"1284\" data-end=\"1302\">500 ml Dose<\/strong>Dieser undurchsichtige, recycelbare Film sch\u00fctzt das \u00d6l vor Licht und bewahrt alle seine Eigenschaften \u00fcber einen l\u00e4ngeren Zeitraum.<\/p>","protected":false},"featured_media":4086,"template":"","meta":[],"product_brand":[],"product_cat":[207],"product_tag":[270],"class_list":{"0":"post-1221","1":"product","2":"type-product","3":"status-publish","4":"has-post-thumbnail","6":"product_cat-picual","7":"product_tag-individual","9":"first","10":"instock","11":"featured","12":"taxable","13":"shipping-taxable","14":"purchasable","15":"product-type-simple"},"yoast_head":"<!-- This site is optimized with the Yoast SEO Premium plugin v25.7.1 (Yoast SEO v26.8) - https:\/\/yoast.com\/product\/yoast-seo-premium-wordpress\/ -->\n<title>Lata 500ml | Aceite Premium Ecol\u00f3gico de Agricultura Regenerativa Picual<\/title>\n<meta name=\"description\" content=\"\ud83d\udce6 Peque\u00f1a en tama\u00f1o, grande en compromiso. Nuestra lata de 500 ml de AOVE ecol\u00f3gico regenerativo es perfecta para quienes buscan un formato c\u00f3modo.\" \/>\n<meta name=\"robots\" content=\"index, follow, max-snippet:-1, max-image-preview:large, max-video-preview:-1\" \/>\n<link rel=\"canonical\" href=\"https:\/\/habitataove.com\/de\/tienda\/picual-regenerierendes-ol-500ml\/\" \/>\n<meta property=\"og:locale\" content=\"de_DE\" \/>\n<meta property=\"og:type\" content=\"article\" \/>\n<meta property=\"og:title\" content=\"Ecol\u00f3gico - Picual - Lata 500ml\" \/>\n<meta property=\"og:description\" content=\"\ud83d\udce6 Peque\u00f1a en tama\u00f1o, grande en compromiso. Nuestra lata de 500 ml de AOVE ecol\u00f3gico regenerativo es perfecta para quienes buscan un formato c\u00f3modo.\" \/>\n<meta property=\"og:url\" content=\"https:\/\/habitataove.com\/de\/tienda\/picual-regenerierendes-ol-500ml\/\" \/>\n<meta property=\"og:site_name\" content=\"Habitat Aove\" \/>\n<meta property=\"article:publisher\" content=\"https:\/\/www.facebook.com\/habitataove\" \/>\n<meta property=\"article:modified_time\" content=\"2026-01-30T11:20:31+00:00\" \/>\n<meta property=\"og:image\" content=\"https:\/\/habitataove.com\/wp-content\/uploads\/2022\/05\/para-web-segunda-lata.png\" \/>\n\t<meta property=\"og:image:width\" content=\"1024\" \/>\n\t<meta property=\"og:image:height\" content=\"1024\" \/>\n\t<meta property=\"og:image:type\" content=\"image\/png\" \/>\n<meta name=\"twitter:card\" content=\"summary_large_image\" \/>\n<meta name=\"twitter:label1\" content=\"Gesch\u00e4tzte Lesezeit\" \/>\n\t<meta name=\"twitter:data1\" content=\"2\u00a0Minuten\" \/>\n<script type=\"application\/ld+json\" class=\"yoast-schema-graph\">{\"@context\":\"https:\/\/schema.org\",\"@graph\":[{\"@type\":\"WebPage\",\"@id\":\"https:\/\/habitataove.com\/tienda\/aceite-regenerativo-picual-500ml\/\",\"url\":\"https:\/\/habitataove.com\/tienda\/aceite-regenerativo-picual-500ml\/\",\"name\":\"Lata 500ml | Aceite Premium Ecol\u00f3gico de Agricultura Regenerativa Picual\",\"isPartOf\":{\"@id\":\"https:\/\/habitataove.com\/#website\"},\"primaryImageOfPage\":{\"@id\":\"https:\/\/habitataove.com\/tienda\/aceite-regenerativo-picual-500ml\/#primaryimage\"},\"image\":{\"@id\":\"https:\/\/habitataove.com\/tienda\/aceite-regenerativo-picual-500ml\/#primaryimage\"},\"thumbnailUrl\":\"https:\/\/habitataove.com\/wp-content\/uploads\/2022\/05\/para-web-segunda-lata.png\",\"datePublished\":\"2022-05-05T11:22:28+00:00\",\"dateModified\":\"2026-01-30T11:20:31+00:00\",\"description\":\"\ud83d\udce6 Peque\u00f1a en tama\u00f1o, grande en compromiso. Nuestra lata de 500 ml de AOVE ecol\u00f3gico regenerativo es perfecta para quienes buscan un formato c\u00f3modo.\",\"breadcrumb\":{\"@id\":\"https:\/\/habitataove.com\/tienda\/aceite-regenerativo-picual-500ml\/#breadcrumb\"},\"inLanguage\":\"de\",\"potentialAction\":[{\"@type\":\"ReadAction\",\"target\":[\"https:\/\/habitataove.com\/tienda\/aceite-regenerativo-picual-500ml\/\"]}]},{\"@type\":\"ImageObject\",\"inLanguage\":\"de\",\"@id\":\"https:\/\/habitataove.com\/tienda\/aceite-regenerativo-picual-500ml\/#primaryimage\",\"url\":\"https:\/\/habitataove.com\/wp-content\/uploads\/2022\/05\/para-web-segunda-lata.png\",\"contentUrl\":\"https:\/\/habitataove.com\/wp-content\/uploads\/2022\/05\/para-web-segunda-lata.png\",\"width\":1024,\"height\":1024},{\"@type\":\"BreadcrumbList\",\"@id\":\"https:\/\/habitataove.com\/tienda\/aceite-regenerativo-picual-500ml\/#breadcrumb\",\"itemListElement\":[{\"@type\":\"ListItem\",\"position\":1,\"name\":\"Portada\",\"item\":\"https:\/\/habitataove.com\/\"},{\"@type\":\"ListItem\",\"position\":2,\"name\":\"Tienda\",\"item\":\"https:\/\/habitataove.com\/tienda\/\"},{\"@type\":\"ListItem\",\"position\":3,\"name\":\"Ecol\u00f3gico &#8211; Picual &#8211; Lata 500ml\"}]},{\"@type\":\"WebSite\",\"@id\":\"https:\/\/habitataove.com\/#website\",\"url\":\"https:\/\/habitataove.com\/\",\"name\":\"Habitat Aove Aceite procedente de agricultura Ecol\u00f3gica Regenerativa\",\"description\":\"Aceite de Oliva Virgen Extra Ecol\u00f3gico\",\"publisher\":{\"@id\":\"https:\/\/habitataove.com\/#organization\"},\"alternateName\":\"Habitat Aove Aceite\",\"potentialAction\":[{\"@type\":\"SearchAction\",\"target\":{\"@type\":\"EntryPoint\",\"urlTemplate\":\"https:\/\/habitataove.com\/?s={search_term_string}\"},\"query-input\":{\"@type\":\"PropertyValueSpecification\",\"valueRequired\":true,\"valueName\":\"search_term_string\"}}],\"inLanguage\":\"de\"},{\"@type\":\"Organization\",\"@id\":\"https:\/\/habitataove.com\/#organization\",\"name\":\"HABITAT AOVE S.D.A.D COOP. ANDALUZA\",\"alternateName\":\"HABITAT AOVE\",\"url\":\"https:\/\/habitataove.com\/\",\"logo\":{\"@type\":\"ImageObject\",\"inLanguage\":\"de\",\"@id\":\"https:\/\/habitataove.com\/#\/schema\/logo\/image\/\",\"url\":\"https:\/\/habitataove.com\/wp-content\/uploads\/2025\/06\/cropped-Verde.png\",\"contentUrl\":\"https:\/\/habitataove.com\/wp-content\/uploads\/2025\/06\/cropped-Verde.png\",\"width\":1333,\"height\":927,\"caption\":\"HABITAT AOVE S.D.A.D COOP. ANDALUZA\"},\"image\":{\"@id\":\"https:\/\/habitataove.com\/#\/schema\/logo\/image\/\"},\"sameAs\":[\"https:\/\/www.facebook.com\/habitataove\",\"https:\/\/www.instagram.com\/habitataove\/\"],\"description\":\"HABITAT es una cooperativa de peque\u00f1os productores de aceite que nace en el a\u00f1o 2019. Nace como un proyecto local dedicado al fomento de la agricultura ecol\u00f3gica regenerativa, para salvaguardar nuestro patrimonio natural, hist\u00f3rico y social. Uniendo los esfuerzos de los agricultores del territorio a trav\u00e9s de una Cooperativa de Aceite de Oliva Virgen Extra Ecol\u00f3gico.\",\"email\":\"sales@habitataove.com\",\"telephone\":\"+34 722 40 48 97\",\"legalName\":\"HABITAT AOVE S.D.A.D COOP. ANDALUZA\",\"foundingDate\":\"2019-01-01\",\"vatID\":\"F02739571\"}]}<\/script>\n<!-- \/ Yoast SEO Premium plugin. -->","yoast_head_json":{"title":"Dose 500ml : Premium Bio-Oliven\u00f6l Picual aus regenerativem Anbau","description":"Klein im Format, gro\u00df im Einsatz. Unsere 500-ml-Dose mit regenerativem Bio-EVO ist perfekt f\u00fcr alle, die ein praktisches Format suchen.","robots":{"index":"index","follow":"follow","max-snippet":"max-snippet:-1","max-image-preview":"max-image-preview:large","max-video-preview":"max-video-preview:-1"},"canonical":"https:\/\/habitataove.com\/de\/tienda\/picual-regenerierendes-ol-500ml\/","og_locale":"de_DE","og_type":"article","og_title":"Ecol\u00f3gico - Picual - Lata 500ml","og_description":"\ud83d\udce6 Peque\u00f1a en tama\u00f1o, grande en compromiso. Nuestra lata de 500 ml de AOVE ecol\u00f3gico regenerativo es perfecta para quienes buscan un formato c\u00f3modo.","og_url":"https:\/\/habitataove.com\/de\/tienda\/picual-regenerierendes-ol-500ml\/","og_site_name":"Habitat Aove","article_publisher":"https:\/\/www.facebook.com\/habitataove","article_modified_time":"2026-01-30T11:20:31+00:00","og_image":[{"width":1024,"height":1024,"url":"https:\/\/habitataove.com\/wp-content\/uploads\/2022\/05\/para-web-segunda-lata.png","type":"image\/png"}],"twitter_card":"summary_large_image","twitter_misc":{"Gesch\u00e4tzte Lesezeit":"2\u00a0Minuten"},"schema":{"@context":"https:\/\/schema.org","@graph":[{"@type":"WebPage","@id":"https:\/\/habitataove.com\/tienda\/aceite-regenerativo-picual-500ml\/","url":"https:\/\/habitataove.com\/tienda\/aceite-regenerativo-picual-500ml\/","name":"Dose 500ml : Premium Bio-Oliven\u00f6l Picual aus regenerativem Anbau","isPartOf":{"@id":"https:\/\/habitataove.com\/#website"},"primaryImageOfPage":{"@id":"https:\/\/habitataove.com\/tienda\/aceite-regenerativo-picual-500ml\/#primaryimage"},"image":{"@id":"https:\/\/habitataove.com\/tienda\/aceite-regenerativo-picual-500ml\/#primaryimage"},"thumbnailUrl":"https:\/\/habitataove.com\/wp-content\/uploads\/2022\/05\/para-web-segunda-lata.png","datePublished":"2022-05-05T11:22:28+00:00","dateModified":"2026-01-30T11:20:31+00:00","description":"Klein im Format, gro\u00df im Einsatz. Unsere 500-ml-Dose mit regenerativem Bio-EVO ist perfekt f\u00fcr alle, die ein praktisches Format suchen.","breadcrumb":{"@id":"https:\/\/habitataove.com\/tienda\/aceite-regenerativo-picual-500ml\/#breadcrumb"},"inLanguage":"de","potentialAction":[{"@type":"ReadAction","target":["https:\/\/habitataove.com\/tienda\/aceite-regenerativo-picual-500ml\/"]}]},{"@type":"ImageObject","inLanguage":"de","@id":"https:\/\/habitataove.com\/tienda\/aceite-regenerativo-picual-500ml\/#primaryimage","url":"https:\/\/habitataove.com\/wp-content\/uploads\/2022\/05\/para-web-segunda-lata.png","contentUrl":"https:\/\/habitataove.com\/wp-content\/uploads\/2022\/05\/para-web-segunda-lata.png","width":1024,"height":1024},{"@type":"BreadcrumbList","@id":"https:\/\/habitataove.com\/tienda\/aceite-regenerativo-picual-500ml\/#breadcrumb","itemListElement":[{"@type":"ListItem","position":1,"name":"Portada","item":"https:\/\/habitataove.com\/"},{"@type":"ListItem","position":2,"name":"Tienda","item":"https:\/\/habitataove.com\/tienda\/"},{"@type":"ListItem","position":3,"name":"Ecol\u00f3gico &#8211; Picual &#8211; Lata 500ml"}]},{"@type":"WebSite","@id":"https:\/\/habitataove.com\/#website","url":"https:\/\/habitataove.com\/","name":"Habitat Aove Oil aus regenerativem Bio-Anbau","description":"Natives Bio-Oliven\u00f6l Extra","publisher":{"@id":"https:\/\/habitataove.com\/#organization"},"alternateName":"Habitat Aove Aceite","potentialAction":[{"@type":"SearchAction","target":{"@type":"EntryPoint","urlTemplate":"https:\/\/habitataove.com\/?s={search_term_string}"},"query-input":{"@type":"PropertyValueSpecification","valueRequired":true,"valueName":"search_term_string"}}],"inLanguage":"de"},{"@type":"Organization","@id":"https:\/\/habitataove.com\/#organization","name":"HABITAT AOVE S.D.A.D COOP. ANDALUSIEN","alternateName":"HABITAT AOVE","url":"https:\/\/habitataove.com\/","logo":{"@type":"ImageObject","inLanguage":"de","@id":"https:\/\/habitataove.com\/#\/schema\/logo\/image\/","url":"https:\/\/habitataove.com\/wp-content\/uploads\/2025\/06\/cropped-Verde.png","contentUrl":"https:\/\/habitataove.com\/wp-content\/uploads\/2025\/06\/cropped-Verde.png","width":1333,"height":927,"caption":"HABITAT AOVE S.D.A.D COOP. ANDALUZA"},"image":{"@id":"https:\/\/habitataove.com\/#\/schema\/logo\/image\/"},"sameAs":["https:\/\/www.facebook.com\/habitataove","https:\/\/www.instagram.com\/habitataove\/"],"description":"HABITAT ist eine Genossenschaft kleiner \u00d6lproduzenten, die 2019 gegr\u00fcndet wurde. Sie entstand als lokales Projekt, das sich der F\u00f6rderung der regenerativen \u00f6kologischen Landwirtschaft widmet, um unser nat\u00fcrliches, historisches und soziales Erbe zu sch\u00fctzen. Sie vereint die Bem\u00fchungen der Landwirte des Gebiets durch eine Genossenschaft f\u00fcr biologisches Natives Oliven\u00f6l Extra.","email":"sales@habitataove.com","telephone":"+34 722 40 48 97","legalName":"HABITAT AOVE S.D.A.D COOP. ANDALUZA","foundingDate":"2019-01-01","vatID":"F02739571"}]}},"_links":{"self":[{"href":"https:\/\/habitataove.com\/de\/wp-json\/wp\/v2\/product\/1221","targetHints":{"allow":["GET"]}}],"collection":[{"href":"https:\/\/habitataove.com\/de\/wp-json\/wp\/v2\/product"}],"about":[{"href":"https:\/\/habitataove.com\/de\/wp-json\/wp\/v2\/types\/product"}],"wp:featuredmedia":[{"embeddable":true,"href":"https:\/\/habitataove.com\/de\/wp-json\/wp\/v2\/media\/4086"}],"wp:attachment":[{"href":"https:\/\/habitataove.com\/de\/wp-json\/wp\/v2\/media?parent=1221"}],"wp:term":[{"taxonomy":"product_brand","embeddable":true,"href":"https:\/\/habitataove.com\/de\/wp-json\/wp\/v2\/product_brand?post=1221"},{"taxonomy":"product_cat","embeddable":true,"href":"https:\/\/habitataove.com\/de\/wp-json\/wp\/v2\/product_cat?post=1221"},{"taxonomy":"product_tag","embeddable":true,"href":"https:\/\/habitataove.com\/de\/wp-json\/wp\/v2\/product_tag?post=1221"}],"curies":[{"name":"wp","href":"https:\/\/api.w.org\/{rel}","templated":true}]}}