{"id":888,"date":"2021-12-27T08:31:35","date_gmt":"2021-12-27T08:31:35","guid":{"rendered":"https:\/\/habitataove.com\/?page_id=888"},"modified":"2025-08-13T15:07:51","modified_gmt":"2025-08-13T13:07:51","slug":"politica-de-privacidad","status":"publish","type":"page","link":"https:\/\/habitataove.com\/de\/privacy-policy\/","title":{"rendered":"Datenschutzbestimmungen"},"content":{"rendered":"<p style=\"text-align: center;\"><span style=\"font-size: 22px;\"><strong>GESETZ \u00dcBER DIENSTE DER INFORMATIONSGESELLSCHAFT (LSSI)<\/strong><\/span><\/p>\n<h3>1. die Benutzerinformationen<\/h3>\n<p><strong><span style=\"font-size: 18px;\">Wer ist f\u00fcr die Verarbeitung Ihrer personenbezogenen Daten verantwortlich?<\/span><\/strong><\/p>\n<p><span style=\"font-size: 18px;\"><strong>HABITAT AOVE S.D.A.D COOP. ANDALUSIEN<\/strong>\u00a0ist VERANTWORTLICH f\u00fcr die Verarbeitung der personenbezogenen Daten des BENUTZERS und informiert Sie dar\u00fcber, dass diese Daten gem\u00e4\u00df den Bestimmungen der Verordnung (EU) 2016\/679 vom 27. April (GDPR) und dem Organgesetz 3\/2018 vom 5. Dezember (LOPDGDD) verarbeitet werden.<\/span><\/p>\n<p><span style=\"font-size: 18px;\"><strong>Wozu verarbeiten wir Ihre personenbezogenen Daten?<\/strong><\/span><\/p>\n<p><span style=\"font-size: 18px;\">Aufrechterhaltung einer Gesch\u00e4ftsbeziehung mit dem Nutzer. Die f\u00fcr die Durchf\u00fchrung der Verarbeitung vorgesehenen Vorg\u00e4nge sind:<\/span><strong><br \/>\n<\/strong><\/p>\n<ul>\n<li><span style=\"font-size: 18px;\">Versendung von kommerziellen Werbemitteilungen per E-Mail, Fax, SMS, MMS, soziale Netzwerke oder andere gegenw\u00e4rtige oder zuk\u00fcnftige elektronische oder physische Mittel, die kommerzielle Mitteilungen erm\u00f6glichen. Diese Mitteilungen werden vom VERANTWORTLICHEN durchgef\u00fchrt und beziehen sich auf seine Produkte und Dienstleistungen oder auf die seiner Mitarbeiter oder Lieferanten, mit denen er eine Werbevereinbarung getroffen hat. In diesem Fall haben Dritte niemals Zugang zu personenbezogenen Daten.<\/span><\/li>\n<li><span style=\"font-size: 18px;\">Durchf\u00fchrung von Marktforschung und statistischen Analysen.<\/span><\/li>\n<li><span style=\"font-size: 18px;\">Bearbeitung von Bestellungen, Anfragen, Beantwortung von R\u00fcckfragen oder Anfragen jeglicher Art, die vom BENUTZER \u00fcber die auf der Website des VERANTWORTLICHEN zur Verf\u00fcgung gestellten Kontaktformulare gestellt werden.<\/span><\/li>\n<li><span style=\"font-size: 18px;\">F\u00fcr den Versand des Online-Newsletters \u00fcber Neuigkeiten, Angebote und Aktionen in unserer T\u00e4tigkeit.<\/span><\/li>\n<\/ul>\n<p><span style=\"font-size: 18px;\"><strong>Warum d\u00fcrfen wir Ihre personenbezogenen Daten verarbeiten?<\/strong><\/span><\/p>\n<p><span style=\"font-size: 18px;\">Weil die Verarbeitung durch Artikel 6 der Datenschutz-Grundverordnung wie folgt legitimiert ist:<strong><br \/>\n<\/strong><\/span><\/p>\n<ul>\n<li><span style=\"font-size: 18px;\">Mit der Zustimmung des BENUTZERS: Zusendung von kommerziellen Mitteilungen und des Newsletters.<br \/>\n<\/span><\/li>\n<li><span style=\"font-size: 18px;\">F\u00fcr das berechtigte Interesse des VERANTWORTLICHEN: zur Durchf\u00fchrung von Marktforschungen, statistischen Analysen usw. und zur Bearbeitung von Bestellungen, Anfragen usw. auf Anfrage des BENUTZERS.<\/span><\/li>\n<\/ul>\n<p><span style=\"font-size: 18px;\"><strong>Wie lange werden wir Ihre personenbezogenen Daten aufbewahren?<\/strong><\/span><\/p>\n<p><span style=\"font-size: 18px;\">Sie werden nur so lange aufbewahrt, wie es f\u00fcr die Aufrechterhaltung des Zwecks der Verarbeitung erforderlich ist, oder es gibt gesetzliche Vorschriften, die ihre Aufbewahrung vorschreiben, und wenn sie f\u00fcr diesen Zweck nicht mehr erforderlich sind, werden sie mit geeigneten Sicherheitsma\u00dfnahmen gel\u00f6scht, um die Anonymisierung der Daten oder ihre vollst\u00e4ndige Vernichtung zu gew\u00e4hrleisten.<\/span><\/p>\n<p><span style=\"font-size: 18px;\"><strong>An wen geben wir Ihre personenbezogenen Daten weiter?<\/strong><\/span><\/p>\n<p><span style=\"font-size: 18px;\">Es ist keine Weitergabe personenbezogener Daten an Dritte vorgesehen, au\u00dfer, wenn dies f\u00fcr die Entwicklung und Ausf\u00fchrung der Zwecke der Verarbeitung erforderlich ist, an unsere Dienstleister im Zusammenhang mit der Kommunikation, mit denen der VERANTWORTLICHE die von den geltenden Datenschutzbestimmungen vorgeschriebenen Vertraulichkeits- und Datenverarbeitungsvertr\u00e4ge unterzeichnet hat.<br \/>\n<\/span><\/p>\n<p><span style=\"font-size: 18px;\"><strong>Welche Rechte haben Sie?<\/strong><\/span><\/p>\n<p><span style=\"font-size: 18px;\">Die Rechte des BENUTZERS sind:<br \/>\n<\/span><\/p>\n<ul>\n<li><span style=\"font-size: 18px;\">Recht auf jederzeitigen Widerruf der Einwilligung.<\/span><\/li>\n<li><span style=\"font-size: 18px;\">Das Recht auf Zugang, Berichtigung, \u00dcbertragbarkeit und L\u00f6schung Ihrer Daten sowie das Recht, die Verarbeitung einzuschr\u00e4nken oder abzulehnen.<\/span><\/li>\n<li><span style=\"font-size: 18px;\">Das Recht, eine Beschwerde bei der Aufsichtsbeh\u00f6rde (www.aepd.es) einzureichen, wenn Sie der Meinung sind, dass die Verarbeitung nicht mit den geltenden Vorschriften \u00fcbereinstimmt.<\/span><\/li>\n<\/ul>\n<p><strong><span style=\"font-size: 18px;\">Kontaktdaten f\u00fcr die Wahrnehmung Ihrer Rechte:<\/span><\/strong><\/p>\n<p><span style=\"font-size: 18px;\"><strong>HABITAT AOVE S.D.A.D COOP. ANDALUSIEN<\/strong>. POLIGONO INDUSTRIAL HACTARA CALLE B PARECELA 38, 18811 ZUJAR<br \/>\n(Granada).<\/span><\/p>\n<p><span style=\"font-size: 18px;\"> E-Mail:<\/span><br \/>\n<a href=\"mailto:INFO@HABITATAOVE.COM\"><span style=\"font-size: 18px;\">INFO@HABITATAOVE.COM<\/span><\/a><\/p>\n<p><span style=\"font-size: 18px;\">Kontaktangaben des Datenschutzbeauftragten: <\/span><\/p>\n<p><span style=\"font-size: 18px;\">CALLE JOS\u00c9 ARTES DE ARCOS No34 OFICINA T, 04004<\/span><br \/>\n<span style=\"font-size: 18px;\">ALMERIA - <a href=\"mailto:info@consultoriaeuropa.com\">info@consultoriaeuropa.com<\/a><\/span><\/p>\n<h3>2. Obligatorischer oder fakultativer Charakter der vom Nutzer bereitgestellten Informationen<\/h3>\n<p><span style=\"font-size: 18px;\">Der BENUTZER akzeptiert durch das Ankreuzen der entsprechenden K\u00e4stchen und die Eingabe von Daten in die mit einem Sternchen (*) gekennzeichneten Felder im Kontaktformular oder in den Download-Formularen ausdr\u00fccklich und frei und unmissverst\u00e4ndlich, dass seine Daten notwendig sind, um seine Anfrage zu erf\u00fcllen, und zwar durch den Anbieter, wobei die Aufnahme von Daten in die \u00fcbrigen Felder freiwillig ist. Der BENUTZER garantiert, dass die dem VERANTWORTLICHEN zur Verf\u00fcgung gestellten pers\u00f6nlichen Daten wahrheitsgem\u00e4\u00df sind und ist daf\u00fcr verantwortlich, etwaige \u00c4nderungen mitzuteilen.<\/span><\/p>\n<p><span style=\"font-size: 18px;\">Der VERANTWORTLICHE teilt mit, dass alle \u00fcber die Website angeforderten Daten obligatorisch sind, da sie f\u00fcr die Bereitstellung eines optimalen Dienstes f\u00fcr den BENUTZER erforderlich sind. F\u00fcr den Fall, dass nicht alle Daten zur Verf\u00fcgung gestellt werden, gibt es keine Garantie, dass die bereitgestellten Informationen und Dienstleistungen vollst\u00e4ndig auf Ihre Bed\u00fcrfnisse zugeschnitten sind.<\/span><\/p>\n<h3>3) Sicherheitsma\u00dfnahmen<\/h3>\n<p><span style=\"font-size: 18px;\">dass der VERANTWORTLICHE in \u00dcbereinstimmung mit den geltenden Vorschriften zum Schutz personenbezogener Daten alle Bestimmungen der DSGVO und der LOPDGDD f\u00fcr die Verarbeitung personenbezogener Daten unter seiner Verantwortung einh\u00e4lt und offensichtlich die in Artikel 5 der DSGVO beschriebenen Grunds\u00e4tze einh\u00e4lt, wonach die Daten rechtm\u00e4\u00dfig, nach Treu und Glauben und in transparenter Weise gegen\u00fcber der betroffenen Person verarbeitet werden und den Zwecken, f\u00fcr die sie verarbeitet werden, entsprechen, daf\u00fcr erheblich sind und auf das Notwendige beschr\u00e4nkt sind.<\/span><\/p>\n<p><span style=\"font-size: 18px;\">Der VERANTWORTLICHE garantiert, dass er geeignete technische und organisatorische Ma\u00dfnahmen ergriffen hat, um die von der DSGVO und der LOPDGDD festgelegten Sicherheitsma\u00dfnahmen anzuwenden, um die Rechte und Freiheiten der BENUTZER zu sch\u00fctzen, und dass er ihnen die entsprechenden Informationen zur Verf\u00fcgung gestellt hat, damit sie diese aus\u00fcben k\u00f6nnen.<\/span><\/p>\n<p><span style=\"font-size: 18px;\">F\u00fcr weitere Informationen zum Datenschutz k\u00f6nnen Sie sich an die VERANTWORTLICHE PARTEI wenden unter <\/span><span style=\"font-size: 18px;\"><strong>HABITAT AOVE S.D.A.D COOP. ANDALUSIEN<\/strong>. POLIGONO INDUSTRIAL HACTARA CALLE B PARECELA 38, 18811 ZUJAR (Granada). E-Mail: <a href=\"mailto:INFO@HABITATAOVE.COM\">INFO@HABITATAOVE.COM<\/a><\/span><br \/>\n<span style=\"font-size: 18px;\">Kontaktangaben des Datenschutzbeauftragten: <\/span><\/p>\n<p><span style=\"font-size: 18px;\">CALLE JOS\u00c9 ARTES DE ARCOS No34 OFICINA T, 04004<\/span><br \/>\n<span style=\"font-size: 18px;\">ALMERIA - info@consultoriaeuropa.com<\/span><\/p>","protected":false},"excerpt":{"rendered":"<p>LEY DE LOS SERVICIOS DE LA SOCIEDAD DE LA INFORMACI\u00d3N (LSSI) 1. Informaci\u00f3n al usuario \u00bfQui\u00e9n es el responsable del tratamiento de tus datos personales? HABITAT AOVE S.D.A.D COOP. ANDALUZA\u00a0es el RESPONSABLE del tratamiento de los datos personales del USUARIO y le informa de que estos datos ser\u00e1n tratados de conformidad con lo dispuesto en [&hellip;]<\/p>\n","protected":false},"author":2,"featured_media":0,"parent":0,"menu_order":0,"comment_status":"closed","ping_status":"closed","template":"","meta":{"footnotes":""},"class_list":["post-888","page","type-page","status-publish","hentry"],"yoast_head":"<!-- This site is optimized with the Yoast SEO Premium plugin v25.7.1 (Yoast SEO v26.8) - https:\/\/yoast.com\/product\/yoast-seo-premium-wordpress\/ -->\n<title>Pol\u00edtica de Privacidad<\/title>\n<meta name=\"robots\" content=\"index, follow, max-snippet:-1, max-image-preview:large, max-video-preview:-1\" \/>\n<link rel=\"canonical\" href=\"https:\/\/habitataove.com\/de\/privacy-policy\/\" \/>\n<meta property=\"og:locale\" content=\"de_DE\" \/>\n<meta property=\"og:type\" content=\"article\" \/>\n<meta property=\"og:title\" content=\"Pol\u00edtica de Privacidad\" \/>\n<meta property=\"og:description\" content=\"LEY DE LOS SERVICIOS DE LA SOCIEDAD DE LA INFORMACI\u00d3N (LSSI) 1. Informaci\u00f3n al usuario \u00bfQui\u00e9n es el responsable del tratamiento de tus datos personales? HABITAT AOVE S.D.A.D COOP. ANDALUZA\u00a0es el RESPONSABLE del tratamiento de los datos personales del USUARIO y le informa de que estos datos ser\u00e1n tratados de conformidad con lo dispuesto en [&hellip;]\" \/>\n<meta property=\"og:url\" content=\"https:\/\/habitataove.com\/de\/privacy-policy\/\" \/>\n<meta property=\"og:site_name\" content=\"Habitat Aove\" \/>\n<meta property=\"article:publisher\" content=\"https:\/\/www.facebook.com\/habitataove\" \/>\n<meta property=\"article:modified_time\" content=\"2025-08-13T13:07:51+00:00\" \/>\n<meta property=\"og:image\" content=\"https:\/\/habitataove.com\/wp-content\/uploads\/2025\/06\/Lata-Renovada.jpg\" \/>\n\t<meta property=\"og:image:width\" content=\"2536\" \/>\n\t<meta property=\"og:image:height\" content=\"1691\" \/>\n\t<meta property=\"og:image:type\" content=\"image\/jpeg\" \/>\n<meta name=\"twitter:card\" content=\"summary_large_image\" \/>\n<meta name=\"twitter:label1\" content=\"Gesch\u00e4tzte Lesezeit\" \/>\n\t<meta name=\"twitter:data1\" content=\"4\u00a0Minuten\" \/>\n<script type=\"application\/ld+json\" class=\"yoast-schema-graph\">{\"@context\":\"https:\/\/schema.org\",\"@graph\":[{\"@type\":\"WebPage\",\"@id\":\"https:\/\/habitataove.com\/politica-de-privacidad\/\",\"url\":\"https:\/\/habitataove.com\/politica-de-privacidad\/\",\"name\":\"Pol\u00edtica de Privacidad\",\"isPartOf\":{\"@id\":\"https:\/\/habitataove.com\/#website\"},\"datePublished\":\"2021-12-27T08:31:35+00:00\",\"dateModified\":\"2025-08-13T13:07:51+00:00\",\"breadcrumb\":{\"@id\":\"https:\/\/habitataove.com\/politica-de-privacidad\/#breadcrumb\"},\"inLanguage\":\"de\",\"potentialAction\":[{\"@type\":\"ReadAction\",\"target\":[\"https:\/\/habitataove.com\/politica-de-privacidad\/\"]}]},{\"@type\":\"BreadcrumbList\",\"@id\":\"https:\/\/habitataove.com\/politica-de-privacidad\/#breadcrumb\",\"itemListElement\":[{\"@type\":\"ListItem\",\"position\":1,\"name\":\"Portada\",\"item\":\"https:\/\/habitataove.com\/\"},{\"@type\":\"ListItem\",\"position\":2,\"name\":\"Pol\u00edtica de Privacidad\"}]},{\"@type\":\"WebSite\",\"@id\":\"https:\/\/habitataove.com\/#website\",\"url\":\"https:\/\/habitataove.com\/\",\"name\":\"Habitat Aove Aceite procedente de agricultura Ecol\u00f3gica Regenerativa\",\"description\":\"Aceite de Oliva Virgen Extra Ecol\u00f3gico\",\"publisher\":{\"@id\":\"https:\/\/habitataove.com\/#organization\"},\"alternateName\":\"Habitat Aove Aceite\",\"potentialAction\":[{\"@type\":\"SearchAction\",\"target\":{\"@type\":\"EntryPoint\",\"urlTemplate\":\"https:\/\/habitataove.com\/?s={search_term_string}\"},\"query-input\":{\"@type\":\"PropertyValueSpecification\",\"valueRequired\":true,\"valueName\":\"search_term_string\"}}],\"inLanguage\":\"de\"},{\"@type\":\"Organization\",\"@id\":\"https:\/\/habitataove.com\/#organization\",\"name\":\"HABITAT AOVE S.D.A.D COOP. ANDALUZA\",\"alternateName\":\"HABITAT AOVE\",\"url\":\"https:\/\/habitataove.com\/\",\"logo\":{\"@type\":\"ImageObject\",\"inLanguage\":\"de\",\"@id\":\"https:\/\/habitataove.com\/#\/schema\/logo\/image\/\",\"url\":\"https:\/\/habitataove.com\/wp-content\/uploads\/2025\/06\/cropped-Verde.png\",\"contentUrl\":\"https:\/\/habitataove.com\/wp-content\/uploads\/2025\/06\/cropped-Verde.png\",\"width\":1333,\"height\":927,\"caption\":\"HABITAT AOVE S.D.A.D COOP. ANDALUZA\"},\"image\":{\"@id\":\"https:\/\/habitataove.com\/#\/schema\/logo\/image\/\"},\"sameAs\":[\"https:\/\/www.facebook.com\/habitataove\",\"https:\/\/www.instagram.com\/habitataove\/\"],\"description\":\"HABITAT es una cooperativa de peque\u00f1os productores de aceite que nace en el a\u00f1o 2019. Nace como un proyecto local dedicado al fomento de la agricultura ecol\u00f3gica regenerativa, para salvaguardar nuestro patrimonio natural, hist\u00f3rico y social. Uniendo los esfuerzos de los agricultores del territorio a trav\u00e9s de una Cooperativa de Aceite de Oliva Virgen Extra Ecol\u00f3gico.\",\"email\":\"sales@habitataove.com\",\"telephone\":\"+34 722 40 48 97\",\"legalName\":\"HABITAT AOVE S.D.A.D COOP. ANDALUZA\",\"foundingDate\":\"2019-01-01\",\"vatID\":\"F02739571\"}]}<\/script>\n<!-- \/ Yoast SEO Premium plugin. -->","yoast_head_json":{"title":"Datenschutzbestimmungen","robots":{"index":"index","follow":"follow","max-snippet":"max-snippet:-1","max-image-preview":"max-image-preview:large","max-video-preview":"max-video-preview:-1"},"canonical":"https:\/\/habitataove.com\/de\/privacy-policy\/","og_locale":"de_DE","og_type":"article","og_title":"Pol\u00edtica de Privacidad","og_description":"LEY DE LOS SERVICIOS DE LA SOCIEDAD DE LA INFORMACI\u00d3N (LSSI) 1. Informaci\u00f3n al usuario \u00bfQui\u00e9n es el responsable del tratamiento de tus datos personales? HABITAT AOVE S.D.A.D COOP. ANDALUZA\u00a0es el RESPONSABLE del tratamiento de los datos personales del USUARIO y le informa de que estos datos ser\u00e1n tratados de conformidad con lo dispuesto en [&hellip;]","og_url":"https:\/\/habitataove.com\/de\/privacy-policy\/","og_site_name":"Habitat Aove","article_publisher":"https:\/\/www.facebook.com\/habitataove","article_modified_time":"2025-08-13T13:07:51+00:00","og_image":[{"width":2536,"height":1691,"url":"https:\/\/habitataove.com\/wp-content\/uploads\/2025\/06\/Lata-Renovada.jpg","type":"image\/jpeg"}],"twitter_card":"summary_large_image","twitter_misc":{"Gesch\u00e4tzte Lesezeit":"4\u00a0Minuten"},"schema":{"@context":"https:\/\/schema.org","@graph":[{"@type":"WebPage","@id":"https:\/\/habitataove.com\/politica-de-privacidad\/","url":"https:\/\/habitataove.com\/politica-de-privacidad\/","name":"Datenschutzbestimmungen","isPartOf":{"@id":"https:\/\/habitataove.com\/#website"},"datePublished":"2021-12-27T08:31:35+00:00","dateModified":"2025-08-13T13:07:51+00:00","breadcrumb":{"@id":"https:\/\/habitataove.com\/politica-de-privacidad\/#breadcrumb"},"inLanguage":"de","potentialAction":[{"@type":"ReadAction","target":["https:\/\/habitataove.com\/politica-de-privacidad\/"]}]},{"@type":"BreadcrumbList","@id":"https:\/\/habitataove.com\/politica-de-privacidad\/#breadcrumb","itemListElement":[{"@type":"ListItem","position":1,"name":"Portada","item":"https:\/\/habitataove.com\/"},{"@type":"ListItem","position":2,"name":"Pol\u00edtica de Privacidad"}]},{"@type":"WebSite","@id":"https:\/\/habitataove.com\/#website","url":"https:\/\/habitataove.com\/","name":"Habitat Aove Oil aus regenerativem Bio-Anbau","description":"Natives Bio-Oliven\u00f6l Extra","publisher":{"@id":"https:\/\/habitataove.com\/#organization"},"alternateName":"Habitat Aove Aceite","potentialAction":[{"@type":"SearchAction","target":{"@type":"EntryPoint","urlTemplate":"https:\/\/habitataove.com\/?s={search_term_string}"},"query-input":{"@type":"PropertyValueSpecification","valueRequired":true,"valueName":"search_term_string"}}],"inLanguage":"de"},{"@type":"Organization","@id":"https:\/\/habitataove.com\/#organization","name":"HABITAT AOVE S.D.A.D COOP. ANDALUSIEN","alternateName":"HABITAT AOVE","url":"https:\/\/habitataove.com\/","logo":{"@type":"ImageObject","inLanguage":"de","@id":"https:\/\/habitataove.com\/#\/schema\/logo\/image\/","url":"https:\/\/habitataove.com\/wp-content\/uploads\/2025\/06\/cropped-Verde.png","contentUrl":"https:\/\/habitataove.com\/wp-content\/uploads\/2025\/06\/cropped-Verde.png","width":1333,"height":927,"caption":"HABITAT AOVE S.D.A.D COOP. ANDALUZA"},"image":{"@id":"https:\/\/habitataove.com\/#\/schema\/logo\/image\/"},"sameAs":["https:\/\/www.facebook.com\/habitataove","https:\/\/www.instagram.com\/habitataove\/"],"description":"HABITAT ist eine Genossenschaft kleiner \u00d6lproduzenten, die 2019 gegr\u00fcndet wurde. Sie entstand als lokales Projekt, das sich der F\u00f6rderung der regenerativen \u00f6kologischen Landwirtschaft widmet, um unser nat\u00fcrliches, historisches und soziales Erbe zu sch\u00fctzen. Sie vereint die Bem\u00fchungen der Landwirte des Gebiets durch eine Genossenschaft f\u00fcr biologisches Natives Oliven\u00f6l Extra.","email":"sales@habitataove.com","telephone":"+34 722 40 48 97","legalName":"HABITAT AOVE S.D.A.D COOP. ANDALUZA","foundingDate":"2019-01-01","vatID":"F02739571"}]}},"_links":{"self":[{"href":"https:\/\/habitataove.com\/de\/wp-json\/wp\/v2\/pages\/888","targetHints":{"allow":["GET"]}}],"collection":[{"href":"https:\/\/habitataove.com\/de\/wp-json\/wp\/v2\/pages"}],"about":[{"href":"https:\/\/habitataove.com\/de\/wp-json\/wp\/v2\/types\/page"}],"author":[{"embeddable":true,"href":"https:\/\/habitataove.com\/de\/wp-json\/wp\/v2\/users\/2"}],"replies":[{"embeddable":true,"href":"https:\/\/habitataove.com\/de\/wp-json\/wp\/v2\/comments?post=888"}],"version-history":[{"count":7,"href":"https:\/\/habitataove.com\/de\/wp-json\/wp\/v2\/pages\/888\/revisions"}],"predecessor-version":[{"id":3899,"href":"https:\/\/habitataove.com\/de\/wp-json\/wp\/v2\/pages\/888\/revisions\/3899"}],"wp:attachment":[{"href":"https:\/\/habitataove.com\/de\/wp-json\/wp\/v2\/media?parent=888"}],"curies":[{"name":"wp","href":"https:\/\/api.w.org\/{rel}","templated":true}]}}