{"id":877,"date":"2021-12-23T17:10:27","date_gmt":"2021-12-23T17:10:27","guid":{"rendered":"https:\/\/habitataove.com\/?page_id=877"},"modified":"2025-08-13T15:01:37","modified_gmt":"2025-08-13T13:01:37","slug":"aviso-legal","status":"publish","type":"page","link":"https:\/\/habitataove.com\/de\/rechtshinweis\/","title":{"rendered":"Rechtlicher Hinweis"},"content":{"rendered":"<h2 class=\"wp-block-heading\" id=\"h-aviso-legal\">Rechtlicher Hinweis<\/h2>\n\n\n<p style=\"text-align: center;\"><span style=\"font-size: 22px;\"><strong>GESETZ \u00dcBER DIENSTE DER INFORMATIONSGESELLSCHAFT (LSSI)<\/strong><\/span><\/p>\n<p><span style=\"font-size: 18px;\"><br \/>HABITAT AOVE S.D.A.D COOP. ANDALUZA, Verantwortlicher f\u00fcr die Website, im Folgenden VERANTWORTLICHER genannt, stellt den Nutzern dieses Dokument zur Verf\u00fcgung, mit dem er die im Gesetz 34\/2002 vom 11. Juli \u00fcber die Dienste der Informationsgesellschaft und den elektronischen Handel (LSSICE), BOE Nr. 166, festgelegten Verpflichtungen erf\u00fcllen und alle Nutzer der Website \u00fcber die Nutzungsbedingungen informieren m\u00f6chte. <\/span><\/p>\n<p><span style=\"font-size: 18px;\">Jede Person, die auf diese Website zugreift, \u00fcbernimmt die Rolle des Nutzers und verpflichtet sich zur Einhaltung und strikten Befolgung der hierin enthaltenen Bestimmungen sowie aller anderen m\u00f6glicherweise anwendbaren gesetzlichen Bestimmungen.<\/span><\/p>\n<p><span style=\"font-size: 18px;\"><br \/>HABITAT AOVE S.D.A.D COOP. ANDALUZA beh\u00e4lt sich das Recht vor, jede Art von Informationen, die auf der Website erscheinen k\u00f6nnen, zu \u00e4ndern, ohne dass eine Verpflichtung zur vorherigen Ank\u00fcndigung oder Information der Benutzer besteht, wobei die Ver\u00f6ffentlichung auf der Website von HABITAT AOVE S.D.A.D COOP. ANDALUZA.<\/span><\/p>\n<h3>1. die Identifizierung von Daten<\/h3>\n<p><span style=\"font-size: 18px;\">Dom\u00e4nenname: <a href=\"https:\/\/habitataove.com\/de\/\">habitatove.de<\/a><\/span><br \/><span style=\"font-size: 18px;\">Handelsname: HABITAT AOVE<\/span><br \/><span style=\"font-size: 18px;\">Name des Unternehmens: HABITAT AOVE S.D.A.D COOP. ANDALUSIEN<\/span><br \/><span style=\"font-size: 18px;\">MEHRWERTSTEUER-NR.: F02739571<\/span><br \/><span style=\"font-size: 18px;\">Firmensitz: POLIGONO INDUSTRIAL HACTARA CALLE B PARECELA 38, 18811 ZUJAR (Granada)<\/span><br \/><span style=\"font-size: 18px;\">Telefon: 623326706<\/span><br \/><span style=\"font-size: 18px;\">E-Mail: <a href=\"mailto:INFO@HABITATAOVE.COM\">INFO@HABITATAOVE.COM<\/a><\/span><\/p>\n<h3>2. Rechte an geistigem und gewerblichem Eigentum<\/h3>\n<p><span style=\"font-size: 18px;\">Die Website, einschlie\u00dflich, aber nicht beschr\u00e4nkt auf ihre Programmierung, Bearbeitung, Zusammenstellung und <\/span><span style=\"font-size: 18px;\">andere f\u00fcr den Betrieb notwendige Elemente, die Designs, Logos, Texte und\/oder Grafiken, sind <\/span><span style=\"font-size: 18px;\">Eigentum der VERANTWORTLICHEN PARTEI oder, falls zutreffend, lizenziert oder anderweitig ausdr\u00fccklich genehmigt durch <\/span><span style=\"font-size: 18px;\">die Autoren. Der gesamte Inhalt der Website ist gesetzlich gesch\u00fctzt. <\/span><span style=\"font-size: 18px;\">Rechte an geistigem und gewerblichem Eigentum, sowie in den entsprechenden \u00f6ffentlichen Registern eingetragen.<\/span><\/p>\n<p><span style=\"font-size: 18px;\">Ungeachtet des Zwecks, f\u00fcr den sie bestimmt waren, ist die vollst\u00e4ndige oder teilweise Vervielf\u00e4ltigung, die Verwendung, <\/span><span style=\"font-size: 18px;\">Verwertung, Vertrieb und Vermarktung, bedarf in jedem Fall der vorherigen schriftlichen Genehmigung durch <\/span><span style=\"font-size: 18px;\">von Seiten des VERANTWORTLICHEN. Jede nicht vorher genehmigte Nutzung gilt als Versto\u00df <\/span><span style=\"font-size: 18px;\">schwerwiegende Verletzung der geistigen oder gewerblichen Eigentumsrechte des Urhebers. <\/span><\/p>\n<p><span style=\"font-size: 18px;\">Der VERANTWORTLICHE erkennt die entsprechenden Rechte an geistigem und gewerblichem Eigentum zugunsten ihrer Eigent\u00fcmer an, und ihre blo\u00dfe Erw\u00e4hnung oder ihr Erscheinen auf der Website impliziert weder das Vorhandensein von Rechten oder Verantwortung an ihnen noch eine Bef\u00fcrwortung, Unterst\u00fctzung oder Empfehlung durch denselben.<\/span><\/p>\n<p><span style=\"font-size: 18px;\">Wenn Sie sich zu m\u00f6glichen Verletzungen von Rechten an geistigem oder gewerblichem Eigentum sowie zu Inhalten der Website \u00e4u\u00dfern m\u00f6chten, k\u00f6nnen Sie dies per E-Mail an INFO@HABITATAOVE.COM tun.<\/span><\/p>\n<h3>3. Befreiung von der Haftung<\/h3>\n<p><span style=\"font-size: 18px;\">Die VERANTWORTLICHE Partei ist von jeglicher Art von Verantwortung befreit, die sich aus den auf ihrer Website ver\u00f6ffentlichten Informationen ergibt, sofern sie keine tats\u00e4chliche Kenntnis davon hat, dass diese Informationen von einem Dritten au\u00dferhalb derselben manipuliert oder eingef\u00fchrt wurden, oder, falls dies der Fall ist, sie mit Sorgfalt vorgegangen ist, um die Daten zu entfernen oder den Zugang zu ihnen unm\u00f6glich zu machen.<\/span><\/p>\n<p><strong><span style=\"font-size: 18px;\">Verwendung von Cookies<\/span><\/strong><\/p>\n<p><span style=\"font-size: 18px;\">Diese Website kann technische Cookies (kleine Informationsdateien, die der Server an den Computer der Person sendet, die die Seite aufruft) verwenden, um bestimmte Funktionen auszuf\u00fchren, die als wesentlich f\u00fcr das korrekte Funktionieren und die Darstellung der Website angesehen werden. Die verwendeten Cookies sind in jedem Fall vor\u00fcbergehender Natur und dienen ausschlie\u00dflich dem Zweck, das Surfen effizienter zu gestalten, und verschwinden am Ende der Sitzung des Nutzers. In keinem Fall liefern diese Cookies selbst personenbezogene Daten, und sie werden auch nicht zum Sammeln solcher Daten verwendet.<\/span><\/p>\n<p><span style=\"font-size: 18px;\">Durch die Verwendung von Cookies ist es dem Server, auf dem sich die Website befindet, auch m\u00f6glich, den vom Nutzer verwendeten Browser zu erkennen, um das Surfen zu erleichtern und es beispielsweise Nutzern, die sich zuvor registriert haben, zu erm\u00f6glichen, auf Bereiche, Dienste, Aktionen oder Wettbewerbe zuzugreifen, die ausschlie\u00dflich ihnen vorbehalten sind, ohne sich bei jedem Besuch erneut registrieren zu m\u00fcssen.<\/span><\/p>\n<p><span style=\"font-size: 18px;\">Sie k\u00f6nnen auch zur Messung des Publikums, der Verkehrsparameter, der Kontrolle des Fortschritts und der Anzahl der Eintr\u00e4ge usw. verwendet werden, wobei es sich in diesen F\u00e4llen um technisch entbehrliche, aber f\u00fcr den Nutzer n\u00fctzliche Cookies handelt. Diese Website installiert keine entbehrlichen Cookies ohne die vorherige Zustimmung des Nutzers.<\/span><\/p>\n<p><span style=\"font-size: 18px;\">Der Nutzer hat die M\u00f6glichkeit, seinen Browser so zu konfigurieren, dass er vor dem Empfang von Cookies gewarnt wird und deren Installation auf seinem Computer verhindert. Bitte konsultieren Sie die Anweisungen Ihres Browsers f\u00fcr weitere Informationen.<\/span><\/p>\n<p><strong><span style=\"font-size: 18px;\">Verkn\u00fcpfungspolitik<\/span><\/strong><\/p>\n<p><span style=\"font-size: 18px;\">Von der Website aus ist es m\u00f6glich, dass Sie zu Inhalten von Websites Dritter weitergeleitet werden. Da der VERANTWORTLICHE die Inhalte, die von Dritten auf deren jeweiligen Websites eingestellt werden, nicht immer kontrollieren kann, \u00fcbernimmt er keinerlei Verantwortung f\u00fcr diese Inhalte. In jedem Fall wird der VERANTWORTLICHE jeden Inhalt, der gegen die nationale oder internationale Gesetzgebung, die Moral oder die \u00f6ffentliche Ordnung versto\u00dfen k\u00f6nnte, unverz\u00fcglich entfernen und die Weiterleitung zu dieser Website sofort aufheben und die zust\u00e4ndigen Beh\u00f6rden \u00fcber den fraglichen Inhalt informieren.<\/span><\/p>\n<p><span style=\"font-size: 18px;\">Der VERANTWORTLICHE ist nicht verantwortlich f\u00fcr die Informationen und Inhalte, die in Foren, Chats, Bloggeneratoren, Kommentaren, sozialen Netzwerken oder anderen Medien gespeichert werden, die es Dritten erm\u00f6glichen, Inhalte unabh\u00e4ngig auf der Website des VERANTWORTLICHEN zu ver\u00f6ffentlichen. In \u00dcbereinstimmung mit den Bestimmungen der Artikel 11 und 16 des LSSICE stellt er sich jedoch allen Nutzern, Beh\u00f6rden und Sicherheitskr\u00e4ften zur Verf\u00fcgung, um aktiv an der Entfernung oder gegebenenfalls Sperrung aller Inhalte mitzuwirken, die die nationale oder internationale Gesetzgebung, die Rechte Dritter oder die Moral und die \u00f6ffentliche Ordnung beeintr\u00e4chtigen oder verletzen k\u00f6nnten. Sollte der Nutzer der Ansicht sein, dass sich auf der Website Inhalte befinden, die f\u00fcr diese Einstufung in Frage kommen k\u00f6nnten, ist der Administrator der Website unverz\u00fcglich zu benachrichtigen.<\/span><\/p>\n<p><span style=\"font-size: 18px;\">Diese Website wurde gepr\u00fcft und getestet, um sicherzustellen, dass sie korrekt funktioniert. Im Prinzip kann ihr einwandfreies Funktionieren an 365 Tagen im Jahr und 24 Stunden am Tag garantiert werden. Die VERANTWORTLICHE PARTEI schlie\u00dft jedoch die M\u00f6glichkeit bestimmter Programmierfehler oder das Auftreten von h\u00f6herer Gewalt, Naturkatastrophen, Streiks oder \u00e4hnlichen Umst\u00e4nden, die den Zugang zur Website unm\u00f6glich machen, nicht aus.<\/span><\/p>\n<p><strong><span style=\"font-size: 18px;\">IP-Adressen<\/span><\/strong><\/p>\n<p><span style=\"font-size: 18px;\">Die Server der Website sind in der Lage, die vom Nutzer verwendete IP-Adresse und den Dom\u00e4nennamen automatisch zu erkennen. Eine IP-Adresse ist eine Nummer, die einem Computer automatisch zugewiesen wird, wenn er sich mit dem Internet verbindet. Alle diese Informationen werden in einer Server-Aktivit\u00e4tsdatei gespeichert, die eine sp\u00e4tere Verarbeitung der Daten erm\u00f6glicht, um rein statistische Messungen zu erhalten, die es erm\u00f6glichen, die Anzahl der Seitenaufrufe, die Anzahl der Besuche auf den Webservern, die Reihenfolge der Besuche, den Zugangspunkt usw. zu ermitteln.<\/span><\/p>\n<h3>4. Anwendbares Recht und Gerichtsbarkeit<\/h3>\n<p><span style=\"font-size: 18px;\">F\u00fcr die Beilegung aller Streitigkeiten oder Fragen im Zusammenhang mit dieser Website oder den darin durchgef\u00fchrten Aktivit\u00e4ten gilt die spanische Gesetzgebung, der sich die Parteien ausdr\u00fccklich unterwerfen, und die Gerichte am Wohnsitz des BENUTZERS oder am Ort der Erf\u00fcllung der Verpflichtung sind f\u00fcr die Beilegung aller Streitigkeiten zust\u00e4ndig, die sich aus der Nutzung dieser Website ergeben oder damit zusammenh\u00e4ngen.<\/span><\/p>","protected":false},"excerpt":{"rendered":"<p>Aviso Legal LEY DE LOS SERVICIOS DE LA SOCIEDAD DE LA INFORMACI\u00d3N (LSSI) HABITAT AOVE S.D.A.D COOP. ANDALUZA, responsable del sitio web, en adelante RESPONSABLE, pone a disposici\u00f3n de los usuarios el presente documento, con el que pretende dar cumplimiento a las obligaciones dispuestas en la Ley 34\/2002, de 11 de julio, de Servicios de [&hellip;]<\/p>\n","protected":false},"author":2,"featured_media":0,"parent":0,"menu_order":0,"comment_status":"closed","ping_status":"closed","template":"","meta":{"footnotes":""},"class_list":["post-877","page","type-page","status-publish","hentry"],"yoast_head":"<!-- This site is optimized with the Yoast SEO Premium plugin v25.7.1 (Yoast SEO v26.8) - https:\/\/yoast.com\/product\/yoast-seo-premium-wordpress\/ -->\n<title>Aviso Legal<\/title>\n<meta name=\"robots\" content=\"index, follow, max-snippet:-1, max-image-preview:large, max-video-preview:-1\" \/>\n<link rel=\"canonical\" href=\"https:\/\/habitataove.com\/de\/rechtshinweis\/\" \/>\n<meta property=\"og:locale\" content=\"de_DE\" \/>\n<meta property=\"og:type\" content=\"article\" \/>\n<meta property=\"og:title\" content=\"Aviso Legal\" \/>\n<meta property=\"og:description\" content=\"Aviso Legal LEY DE LOS SERVICIOS DE LA SOCIEDAD DE LA INFORMACI\u00d3N (LSSI) HABITAT AOVE S.D.A.D COOP. ANDALUZA, responsable del sitio web, en adelante RESPONSABLE, pone a disposici\u00f3n de los usuarios el presente documento, con el que pretende dar cumplimiento a las obligaciones dispuestas en la Ley 34\/2002, de 11 de julio, de Servicios de [&hellip;]\" \/>\n<meta property=\"og:url\" content=\"https:\/\/habitataove.com\/de\/rechtshinweis\/\" \/>\n<meta property=\"og:site_name\" content=\"Habitat Aove\" \/>\n<meta property=\"article:publisher\" content=\"https:\/\/www.facebook.com\/habitataove\" \/>\n<meta property=\"article:modified_time\" content=\"2025-08-13T13:01:37+00:00\" \/>\n<meta property=\"og:image\" content=\"https:\/\/habitataove.com\/wp-content\/uploads\/2025\/06\/Lata-Renovada.jpg\" \/>\n\t<meta property=\"og:image:width\" content=\"2536\" \/>\n\t<meta property=\"og:image:height\" content=\"1691\" \/>\n\t<meta property=\"og:image:type\" content=\"image\/jpeg\" \/>\n<meta name=\"twitter:card\" content=\"summary_large_image\" \/>\n<meta name=\"twitter:label1\" content=\"Gesch\u00e4tzte Lesezeit\" \/>\n\t<meta name=\"twitter:data1\" content=\"6\u00a0Minuten\" \/>\n<script type=\"application\/ld+json\" class=\"yoast-schema-graph\">{\"@context\":\"https:\/\/schema.org\",\"@graph\":[{\"@type\":\"WebPage\",\"@id\":\"https:\/\/habitataove.com\/aviso-legal\/\",\"url\":\"https:\/\/habitataove.com\/aviso-legal\/\",\"name\":\"Aviso Legal\",\"isPartOf\":{\"@id\":\"https:\/\/habitataove.com\/#website\"},\"datePublished\":\"2021-12-23T17:10:27+00:00\",\"dateModified\":\"2025-08-13T13:01:37+00:00\",\"breadcrumb\":{\"@id\":\"https:\/\/habitataove.com\/aviso-legal\/#breadcrumb\"},\"inLanguage\":\"de\",\"potentialAction\":[{\"@type\":\"ReadAction\",\"target\":[\"https:\/\/habitataove.com\/aviso-legal\/\"]}]},{\"@type\":\"BreadcrumbList\",\"@id\":\"https:\/\/habitataove.com\/aviso-legal\/#breadcrumb\",\"itemListElement\":[{\"@type\":\"ListItem\",\"position\":1,\"name\":\"Portada\",\"item\":\"https:\/\/habitataove.com\/\"},{\"@type\":\"ListItem\",\"position\":2,\"name\":\"Aviso Legal\"}]},{\"@type\":\"WebSite\",\"@id\":\"https:\/\/habitataove.com\/#website\",\"url\":\"https:\/\/habitataove.com\/\",\"name\":\"Habitat Aove Aceite procedente de agricultura Ecol\u00f3gica Regenerativa\",\"description\":\"Aceite de Oliva Virgen Extra Ecol\u00f3gico\",\"publisher\":{\"@id\":\"https:\/\/habitataove.com\/#organization\"},\"alternateName\":\"Habitat Aove Aceite\",\"potentialAction\":[{\"@type\":\"SearchAction\",\"target\":{\"@type\":\"EntryPoint\",\"urlTemplate\":\"https:\/\/habitataove.com\/?s={search_term_string}\"},\"query-input\":{\"@type\":\"PropertyValueSpecification\",\"valueRequired\":true,\"valueName\":\"search_term_string\"}}],\"inLanguage\":\"de\"},{\"@type\":\"Organization\",\"@id\":\"https:\/\/habitataove.com\/#organization\",\"name\":\"HABITAT AOVE S.D.A.D COOP. ANDALUZA\",\"alternateName\":\"HABITAT AOVE\",\"url\":\"https:\/\/habitataove.com\/\",\"logo\":{\"@type\":\"ImageObject\",\"inLanguage\":\"de\",\"@id\":\"https:\/\/habitataove.com\/#\/schema\/logo\/image\/\",\"url\":\"https:\/\/habitataove.com\/wp-content\/uploads\/2025\/06\/cropped-Verde.png\",\"contentUrl\":\"https:\/\/habitataove.com\/wp-content\/uploads\/2025\/06\/cropped-Verde.png\",\"width\":1333,\"height\":927,\"caption\":\"HABITAT AOVE S.D.A.D COOP. ANDALUZA\"},\"image\":{\"@id\":\"https:\/\/habitataove.com\/#\/schema\/logo\/image\/\"},\"sameAs\":[\"https:\/\/www.facebook.com\/habitataove\",\"https:\/\/www.instagram.com\/habitataove\/\"],\"description\":\"HABITAT es una cooperativa de peque\u00f1os productores de aceite que nace en el a\u00f1o 2019. Nace como un proyecto local dedicado al fomento de la agricultura ecol\u00f3gica regenerativa, para salvaguardar nuestro patrimonio natural, hist\u00f3rico y social. Uniendo los esfuerzos de los agricultores del territorio a trav\u00e9s de una Cooperativa de Aceite de Oliva Virgen Extra Ecol\u00f3gico.\",\"email\":\"sales@habitataove.com\",\"telephone\":\"+34 722 40 48 97\",\"legalName\":\"HABITAT AOVE S.D.A.D COOP. ANDALUZA\",\"foundingDate\":\"2019-01-01\",\"vatID\":\"F02739571\"}]}<\/script>\n<!-- \/ Yoast SEO Premium plugin. -->","yoast_head_json":{"title":"Rechtlicher Hinweis","robots":{"index":"index","follow":"follow","max-snippet":"max-snippet:-1","max-image-preview":"max-image-preview:large","max-video-preview":"max-video-preview:-1"},"canonical":"https:\/\/habitataove.com\/de\/rechtshinweis\/","og_locale":"de_DE","og_type":"article","og_title":"Aviso Legal","og_description":"Aviso Legal LEY DE LOS SERVICIOS DE LA SOCIEDAD DE LA INFORMACI\u00d3N (LSSI) HABITAT AOVE S.D.A.D COOP. ANDALUZA, responsable del sitio web, en adelante RESPONSABLE, pone a disposici\u00f3n de los usuarios el presente documento, con el que pretende dar cumplimiento a las obligaciones dispuestas en la Ley 34\/2002, de 11 de julio, de Servicios de [&hellip;]","og_url":"https:\/\/habitataove.com\/de\/rechtshinweis\/","og_site_name":"Habitat Aove","article_publisher":"https:\/\/www.facebook.com\/habitataove","article_modified_time":"2025-08-13T13:01:37+00:00","og_image":[{"width":2536,"height":1691,"url":"https:\/\/habitataove.com\/wp-content\/uploads\/2025\/06\/Lata-Renovada.jpg","type":"image\/jpeg"}],"twitter_card":"summary_large_image","twitter_misc":{"Gesch\u00e4tzte Lesezeit":"6\u00a0Minuten"},"schema":{"@context":"https:\/\/schema.org","@graph":[{"@type":"WebPage","@id":"https:\/\/habitataove.com\/aviso-legal\/","url":"https:\/\/habitataove.com\/aviso-legal\/","name":"Rechtlicher Hinweis","isPartOf":{"@id":"https:\/\/habitataove.com\/#website"},"datePublished":"2021-12-23T17:10:27+00:00","dateModified":"2025-08-13T13:01:37+00:00","breadcrumb":{"@id":"https:\/\/habitataove.com\/aviso-legal\/#breadcrumb"},"inLanguage":"de","potentialAction":[{"@type":"ReadAction","target":["https:\/\/habitataove.com\/aviso-legal\/"]}]},{"@type":"BreadcrumbList","@id":"https:\/\/habitataove.com\/aviso-legal\/#breadcrumb","itemListElement":[{"@type":"ListItem","position":1,"name":"Portada","item":"https:\/\/habitataove.com\/"},{"@type":"ListItem","position":2,"name":"Aviso Legal"}]},{"@type":"WebSite","@id":"https:\/\/habitataove.com\/#website","url":"https:\/\/habitataove.com\/","name":"Habitat Aove Oil aus regenerativem Bio-Anbau","description":"Natives Bio-Oliven\u00f6l Extra","publisher":{"@id":"https:\/\/habitataove.com\/#organization"},"alternateName":"Habitat Aove Aceite","potentialAction":[{"@type":"SearchAction","target":{"@type":"EntryPoint","urlTemplate":"https:\/\/habitataove.com\/?s={search_term_string}"},"query-input":{"@type":"PropertyValueSpecification","valueRequired":true,"valueName":"search_term_string"}}],"inLanguage":"de"},{"@type":"Organization","@id":"https:\/\/habitataove.com\/#organization","name":"HABITAT AOVE S.D.A.D COOP. ANDALUSIEN","alternateName":"HABITAT AOVE","url":"https:\/\/habitataove.com\/","logo":{"@type":"ImageObject","inLanguage":"de","@id":"https:\/\/habitataove.com\/#\/schema\/logo\/image\/","url":"https:\/\/habitataove.com\/wp-content\/uploads\/2025\/06\/cropped-Verde.png","contentUrl":"https:\/\/habitataove.com\/wp-content\/uploads\/2025\/06\/cropped-Verde.png","width":1333,"height":927,"caption":"HABITAT AOVE S.D.A.D COOP. ANDALUZA"},"image":{"@id":"https:\/\/habitataove.com\/#\/schema\/logo\/image\/"},"sameAs":["https:\/\/www.facebook.com\/habitataove","https:\/\/www.instagram.com\/habitataove\/"],"description":"HABITAT ist eine Genossenschaft kleiner \u00d6lproduzenten, die 2019 gegr\u00fcndet wurde. Sie entstand als lokales Projekt, das sich der F\u00f6rderung der regenerativen \u00f6kologischen Landwirtschaft widmet, um unser nat\u00fcrliches, historisches und soziales Erbe zu sch\u00fctzen. Sie vereint die Bem\u00fchungen der Landwirte des Gebiets durch eine Genossenschaft f\u00fcr biologisches Natives Oliven\u00f6l Extra.","email":"sales@habitataove.com","telephone":"+34 722 40 48 97","legalName":"HABITAT AOVE S.D.A.D COOP. ANDALUZA","foundingDate":"2019-01-01","vatID":"F02739571"}]}},"_links":{"self":[{"href":"https:\/\/habitataove.com\/de\/wp-json\/wp\/v2\/pages\/877","targetHints":{"allow":["GET"]}}],"collection":[{"href":"https:\/\/habitataove.com\/de\/wp-json\/wp\/v2\/pages"}],"about":[{"href":"https:\/\/habitataove.com\/de\/wp-json\/wp\/v2\/types\/page"}],"author":[{"embeddable":true,"href":"https:\/\/habitataove.com\/de\/wp-json\/wp\/v2\/users\/2"}],"replies":[{"embeddable":true,"href":"https:\/\/habitataove.com\/de\/wp-json\/wp\/v2\/comments?post=877"}],"version-history":[{"count":14,"href":"https:\/\/habitataove.com\/de\/wp-json\/wp\/v2\/pages\/877\/revisions"}],"predecessor-version":[{"id":3894,"href":"https:\/\/habitataove.com\/de\/wp-json\/wp\/v2\/pages\/877\/revisions\/3894"}],"wp:attachment":[{"href":"https:\/\/habitataove.com\/de\/wp-json\/wp\/v2\/media?parent=877"}],"curies":[{"name":"wp","href":"https:\/\/api.w.org\/{rel}","templated":true}]}}