{"id":11,"date":"2021-11-10T08:52:31","date_gmt":"2021-11-10T08:52:31","guid":{"rendered":"https:\/\/habitataove.com\/traspaso\/my-account\/"},"modified":"2025-08-13T12:58:15","modified_gmt":"2025-08-13T10:58:15","slug":"mi-cuenta","status":"publish","type":"page","link":"https:\/\/habitataove.com\/de\/mein-konto\/","title":{"rendered":"Mein Konto"},"content":{"rendered":"<div class=\"woocommerce\"><\/div>","protected":false},"excerpt":{"rendered":"","protected":false},"author":2,"featured_media":0,"parent":0,"menu_order":0,"comment_status":"closed","ping_status":"closed","template":"","meta":{"footnotes":""},"class_list":["post-11","page","type-page","status-publish","hentry"],"yoast_head":"<!-- This site is optimized with the Yoast SEO Premium plugin v25.7.1 (Yoast SEO v26.8) - https:\/\/yoast.com\/product\/yoast-seo-premium-wordpress\/ -->\n<title>Cuenta de usuario<\/title>\n<meta name=\"robots\" content=\"index, follow, max-snippet:-1, max-image-preview:large, max-video-preview:-1\" \/>\n<link rel=\"canonical\" href=\"https:\/\/habitataove.com\/de\/mein-konto\/\" \/>\n<meta property=\"og:locale\" content=\"de_DE\" \/>\n<meta property=\"og:type\" content=\"article\" \/>\n<meta property=\"og:title\" content=\"Mi Cuenta\" \/>\n<meta property=\"og:url\" content=\"https:\/\/habitataove.com\/de\/mein-konto\/\" \/>\n<meta property=\"og:site_name\" content=\"Habitat Aove\" \/>\n<meta property=\"article:publisher\" content=\"https:\/\/www.facebook.com\/habitataove\" \/>\n<meta property=\"article:modified_time\" content=\"2025-08-13T10:58:15+00:00\" \/>\n<meta property=\"og:image\" content=\"https:\/\/habitataove.com\/wp-content\/uploads\/2025\/06\/Lata-Renovada.jpg\" \/>\n\t<meta property=\"og:image:width\" content=\"2536\" \/>\n\t<meta property=\"og:image:height\" content=\"1691\" \/>\n\t<meta property=\"og:image:type\" content=\"image\/jpeg\" \/>\n<meta name=\"twitter:card\" content=\"summary_large_image\" \/>\n<script type=\"application\/ld+json\" class=\"yoast-schema-graph\">{\"@context\":\"https:\/\/schema.org\",\"@graph\":[{\"@type\":\"WebPage\",\"@id\":\"https:\/\/habitataove.com\/mi-cuenta\/\",\"url\":\"https:\/\/habitataove.com\/mi-cuenta\/\",\"name\":\"Cuenta de usuario\",\"isPartOf\":{\"@id\":\"https:\/\/habitataove.com\/#website\"},\"datePublished\":\"2021-11-10T08:52:31+00:00\",\"dateModified\":\"2025-08-13T10:58:15+00:00\",\"breadcrumb\":{\"@id\":\"https:\/\/habitataove.com\/mi-cuenta\/#breadcrumb\"},\"inLanguage\":\"de\",\"potentialAction\":[{\"@type\":\"ReadAction\",\"target\":[\"https:\/\/habitataove.com\/mi-cuenta\/\"]}]},{\"@type\":\"BreadcrumbList\",\"@id\":\"https:\/\/habitataove.com\/mi-cuenta\/#breadcrumb\",\"itemListElement\":[{\"@type\":\"ListItem\",\"position\":1,\"name\":\"Portada\",\"item\":\"https:\/\/habitataove.com\/\"},{\"@type\":\"ListItem\",\"position\":2,\"name\":\"Mi Cuenta\"}]},{\"@type\":\"WebSite\",\"@id\":\"https:\/\/habitataove.com\/#website\",\"url\":\"https:\/\/habitataove.com\/\",\"name\":\"Habitat Aove Aceite procedente de agricultura Ecol\u00f3gica Regenerativa\",\"description\":\"Aceite de Oliva Virgen Extra Ecol\u00f3gico\",\"publisher\":{\"@id\":\"https:\/\/habitataove.com\/#organization\"},\"alternateName\":\"Habitat Aove Aceite\",\"potentialAction\":[{\"@type\":\"SearchAction\",\"target\":{\"@type\":\"EntryPoint\",\"urlTemplate\":\"https:\/\/habitataove.com\/?s={search_term_string}\"},\"query-input\":{\"@type\":\"PropertyValueSpecification\",\"valueRequired\":true,\"valueName\":\"search_term_string\"}}],\"inLanguage\":\"de\"},{\"@type\":\"Organization\",\"@id\":\"https:\/\/habitataove.com\/#organization\",\"name\":\"HABITAT AOVE S.D.A.D COOP. ANDALUZA\",\"alternateName\":\"HABITAT AOVE\",\"url\":\"https:\/\/habitataove.com\/\",\"logo\":{\"@type\":\"ImageObject\",\"inLanguage\":\"de\",\"@id\":\"https:\/\/habitataove.com\/#\/schema\/logo\/image\/\",\"url\":\"https:\/\/habitataove.com\/wp-content\/uploads\/2025\/06\/cropped-Verde.png\",\"contentUrl\":\"https:\/\/habitataove.com\/wp-content\/uploads\/2025\/06\/cropped-Verde.png\",\"width\":1333,\"height\":927,\"caption\":\"HABITAT AOVE S.D.A.D COOP. ANDALUZA\"},\"image\":{\"@id\":\"https:\/\/habitataove.com\/#\/schema\/logo\/image\/\"},\"sameAs\":[\"https:\/\/www.facebook.com\/habitataove\",\"https:\/\/www.instagram.com\/habitataove\/\"],\"description\":\"HABITAT es una cooperativa de peque\u00f1os productores de aceite que nace en el a\u00f1o 2019. Nace como un proyecto local dedicado al fomento de la agricultura ecol\u00f3gica regenerativa, para salvaguardar nuestro patrimonio natural, hist\u00f3rico y social. Uniendo los esfuerzos de los agricultores del territorio a trav\u00e9s de una Cooperativa de Aceite de Oliva Virgen Extra Ecol\u00f3gico.\",\"email\":\"sales@habitataove.com\",\"telephone\":\"+34 722 40 48 97\",\"legalName\":\"HABITAT AOVE S.D.A.D COOP. ANDALUZA\",\"foundingDate\":\"2019-01-01\",\"vatID\":\"F02739571\"}]}<\/script>\n<!-- \/ Yoast SEO Premium plugin. -->","yoast_head_json":{"title":"Benutzerkonto","robots":{"index":"index","follow":"follow","max-snippet":"max-snippet:-1","max-image-preview":"max-image-preview:large","max-video-preview":"max-video-preview:-1"},"canonical":"https:\/\/habitataove.com\/de\/mein-konto\/","og_locale":"de_DE","og_type":"article","og_title":"Mi Cuenta","og_url":"https:\/\/habitataove.com\/de\/mein-konto\/","og_site_name":"Habitat Aove","article_publisher":"https:\/\/www.facebook.com\/habitataove","article_modified_time":"2025-08-13T10:58:15+00:00","og_image":[{"width":2536,"height":1691,"url":"https:\/\/habitataove.com\/wp-content\/uploads\/2025\/06\/Lata-Renovada.jpg","type":"image\/jpeg"}],"twitter_card":"summary_large_image","schema":{"@context":"https:\/\/schema.org","@graph":[{"@type":"WebPage","@id":"https:\/\/habitataove.com\/mi-cuenta\/","url":"https:\/\/habitataove.com\/mi-cuenta\/","name":"Benutzerkonto","isPartOf":{"@id":"https:\/\/habitataove.com\/#website"},"datePublished":"2021-11-10T08:52:31+00:00","dateModified":"2025-08-13T10:58:15+00:00","breadcrumb":{"@id":"https:\/\/habitataove.com\/mi-cuenta\/#breadcrumb"},"inLanguage":"de","potentialAction":[{"@type":"ReadAction","target":["https:\/\/habitataove.com\/mi-cuenta\/"]}]},{"@type":"BreadcrumbList","@id":"https:\/\/habitataove.com\/mi-cuenta\/#breadcrumb","itemListElement":[{"@type":"ListItem","position":1,"name":"Portada","item":"https:\/\/habitataove.com\/"},{"@type":"ListItem","position":2,"name":"Mi Cuenta"}]},{"@type":"WebSite","@id":"https:\/\/habitataove.com\/#website","url":"https:\/\/habitataove.com\/","name":"Habitat Aove Oil aus regenerativem Bio-Anbau","description":"Natives Bio-Oliven\u00f6l Extra","publisher":{"@id":"https:\/\/habitataove.com\/#organization"},"alternateName":"Habitat Aove Aceite","potentialAction":[{"@type":"SearchAction","target":{"@type":"EntryPoint","urlTemplate":"https:\/\/habitataove.com\/?s={search_term_string}"},"query-input":{"@type":"PropertyValueSpecification","valueRequired":true,"valueName":"search_term_string"}}],"inLanguage":"de"},{"@type":"Organization","@id":"https:\/\/habitataove.com\/#organization","name":"HABITAT AOVE S.D.A.D COOP. ANDALUSIEN","alternateName":"HABITAT AOVE","url":"https:\/\/habitataove.com\/","logo":{"@type":"ImageObject","inLanguage":"de","@id":"https:\/\/habitataove.com\/#\/schema\/logo\/image\/","url":"https:\/\/habitataove.com\/wp-content\/uploads\/2025\/06\/cropped-Verde.png","contentUrl":"https:\/\/habitataove.com\/wp-content\/uploads\/2025\/06\/cropped-Verde.png","width":1333,"height":927,"caption":"HABITAT AOVE S.D.A.D COOP. ANDALUZA"},"image":{"@id":"https:\/\/habitataove.com\/#\/schema\/logo\/image\/"},"sameAs":["https:\/\/www.facebook.com\/habitataove","https:\/\/www.instagram.com\/habitataove\/"],"description":"HABITAT ist eine Genossenschaft kleiner \u00d6lproduzenten, die 2019 gegr\u00fcndet wurde. Sie entstand als lokales Projekt, das sich der F\u00f6rderung der regenerativen \u00f6kologischen Landwirtschaft widmet, um unser nat\u00fcrliches, historisches und soziales Erbe zu sch\u00fctzen. Sie vereint die Bem\u00fchungen der Landwirte des Gebiets durch eine Genossenschaft f\u00fcr biologisches Natives Oliven\u00f6l Extra.","email":"sales@habitataove.com","telephone":"+34 722 40 48 97","legalName":"HABITAT AOVE S.D.A.D COOP. ANDALUZA","foundingDate":"2019-01-01","vatID":"F02739571"}]}},"_links":{"self":[{"href":"https:\/\/habitataove.com\/de\/wp-json\/wp\/v2\/pages\/11","targetHints":{"allow":["GET"]}}],"collection":[{"href":"https:\/\/habitataove.com\/de\/wp-json\/wp\/v2\/pages"}],"about":[{"href":"https:\/\/habitataove.com\/de\/wp-json\/wp\/v2\/types\/page"}],"author":[{"embeddable":true,"href":"https:\/\/habitataove.com\/de\/wp-json\/wp\/v2\/users\/2"}],"replies":[{"embeddable":true,"href":"https:\/\/habitataove.com\/de\/wp-json\/wp\/v2\/comments?post=11"}],"version-history":[{"count":2,"href":"https:\/\/habitataove.com\/de\/wp-json\/wp\/v2\/pages\/11\/revisions"}],"predecessor-version":[{"id":993,"href":"https:\/\/habitataove.com\/de\/wp-json\/wp\/v2\/pages\/11\/revisions\/993"}],"wp:attachment":[{"href":"https:\/\/habitataove.com\/de\/wp-json\/wp\/v2\/media?parent=11"}],"curies":[{"name":"wp","href":"https:\/\/api.w.org\/{rel}","templated":true}]}}